{"id":278325,"date":"2025-03-07T17:59:41","date_gmt":"2025-03-21T10:05:03","guid":{"rendered":"https:\/\/staging.nbg.eu\/product\/sellier-bellot-40sw-fmj-11-7g-180gr\/"},"modified":"2025-03-21T10:07:16","modified_gmt":"2025-03-21T10:07:16","slug":"sellier-bellot-40sw-fmj-117g-180gr","status":"publish","type":"product","link":"https:\/\/staging.nbg.eu\/pt-pt\/produto\/sellier-bellot-40sw-fmj-117g-180gr\/","title":{"rendered":"Sellier &#038; Bellot &#8211; 40S&#038;W FMJ &#8211; 11.7g \/ 180gr"},"content":{"rendered":"<p>A muni\u00e7\u00e3o Sellier &amp; Bellot 40S&amp;W Full Metal Jacket \u00e9 uma op\u00e7\u00e3o para tiro ao alvo e pr\u00e1tica. Cada cartucho possui um proj\u00e9til FMJ de 180 grains, oferecendo desempenho e alimenta\u00e7\u00e3o confi\u00e1vel em sua pistola .40 S&amp;W.<\/p>\n<ul>\n<li>Calibre: .40 S&amp;W<\/li>\n<li>Peso do proj\u00e9til: 180 grains (11,7g)<\/li>\n<li>Tipo de proj\u00e9til: Full Metal Jacket (FMJ)<\/li>\n<li>Velocidade na boca: 968 FPS<\/li>\n<li>Energia na boca: 400 ft-lbs<\/li>\n<li>Estojo: Lat\u00e3o<\/li>\n<\/ul>\n<p>Esta muni\u00e7\u00e3o vem em caixas de 50 cartuchos, com 20 caixas por embalagem. O estojo de lat\u00e3o garante ciclagem e permite recarga. Com velocidade de 940 fps, estes cartuchos oferecem desempenho para tiro ao alvo e pr\u00e1tica. A Sellier &amp; Bellot fornece muni\u00e7\u00e3o para sua arma .40 S&amp;W.<\/p>\n","protected":false},"excerpt":{"rendered":"<p>Muni\u00e7\u00e3o 40 S&amp;W 180gr FMJ para tiro recreativo. Estojo de lat\u00e3o, 295 m\/s, 50 cartuchos\/caixa.<\/p>\n","protected":false},"featured_media":248754,"template":"","meta":{"_acf_changed":false},"product_brand":[],"product_cat":[1481,3038],"product_tag":[],"class_list":{"0":"post-278325","1":"product","2":"type-product","3":"status-publish","4":"has-post-thumbnail","6":"product_cat-ammunition-pt-pt","7":"product_cat-pistol-ammunition-pt-pt","9":"first","10":"instock","11":"taxable","12":"shipping-taxable","13":"purchasable","14":"product-type-simple"},"acf":[],"_links":{"self":[{"href":"https:\/\/staging.nbg.eu\/pt-pt\/wp-json\/wp\/v2\/product\/278325","targetHints":{"allow":["GET"]}}],"collection":[{"href":"https:\/\/staging.nbg.eu\/pt-pt\/wp-json\/wp\/v2\/product"}],"about":[{"href":"https:\/\/staging.nbg.eu\/pt-pt\/wp-json\/wp\/v2\/types\/product"}],"wp:featuredmedia":[{"embeddable":true,"href":"https:\/\/staging.nbg.eu\/pt-pt\/wp-json\/wp\/v2\/media\/248754"}],"wp:attachment":[{"href":"https:\/\/staging.nbg.eu\/pt-pt\/wp-json\/wp\/v2\/media?parent=278325"}],"wp:term":[{"taxonomy":"product_brand","embeddable":true,"href":"https:\/\/staging.nbg.eu\/pt-pt\/wp-json\/wp\/v2\/product_brand?post=278325"},{"taxonomy":"product_cat","embeddable":true,"href":"https:\/\/staging.nbg.eu\/pt-pt\/wp-json\/wp\/v2\/product_cat?post=278325"},{"taxonomy":"product_tag","embeddable":true,"href":"https:\/\/staging.nbg.eu\/pt-pt\/wp-json\/wp\/v2\/product_tag?post=278325"}],"curies":[{"name":"wp","href":"https:\/\/api.w.org\/{rel}","templated":true}]}}