{"id":278059,"date":"2025-03-07T09:56:26","date_gmt":"2025-03-21T07:57:43","guid":{"rendered":"https:\/\/staging.nbg.eu\/product\/hornady-6mm-arc-103-gr-eld%e2%80%91x-precision-hunter\/"},"modified":"2025-03-21T08:00:02","modified_gmt":"2025-03-21T08:00:02","slug":"hornady-6mm-arc-103-gr-eldx-precision-hunter","status":"publish","type":"product","link":"https:\/\/staging.nbg.eu\/pt-pt\/produto\/hornady-6mm-arc-103-gr-eldx-precision-hunter\/","title":{"rendered":"Hornady &#8211; 6mm ARC 103 gr ELD\u2011X\u00ae Precision Hunter\u00ae"},"content":{"rendered":"<div class=\"product-description\">\n<h2>Hornady 6mm ARC 103 gr ELD\u2011X\u00ae Precision Hunter\u00ae<\/h2>\n<p>O 6mm ARC \u00e9 projetado para atiradores. Este cartucho oferece:<\/p>\n<ul>\n<li>Precis\u00e3o e desempenho de longo alcance<\/li>\n<li>Adequado para ca\u00e7a, tiro de competi\u00e7\u00e3o e prote\u00e7\u00e3o pessoal<\/li>\n<li>Otimizado para plataformas AR-15 e armas de ferrolho de a\u00e7\u00e3o curta<\/li>\n<li>Alto coeficiente bal\u00edstico para desempenho terminal<\/li>\n<li>Design equilibrado de cartucho, c\u00e2mara e propelente<\/li>\n<li>Vida \u00fatil do cano<\/li>\n<\/ul>\n<p>O 6mm ARC \u00e9 vers\u00e1til e adequado para defesa pessoal e ca\u00e7a de longo alcance. Compat\u00edvel com fabricantes de armas, incluindo Barrett, Mossberg e Wilson Combat.<\/p>\n<\/div>\n","protected":false},"excerpt":{"rendered":"<p>ARC 6mm vers\u00e1til para AR-15: Balas eficientes de alto coeficiente bal\u00edstico para ca\u00e7a de precis\u00e3o.<\/p>\n","protected":false},"featured_media":246034,"template":"","meta":{"_acf_changed":false},"product_brand":[11458],"product_cat":[1481,1482],"product_tag":[],"class_list":{"0":"post-278059","1":"product","2":"type-product","3":"status-publish","4":"has-post-thumbnail","6":"product_brand-hornady","7":"product_cat-ammunition-pt-pt","8":"product_cat-rifle-ammunition-pt-pt","10":"first","11":"instock","12":"taxable","13":"shipping-taxable","14":"purchasable","15":"product-type-simple"},"acf":[],"_links":{"self":[{"href":"https:\/\/staging.nbg.eu\/pt-pt\/wp-json\/wp\/v2\/product\/278059","targetHints":{"allow":["GET"]}}],"collection":[{"href":"https:\/\/staging.nbg.eu\/pt-pt\/wp-json\/wp\/v2\/product"}],"about":[{"href":"https:\/\/staging.nbg.eu\/pt-pt\/wp-json\/wp\/v2\/types\/product"}],"wp:featuredmedia":[{"embeddable":true,"href":"https:\/\/staging.nbg.eu\/pt-pt\/wp-json\/wp\/v2\/media\/246034"}],"wp:attachment":[{"href":"https:\/\/staging.nbg.eu\/pt-pt\/wp-json\/wp\/v2\/media?parent=278059"}],"wp:term":[{"taxonomy":"product_brand","embeddable":true,"href":"https:\/\/staging.nbg.eu\/pt-pt\/wp-json\/wp\/v2\/product_brand?post=278059"},{"taxonomy":"product_cat","embeddable":true,"href":"https:\/\/staging.nbg.eu\/pt-pt\/wp-json\/wp\/v2\/product_cat?post=278059"},{"taxonomy":"product_tag","embeddable":true,"href":"https:\/\/staging.nbg.eu\/pt-pt\/wp-json\/wp\/v2\/product_tag?post=278059"}],"curies":[{"name":"wp","href":"https:\/\/api.w.org\/{rel}","templated":true}]}}