{"id":277695,"date":"2025-03-07T07:46:42","date_gmt":"2025-03-07T07:46:42","guid":{"rendered":"https:\/\/staging.nbg.eu\/product\/gun-oil-go-juice-4-oz\/"},"modified":"2025-03-21T07:16:31","modified_gmt":"2025-03-21T07:16:31","slug":"oleo-para-armas-gun-oil-go-juice-4oz","status":"publish","type":"product","link":"https:\/\/staging.nbg.eu\/pt-pt\/produto\/oleo-para-armas-gun-oil-go-juice-4oz\/","title":{"rendered":"\u00d3leo para Armas Gun Oil Go Juice 4.oz"},"content":{"rendered":"<div class=\"product-description\">\n<h2>ALG Go-Juice\u00ae (GJ\u00ae) Frasco de 120 ml<\/h2>\n<p>ALG Go-Juice\u00ae \u00e9 um lubrificante biossint\u00e9tico para sistemas de lubrifica\u00e7\u00e3o de perda total. Caracter\u00edsticas:<\/p>\n<ul>\n<li>Mais escorregadio que o CLP de uso militar<\/li>\n<li>Resist\u00eancia \u00e0 corros\u00e3o<\/li>\n<li>Estabilidade a longo prazo<\/li>\n<li>F\u00f3rmula n\u00e3o t\u00f3xica<\/li>\n<li>Para armas autom\u00e1ticas e de porte velado<\/li>\n<\/ul>\n<p>Derivado de sementes oleaginosas geneticamente modificadas, o Go-Juice\u00ae tem bom desempenho em testes de envelhecimento acelerado e spray de sal. Este lubrificante n\u00e3o derivado de petr\u00f3leo mant\u00e9m o funcionamento da arma em condi\u00e7\u00f5es adversas.<\/p>\n<\/div>\n","protected":false},"excerpt":{"rendered":"<p>&#8220;Lubrificante de arma de fogo biossint\u00e9tico ultra deslizante e n\u00e3o t\u00f3xico para desempenho m\u00e1ximo.&#8221;<\/p>\n","protected":false},"featured_media":245941,"template":"","meta":{"_acf_changed":false},"product_brand":[11397],"product_cat":[1925,1440],"product_tag":[],"class_list":{"0":"post-277695","1":"product","2":"type-product","3":"status-publish","4":"has-post-thumbnail","6":"product_brand-geissele","7":"product_cat-lubricants-pt-pt","8":"product_cat-maintenance-pt-pt","10":"first","11":"instock","12":"taxable","13":"shipping-taxable","14":"purchasable","15":"product-type-simple"},"acf":[],"_links":{"self":[{"href":"https:\/\/staging.nbg.eu\/pt-pt\/wp-json\/wp\/v2\/product\/277695","targetHints":{"allow":["GET"]}}],"collection":[{"href":"https:\/\/staging.nbg.eu\/pt-pt\/wp-json\/wp\/v2\/product"}],"about":[{"href":"https:\/\/staging.nbg.eu\/pt-pt\/wp-json\/wp\/v2\/types\/product"}],"wp:featuredmedia":[{"embeddable":true,"href":"https:\/\/staging.nbg.eu\/pt-pt\/wp-json\/wp\/v2\/media\/245941"}],"wp:attachment":[{"href":"https:\/\/staging.nbg.eu\/pt-pt\/wp-json\/wp\/v2\/media?parent=277695"}],"wp:term":[{"taxonomy":"product_brand","embeddable":true,"href":"https:\/\/staging.nbg.eu\/pt-pt\/wp-json\/wp\/v2\/product_brand?post=277695"},{"taxonomy":"product_cat","embeddable":true,"href":"https:\/\/staging.nbg.eu\/pt-pt\/wp-json\/wp\/v2\/product_cat?post=277695"},{"taxonomy":"product_tag","embeddable":true,"href":"https:\/\/staging.nbg.eu\/pt-pt\/wp-json\/wp\/v2\/product_tag?post=277695"}],"curies":[{"name":"wp","href":"https:\/\/api.w.org\/{rel}","templated":true}]}}