{"id":276105,"date":"2025-03-02T17:08:39","date_gmt":"2025-03-02T17:08:39","guid":{"rendered":"https:\/\/staging.nbg.eu\/product\/bore-tech-decimator-suppressor-cleaner\/"},"modified":"2025-03-20T13:32:07","modified_gmt":"2025-03-20T13:32:07","slug":"limpador-de-supressor-bore-tech-decimator","status":"publish","type":"product","link":"https:\/\/staging.nbg.eu\/pt-pt\/produto\/limpador-de-supressor-bore-tech-decimator\/","title":{"rendered":"Limpador de Supressor Bore Tech Decimator"},"content":{"rendered":"<div class=\"product-description\">\n<h2>Limpador de Supressor Bore Tech Decimator<\/h2>\n<p>O Limpador de Supressor Bore Tech Decimator \u00e9 uma f\u00f3rmula de duas partes projetada para remover ac\u00famulos de res\u00edduos em supressores de fogo circular e fogo central.<\/p>\n<ul>\n<li>Seguro para Supressores<\/li>\n<li>N\u00e3o Perigoso e Sem Am\u00f4nia<\/li>\n<li>Sem Odor e Biodegrad\u00e1vel<\/li>\n<li>Seguro para Alum\u00ednio, A\u00e7o Inoxid\u00e1vel, Tit\u00e2nio e v\u00e1rias ligas<\/li>\n<\/ul>\n<p>A Parte A \u00e9 direcionada para ac\u00famulos de carbono\/chumbo, enquanto a Parte B foca em res\u00edduos de cobre. Quando usado com o Sistema de Limpeza de Supressor Decimator, \u00e9 eficaz para manuten\u00e7\u00e3o de supressores, freios de boca, suportes QD e quebra-chamas.<\/p>\n<p>O Limpador de Supressor Bore Tech Decimator ajuda a manter o desempenho dos supressores.<\/p>\n<\/div>\n","protected":false},"excerpt":{"rendered":"<p>Limpador eficaz e seguro para supressores, para remo\u00e7\u00e3o de sujeira extrema.<\/p>\n","protected":false},"featured_media":235255,"template":"","meta":{"_acf_changed":false},"product_brand":[],"product_cat":[1440,499],"product_tag":[],"class_list":{"0":"post-276105","1":"product","2":"type-product","3":"status-publish","4":"has-post-thumbnail","6":"product_cat-maintenance-pt-pt","7":"product_cat-uncategorized-pt-pt","9":"first","10":"instock","11":"taxable","12":"shipping-taxable","13":"purchasable","14":"product-type-simple"},"acf":[],"_links":{"self":[{"href":"https:\/\/staging.nbg.eu\/pt-pt\/wp-json\/wp\/v2\/product\/276105","targetHints":{"allow":["GET"]}}],"collection":[{"href":"https:\/\/staging.nbg.eu\/pt-pt\/wp-json\/wp\/v2\/product"}],"about":[{"href":"https:\/\/staging.nbg.eu\/pt-pt\/wp-json\/wp\/v2\/types\/product"}],"wp:featuredmedia":[{"embeddable":true,"href":"https:\/\/staging.nbg.eu\/pt-pt\/wp-json\/wp\/v2\/media\/235255"}],"wp:attachment":[{"href":"https:\/\/staging.nbg.eu\/pt-pt\/wp-json\/wp\/v2\/media?parent=276105"}],"wp:term":[{"taxonomy":"product_brand","embeddable":true,"href":"https:\/\/staging.nbg.eu\/pt-pt\/wp-json\/wp\/v2\/product_brand?post=276105"},{"taxonomy":"product_cat","embeddable":true,"href":"https:\/\/staging.nbg.eu\/pt-pt\/wp-json\/wp\/v2\/product_cat?post=276105"},{"taxonomy":"product_tag","embeddable":true,"href":"https:\/\/staging.nbg.eu\/pt-pt\/wp-json\/wp\/v2\/product_tag?post=276105"}],"curies":[{"name":"wp","href":"https:\/\/api.w.org\/{rel}","templated":true}]}}