{"id":275555,"date":"2025-03-07T11:08:39","date_gmt":"2025-03-20T12:26:49","guid":{"rendered":"https:\/\/staging.nbg.eu\/product\/ipsc-targets-mini-100pcs\/"},"modified":"2025-03-20T12:28:54","modified_gmt":"2025-03-20T12:28:54","slug":"alvos-ipsc-mini-100pcs","status":"publish","type":"product","link":"https:\/\/staging.nbg.eu\/pt-pt\/produto\/alvos-ipsc-mini-100pcs\/","title":{"rendered":"Alvos IPSC mini 100pcs"},"content":{"rendered":"<div class=\"product-description\">\n<h2>Alvos Mini IPSC de Papel\u00e3o &#8211; Pacote com 100<\/h2>\n<p>Alvos legais IPSC para competi\u00e7\u00e3o e treinamento. Cada pacote cont\u00e9m 100 alvos mini, projetados para atender aos padr\u00f5es das competi\u00e7\u00f5es IPSC.<\/p>\n<ul>\n<li>Constru\u00e7\u00e3o em papel\u00e3o<\/li>\n<li>Zonas A, C e D perfuradas para pontua\u00e7\u00e3o<\/li>\n<li>Design em duas cores: Frente bege, Verso branco<\/li>\n<li>Lado branco serve como Alvo de Penalidade<\/li>\n<li>Linhas de pontua\u00e7\u00e3o vis\u00edveis em ambos os lados<\/li>\n<\/ul>\n<p>Alvos para pr\u00e1tica de tiro. Adequados para treino no estande, competi\u00e7\u00f5es ou cen\u00e1rios de treinamento t\u00e1tico.<\/p>\n<\/div>\n","protected":false},"excerpt":{"rendered":"<p>Alvos Mini IPSC: 100 alvos de papel\u00e3o perfurados para treino e competi\u00e7\u00f5es.<\/p>\n","protected":false},"featured_media":246708,"template":"","meta":{"_acf_changed":false},"product_brand":[],"product_cat":[1160,1162],"product_tag":[],"class_list":{"0":"post-275555","1":"product","2":"type-product","3":"status-publish","4":"has-post-thumbnail","6":"product_cat-paper-targets-pt-pt","7":"product_cat-targets-pt-pt","9":"first","10":"instock","11":"taxable","12":"shipping-taxable","13":"purchasable","14":"product-type-simple"},"acf":[],"_links":{"self":[{"href":"https:\/\/staging.nbg.eu\/pt-pt\/wp-json\/wp\/v2\/product\/275555","targetHints":{"allow":["GET"]}}],"collection":[{"href":"https:\/\/staging.nbg.eu\/pt-pt\/wp-json\/wp\/v2\/product"}],"about":[{"href":"https:\/\/staging.nbg.eu\/pt-pt\/wp-json\/wp\/v2\/types\/product"}],"wp:featuredmedia":[{"embeddable":true,"href":"https:\/\/staging.nbg.eu\/pt-pt\/wp-json\/wp\/v2\/media\/246708"}],"wp:attachment":[{"href":"https:\/\/staging.nbg.eu\/pt-pt\/wp-json\/wp\/v2\/media?parent=275555"}],"wp:term":[{"taxonomy":"product_brand","embeddable":true,"href":"https:\/\/staging.nbg.eu\/pt-pt\/wp-json\/wp\/v2\/product_brand?post=275555"},{"taxonomy":"product_cat","embeddable":true,"href":"https:\/\/staging.nbg.eu\/pt-pt\/wp-json\/wp\/v2\/product_cat?post=275555"},{"taxonomy":"product_tag","embeddable":true,"href":"https:\/\/staging.nbg.eu\/pt-pt\/wp-json\/wp\/v2\/product_tag?post=275555"}],"curies":[{"name":"wp","href":"https:\/\/api.w.org\/{rel}","templated":true}]}}