{"id":275155,"date":"2025-03-03T12:58:09","date_gmt":"2025-03-03T12:58:09","guid":{"rendered":"https:\/\/staging.nbg.eu\/product\/bore-tech-extreme-grease-hd-10ml\/"},"modified":"2025-03-20T11:01:38","modified_gmt":"2025-03-20T11:01:38","slug":"bore-tech-graxa-extreme-hd-10ml","status":"publish","type":"product","link":"https:\/\/staging.nbg.eu\/pt-pt\/produto\/bore-tech-graxa-extreme-hd-10ml\/","title":{"rendered":"Bore tech GRAXA EXTREME HD 10ml"},"content":{"rendered":"<h2>Graxa Bore Tech EXTREME GREASE HD 10ml<\/h2>\n<p>Graxa Bore Tech EXTREME GREASE HD. Esta mistura sint\u00e9tica tripla \u00e9 formulada para opera\u00e7\u00e3o de armas de fogo.<\/p>\n<ul>\n<li>Faixa de temperatura operacional: -65\u00b0C a +371\u00b0C<\/li>\n<li>Faixa de temperatura estendida: at\u00e9 1093\u00b0C<\/li>\n<li>Formula\u00e7\u00e3o que n\u00e3o gruda nem escorre<\/li>\n<li>Lubrifica\u00e7\u00e3o e preven\u00e7\u00e3o de desgaste<\/li>\n<li>Menor coeficiente de atrito<\/li>\n<li>Inibidores de ferrugem<\/li>\n<li>Lubrificantes de temperatura nano-cer\u00e2micos<\/li>\n<\/ul>\n<p>Para uso em travas, trilhos de arma\u00e7\u00e3o, pinos de dobradi\u00e7a e mecanismos de came. Para opera\u00e7\u00e3o suave, vida \u00fatil prolongada e desempenho em condi\u00e7\u00f5es extremas.<\/p>\n<p>Tubo pl\u00e1stico de 10cc com ponta dispensadora e tampa rosque\u00e1vel para aplica\u00e7\u00e3o.<\/p>\n","protected":false},"excerpt":{"rendered":"<p>Graxa sint\u00e9tica ultra-aderente para armas de fogo, adequada para condi\u00e7\u00f5es extremas (-65\u00b0C a 371\u00b0C)<\/p>\n","protected":false},"featured_media":235481,"template":"","meta":{"_acf_changed":false},"product_brand":[11167],"product_cat":[1925,1440],"product_tag":[],"class_list":{"0":"post-275155","1":"product","2":"type-product","3":"status-publish","4":"has-post-thumbnail","6":"product_brand-boretech","7":"product_cat-lubricants-pt-pt","8":"product_cat-maintenance-pt-pt","10":"first","11":"outofstock","12":"taxable","13":"shipping-taxable","14":"purchasable","15":"product-type-simple"},"acf":[],"_links":{"self":[{"href":"https:\/\/staging.nbg.eu\/pt-pt\/wp-json\/wp\/v2\/product\/275155","targetHints":{"allow":["GET"]}}],"collection":[{"href":"https:\/\/staging.nbg.eu\/pt-pt\/wp-json\/wp\/v2\/product"}],"about":[{"href":"https:\/\/staging.nbg.eu\/pt-pt\/wp-json\/wp\/v2\/types\/product"}],"wp:featuredmedia":[{"embeddable":true,"href":"https:\/\/staging.nbg.eu\/pt-pt\/wp-json\/wp\/v2\/media\/235481"}],"wp:attachment":[{"href":"https:\/\/staging.nbg.eu\/pt-pt\/wp-json\/wp\/v2\/media?parent=275155"}],"wp:term":[{"taxonomy":"product_brand","embeddable":true,"href":"https:\/\/staging.nbg.eu\/pt-pt\/wp-json\/wp\/v2\/product_brand?post=275155"},{"taxonomy":"product_cat","embeddable":true,"href":"https:\/\/staging.nbg.eu\/pt-pt\/wp-json\/wp\/v2\/product_cat?post=275155"},{"taxonomy":"product_tag","embeddable":true,"href":"https:\/\/staging.nbg.eu\/pt-pt\/wp-json\/wp\/v2\/product_tag?post=275155"}],"curies":[{"name":"wp","href":"https:\/\/api.w.org\/{rel}","templated":true}]}}