{"id":275007,"date":"2025-03-03T19:13:19","date_gmt":"2025-03-20T10:49:25","guid":{"rendered":"https:\/\/staging.nbg.eu\/product\/bore-tech-patch-guide\/"},"modified":"2025-03-20T10:51:34","modified_gmt":"2025-03-20T10:51:34","slug":"guia-de-patches-bore-tech","status":"publish","type":"product","link":"https:\/\/staging.nbg.eu\/pt-pt\/produto\/guia-de-patches-bore-tech\/","title":{"rendered":"Guia de Patches Bore Tech"},"content":{"rendered":"<h2>Guia de Patch Bore Tech AR-15\/AR-10<\/h2>\n<p>O Guia de Patch Bore Tech \u00e9 um sistema de fixa\u00e7\u00e3o de patch sem uso das m\u00e3os que simplifica o processo de limpeza.<\/p>\n<ul>\n<li>Componentes de alum\u00ednio usinados por CNC<\/li>\n<li>Acabamento anodizado para durabilidade<\/li>\n<li>Alinha a haste de limpeza com o cano do rifle<\/li>\n<li>Previne danos aos encaixes de travamento e bordas da c\u00e2mara<\/li>\n<li>Adaptadores frontais intercambi\u00e1veis resistentes a solventes<\/li>\n<li>Dispon\u00edvel para v\u00e1rios calibres de AR-15 e AR-10<\/li>\n<\/ul>\n<p>O Guia de Patch Bore Tech facilita a limpeza e protege seu rifle e haste de limpeza. \u00c9 uma ferramenta essencial para propriet\u00e1rios de armas. Fabricado nos EUA.<\/p>\n<p><strong>Escolha Bore Tech.<\/strong><\/p>\n","protected":false},"excerpt":{"rendered":"<p>Limpeza f\u00e1cil e sem sujeira de AR-15\/AR-10 com sistema de fixa\u00e7\u00e3o de panos sem o uso das m\u00e3os.<\/p>\n","protected":false},"featured_media":235534,"template":"","meta":{"_acf_changed":false},"product_brand":[11167],"product_cat":[1440,1946,1161],"product_tag":[],"class_list":{"0":"post-275007","1":"product","2":"type-product","3":"status-publish","4":"has-post-thumbnail","6":"product_brand-boretech","7":"product_cat-maintenance-pt-pt","8":"product_cat-cleaning-patches-pt-pt","9":"product_cat-patches-patchguns-pt-pt","10":"pa_model-ar-10-pt-pt","11":"pa_model-ar-15-pt-pt","13":"first","14":"instock","15":"taxable","16":"shipping-taxable","17":"purchasable","18":"product-type-variable","19":"wvs-archive-product-wrapper"},"acf":[],"_links":{"self":[{"href":"https:\/\/staging.nbg.eu\/pt-pt\/wp-json\/wp\/v2\/product\/275007","targetHints":{"allow":["GET"]}}],"collection":[{"href":"https:\/\/staging.nbg.eu\/pt-pt\/wp-json\/wp\/v2\/product"}],"about":[{"href":"https:\/\/staging.nbg.eu\/pt-pt\/wp-json\/wp\/v2\/types\/product"}],"wp:featuredmedia":[{"embeddable":true,"href":"https:\/\/staging.nbg.eu\/pt-pt\/wp-json\/wp\/v2\/media\/235534"}],"wp:attachment":[{"href":"https:\/\/staging.nbg.eu\/pt-pt\/wp-json\/wp\/v2\/media?parent=275007"}],"wp:term":[{"taxonomy":"product_brand","embeddable":true,"href":"https:\/\/staging.nbg.eu\/pt-pt\/wp-json\/wp\/v2\/product_brand?post=275007"},{"taxonomy":"product_cat","embeddable":true,"href":"https:\/\/staging.nbg.eu\/pt-pt\/wp-json\/wp\/v2\/product_cat?post=275007"},{"taxonomy":"product_tag","embeddable":true,"href":"https:\/\/staging.nbg.eu\/pt-pt\/wp-json\/wp\/v2\/product_tag?post=275007"}],"curies":[{"name":"wp","href":"https:\/\/api.w.org\/{rel}","templated":true}]}}