{"id":274679,"date":"2025-03-06T20:28:07","date_gmt":"2025-03-20T10:01:17","guid":{"rendered":"https:\/\/staging.nbg.eu\/product\/3m-peltor-protac-iii-slim-headset\/"},"modified":"2025-03-20T10:03:41","modified_gmt":"2025-03-20T10:03:41","slug":"headset-3m-peltor-protac-iii-slim","status":"publish","type":"product","link":"https:\/\/staging.nbg.eu\/pt-pt\/produto\/headset-3m-peltor-protac-iii-slim\/","title":{"rendered":"Headset 3M PELTOR ProTac III Slim"},"content":{"rendered":"<div class=\"product-description\">\n<h2>Fone de Ouvido 3M\u2122 PELTOR\u2122 ProTac III Slim<\/h2>\n<p>O Fone de Ouvido ProTac III Slim oferece prote\u00e7\u00e3o auditiva. Este fone de ouvido inclui:<\/p>\n<ul>\n<li>Classifica\u00e7\u00e3o de Redu\u00e7\u00e3o de Ru\u00eddo (NRR) de 23dB<\/li>\n<li>Microfones ambientais para prote\u00e7\u00e3o auditiva dependente do n\u00edvel<\/li>\n<li>Capacidade de escuta ambiente para consci\u00eancia situacional<\/li>\n<li>Tecnologia de limita\u00e7\u00e3o de som que limita o volume do alto-falante a 82 dBA<\/li>\n<li>Entrada est\u00e9reo de 3,5mm apenas para escuta de dispositivos externos (celulares, r\u00e1dios bidirecionais, iPods)<\/li>\n<\/ul>\n<p>Caracter\u00edsticas incluem:<\/p>\n<ul>\n<li>Design preto<\/li>\n<li>Suspens\u00e3o de faixa de cabe\u00e7a<\/li>\n<li>Conex\u00e3o com fio<\/li>\n<\/ul>\n<p>Para profissionais que necessitam de capacidades de comunica\u00e7\u00e3o e prote\u00e7\u00e3o auditiva.<\/p>\n<\/div>\n","protected":false},"excerpt":{"rendered":"<p>Prote\u00e7\u00e3o auditiva inteligente com escuta ambiente e conectividade com dispositivos.<\/p>\n","protected":false},"featured_media":245685,"template":"","meta":{"_acf_changed":false},"product_brand":[11026],"product_cat":[942,574],"product_tag":[],"class_list":{"0":"post-274679","1":"product","2":"type-product","3":"status-publish","4":"has-post-thumbnail","6":"product_brand-3m","7":"product_cat-ear-protection-pt-pt","8":"product_cat-gear-pt-pt","10":"first","11":"instock","12":"taxable","13":"shipping-taxable","14":"purchasable","15":"product-type-simple"},"acf":[],"_links":{"self":[{"href":"https:\/\/staging.nbg.eu\/pt-pt\/wp-json\/wp\/v2\/product\/274679","targetHints":{"allow":["GET"]}}],"collection":[{"href":"https:\/\/staging.nbg.eu\/pt-pt\/wp-json\/wp\/v2\/product"}],"about":[{"href":"https:\/\/staging.nbg.eu\/pt-pt\/wp-json\/wp\/v2\/types\/product"}],"wp:featuredmedia":[{"embeddable":true,"href":"https:\/\/staging.nbg.eu\/pt-pt\/wp-json\/wp\/v2\/media\/245685"}],"wp:attachment":[{"href":"https:\/\/staging.nbg.eu\/pt-pt\/wp-json\/wp\/v2\/media?parent=274679"}],"wp:term":[{"taxonomy":"product_brand","embeddable":true,"href":"https:\/\/staging.nbg.eu\/pt-pt\/wp-json\/wp\/v2\/product_brand?post=274679"},{"taxonomy":"product_cat","embeddable":true,"href":"https:\/\/staging.nbg.eu\/pt-pt\/wp-json\/wp\/v2\/product_cat?post=274679"},{"taxonomy":"product_tag","embeddable":true,"href":"https:\/\/staging.nbg.eu\/pt-pt\/wp-json\/wp\/v2\/product_tag?post=274679"}],"curies":[{"name":"wp","href":"https:\/\/api.w.org\/{rel}","templated":true}]}}