{"id":236100,"date":"2025-03-03T20:03:09","date_gmt":"2025-03-03T20:03:09","guid":{"rendered":"https:\/\/staging.nbg.eu\/?post_type=product&#038;p=236100"},"modified":"2025-09-30T13:40:53","modified_gmt":"2025-09-30T10:40:53","slug":"lixa-modular-grips-kmr-s-prateada","status":"publish","type":"product","link":"https:\/\/staging.nbg.eu\/pt-pt\/produto\/lixa-modular-grips-kmr-s-prateada\/","title":{"rendered":"Lixa modular GRIPS KMR S prateada"},"content":{"rendered":"<h2>Empunhadura Modular de Lixa KMR S &#8211; Preta<\/h2>\n<p>Empunhadura para pistola KMR S-02. Feita de duralum\u00ednio anodizado, oferece manuseio e conforto.<\/p>\n<h2>Caracter\u00edsticas:<\/h2>\n<ul>\n<li>Compat\u00edvel com modelos KMR S-02 .22 LR<\/li>\n<li>Constru\u00e7\u00e3o em duralum\u00ednio anodizado<\/li>\n<li>Projetada para uso sem guia de carregador<\/li>\n<li>Inclui parafusos torx para instala\u00e7\u00e3o<\/li>\n<li>Acabamento preto com logotipo KMR<\/li>\n<\/ul>\n<p>Observa\u00e7\u00e3o: Estas empunhaduras s\u00e3o projetadas para o quadro de alum\u00ednio de 26mm de largura do KMR S-02 e n\u00e3o s\u00e3o compat\u00edveis com os tamanhos de quadro W-02 ou L-02.<\/p>\n<dl class=\"data-sheet\">\n<dt class=\"name\">Para Armas KMR<\/dt>\n<dd class=\"value\">KMR S-01 LANCE (OR)<br \/>\nKMR S-02 AT\u00c9 2023<\/dd>\n<dt class=\"name\">Sele\u00e7\u00e3o por Armas CZ<\/dt>\n<dd class=\"value\">CZ SHADOW 1<br \/>\nCZ SHADOW 2<br \/>\nCZ SHADOW 2 (OR)<br \/>\nCZ SP-01<\/dd>\n<\/dl>\n","protected":false},"excerpt":{"rendered":"<p>Empunhadura modular preta KMR S-02, compat\u00edvel com arma\u00e7\u00e3o de alum\u00ednio.<br \/>\n0611-03101-0101<\/p>\n","protected":false},"featured_media":73902,"template":"","meta":{"_acf_changed":false},"product_brand":[11507],"product_cat":[921],"product_tag":[],"class_list":{"0":"post-236100","1":"product","2":"type-product","3":"status-publish","4":"has-post-thumbnail","6":"product_brand-kmr-precision","7":"product_cat-kmr-parts-pt-pt","9":"first","10":"instock","11":"taxable","12":"shipping-taxable","13":"purchasable","14":"product-type-simple"},"acf":[],"_links":{"self":[{"href":"https:\/\/staging.nbg.eu\/pt-pt\/wp-json\/wp\/v2\/product\/236100","targetHints":{"allow":["GET"]}}],"collection":[{"href":"https:\/\/staging.nbg.eu\/pt-pt\/wp-json\/wp\/v2\/product"}],"about":[{"href":"https:\/\/staging.nbg.eu\/pt-pt\/wp-json\/wp\/v2\/types\/product"}],"wp:featuredmedia":[{"embeddable":true,"href":"https:\/\/staging.nbg.eu\/pt-pt\/wp-json\/wp\/v2\/media\/73902"}],"wp:attachment":[{"href":"https:\/\/staging.nbg.eu\/pt-pt\/wp-json\/wp\/v2\/media?parent=236100"}],"wp:term":[{"taxonomy":"product_brand","embeddable":true,"href":"https:\/\/staging.nbg.eu\/pt-pt\/wp-json\/wp\/v2\/product_brand?post=236100"},{"taxonomy":"product_cat","embeddable":true,"href":"https:\/\/staging.nbg.eu\/pt-pt\/wp-json\/wp\/v2\/product_cat?post=236100"},{"taxonomy":"product_tag","embeddable":true,"href":"https:\/\/staging.nbg.eu\/pt-pt\/wp-json\/wp\/v2\/product_tag?post=236100"}],"curies":[{"name":"wp","href":"https:\/\/api.w.org\/{rel}","templated":true}]}}