{"id":22571,"date":"2024-08-19T17:28:32","date_gmt":"2024-08-19T17:28:32","guid":{"rendered":"https:\/\/staging.nbg.eu\/product\/produto-2\/"},"modified":"2024-09-09T15:08:28","modified_gmt":"2024-09-09T15:08:28","slug":"pino-de-mola-para-trava-de-slide-kmr","status":"publish","type":"product","link":"https:\/\/staging.nbg.eu\/pt-pt\/produto\/pino-de-mola-para-trava-de-slide-kmr\/","title":{"rendered":"Pino de Mola para Trava de Slide KMR"},"content":{"rendered":"<p>Pino de Mola do Ret\u00e9m de Corredi\u00e7a KMR de precis\u00e3o: Ajuste dur\u00e1vel e preciso.<\/p>\n","protected":false},"excerpt":{"rendered":"<p>Pe\u00e7a vital de pistola KMR, fabricada com precis\u00e3o.<\/p>\n","protected":false},"featured_media":60777,"template":"","meta":{"_acf_changed":false},"product_brand":[],"product_cat":[921],"product_tag":[],"class_list":{"0":"post-22571","1":"product","2":"type-product","3":"status-publish","4":"has-post-thumbnail","6":"product_cat-kmr-parts-pt-pt","8":"first","9":"instock","10":"taxable","11":"shipping-taxable","12":"product-type-simple"},"acf":[],"_links":{"self":[{"href":"https:\/\/staging.nbg.eu\/pt-pt\/wp-json\/wp\/v2\/product\/22571","targetHints":{"allow":["GET"]}}],"collection":[{"href":"https:\/\/staging.nbg.eu\/pt-pt\/wp-json\/wp\/v2\/product"}],"about":[{"href":"https:\/\/staging.nbg.eu\/pt-pt\/wp-json\/wp\/v2\/types\/product"}],"wp:featuredmedia":[{"embeddable":true,"href":"https:\/\/staging.nbg.eu\/pt-pt\/wp-json\/wp\/v2\/media\/60777"}],"wp:attachment":[{"href":"https:\/\/staging.nbg.eu\/pt-pt\/wp-json\/wp\/v2\/media?parent=22571"}],"wp:term":[{"taxonomy":"product_brand","embeddable":true,"href":"https:\/\/staging.nbg.eu\/pt-pt\/wp-json\/wp\/v2\/product_brand?post=22571"},{"taxonomy":"product_cat","embeddable":true,"href":"https:\/\/staging.nbg.eu\/pt-pt\/wp-json\/wp\/v2\/product_cat?post=22571"},{"taxonomy":"product_tag","embeddable":true,"href":"https:\/\/staging.nbg.eu\/pt-pt\/wp-json\/wp\/v2\/product_tag?post=22571"}],"curies":[{"name":"wp","href":"https:\/\/api.w.org\/{rel}","templated":true}]}}