{"id":214540,"date":"2024-09-02T10:51:57","date_gmt":"2025-02-19T16:47:16","guid":{"rendered":"https:\/\/staging.nbg.eu\/product\/badger-ordnance-30mm-condition-one-accessory-ring-cap\/"},"modified":"2025-02-19T16:49:25","modified_gmt":"2025-02-19T16:49:25","slug":"tampa-anel-acessorio-30mm-condition-one-badger-ordnance","status":"publish","type":"product","link":"https:\/\/staging.nbg.eu\/pt-pt\/produto\/tampa-anel-acessorio-30mm-condition-one-badger-ordnance\/","title":{"rendered":"Tampa Anel Acess\u00f3rio 30mm Condition One Badger Ordnance"},"content":{"rendered":"<div class=\"product-description\">\n<h2>ANEL ACESS\u00d3RIO CONDITION ONE 30MM DA BADGER ORDNANCE<\/h2>\n<p>O Anel Acess\u00f3rio Condition One 30MM da Badger Ordnance \u00e9 projetado para integrar-se com o suporte de mira telesc\u00f3pica existente, oferecendo funcionalidade adicional e op\u00e7\u00f5es de personaliza\u00e7\u00e3o.<\/p>\n<ul>\n<li><strong>Cor:<\/strong> Acabamento preto<\/li>\n<li><strong>Material:<\/strong> Alum\u00ednio 7075 T6<\/li>\n<li><strong>Plataforma:<\/strong> Design universal, n\u00e3o espec\u00edfico para nenhuma plataforma em particular<\/li>\n<li><strong>Peso:<\/strong> 1,8 oz.<\/li>\n<\/ul>\n<p>Projetado para atender \u00e0s necessidades de atiradores t\u00e1ticos e competitivos, este anel acess\u00f3rio oferece uma solu\u00e7\u00e3o de montagem para v\u00e1rios acess\u00f3rios. Atualize seu sistema de \u00f3ptica com a qualidade da Badger Ordnance.<\/p>\n<\/div>\n","protected":false},"excerpt":{"rendered":"<p>Anel de montagem leve em alum\u00ednio para miras de 30mm. Acabamento preto dur\u00e1vel.<\/p>\n","protected":false},"featured_media":83056,"template":"","meta":{"_acf_changed":false},"product_brand":[11094],"product_cat":[805,2726,654,655],"product_tag":[],"class_list":{"0":"post-214540","1":"product","2":"type-product","3":"status-publish","4":"has-post-thumbnail","6":"product_brand-badger-ordnance","7":"product_cat-aiming-pt-pt","8":"product_cat-magnified-optics-pt-pt","9":"product_cat-rifle-pt-pt","10":"product_cat-rifle-parts-pt-pt","12":"first","13":"instock","14":"taxable","15":"shipping-taxable","16":"purchasable","17":"product-type-simple"},"acf":[],"_links":{"self":[{"href":"https:\/\/staging.nbg.eu\/pt-pt\/wp-json\/wp\/v2\/product\/214540","targetHints":{"allow":["GET"]}}],"collection":[{"href":"https:\/\/staging.nbg.eu\/pt-pt\/wp-json\/wp\/v2\/product"}],"about":[{"href":"https:\/\/staging.nbg.eu\/pt-pt\/wp-json\/wp\/v2\/types\/product"}],"wp:featuredmedia":[{"embeddable":true,"href":"https:\/\/staging.nbg.eu\/pt-pt\/wp-json\/wp\/v2\/media\/83056"}],"wp:attachment":[{"href":"https:\/\/staging.nbg.eu\/pt-pt\/wp-json\/wp\/v2\/media?parent=214540"}],"wp:term":[{"taxonomy":"product_brand","embeddable":true,"href":"https:\/\/staging.nbg.eu\/pt-pt\/wp-json\/wp\/v2\/product_brand?post=214540"},{"taxonomy":"product_cat","embeddable":true,"href":"https:\/\/staging.nbg.eu\/pt-pt\/wp-json\/wp\/v2\/product_cat?post=214540"},{"taxonomy":"product_tag","embeddable":true,"href":"https:\/\/staging.nbg.eu\/pt-pt\/wp-json\/wp\/v2\/product_tag?post=214540"}],"curies":[{"name":"wp","href":"https:\/\/api.w.org\/{rel}","templated":true}]}}