{"id":213961,"date":"2024-10-31T21:14:39","date_gmt":"2025-02-19T16:24:20","guid":{"rendered":"https:\/\/staging.nbg.eu\/product\/sabre-red-spray-52cft10-mk3-crossfire-gel-1-5oz-45ml\/"},"modified":"2025-02-19T16:26:25","modified_gmt":"2025-02-19T16:26:25","slug":"spray-sabre-red-52cft10-mk3-crossfire-gel-15oz45ml","status":"publish","type":"product","link":"https:\/\/staging.nbg.eu\/pt-pt\/produto\/spray-sabre-red-52cft10-mk3-crossfire-gel-15oz45ml\/","title":{"rendered":"Spray Sabre Red 52CFT10 MK3 Crossfire GEL 1.5oz\/45ml"},"content":{"rendered":"<div class=\"product-description\">\n<h2>Sabre Red 52CFT10-G MK-3 Crossfire Stream<\/h2>\n<p>Utilizado por for\u00e7as policiais em todo o mundo, este spray de pimenta de 1,5 oz oferece maior poder de conten\u00e7\u00e3o com maior teor de capsaicinoides. Caracter\u00edsticas incluem:<\/p>\n<ul>\n<li>Tecnologia SABRE Crossfire\u00ae para uso em qualquer \u00e2ngulo<\/li>\n<li>8 jatos completos de um segundo com alcance de 15-20 p\u00e9s<\/li>\n<li>F\u00f3rmula com 1,33% MC para m\u00e1xima efic\u00e1cia<\/li>\n<li>Prazo de validade de 5 anos<\/li>\n<li>Certificado ISO 9001:2008<\/li>\n<li>Testado para olhos, pele e inala\u00e7\u00e3o<\/li>\n<li>Corante UV para identifica\u00e7\u00e3o de suspeitos<\/li>\n<li>N\u00e3o inflam\u00e1vel e compat\u00edvel com EID<\/li>\n<\/ul>\n<p>Adequado para for\u00e7as policiais e prote\u00e7\u00e3o pessoal. Fabricado nos EUA pela Security Equipment Corp.<\/p>\n<\/div>\n","protected":false},"excerpt":{"rendered":"<p>Spray de pimenta de grau policial potente. Tecnologia Crossfire, alcance de 4,5-6 metros.<\/p>\n","protected":false},"featured_media":75079,"template":"","meta":{"_acf_changed":false},"product_brand":[11764],"product_cat":[1646],"product_tag":[],"class_list":{"0":"post-213961","1":"product","2":"type-product","3":"status-publish","4":"has-post-thumbnail","6":"product_brand-sabre","7":"product_cat-edc-pt-pt","9":"first","10":"instock","11":"taxable","12":"shipping-taxable","13":"purchasable","14":"product-type-simple"},"acf":[],"_links":{"self":[{"href":"https:\/\/staging.nbg.eu\/pt-pt\/wp-json\/wp\/v2\/product\/213961","targetHints":{"allow":["GET"]}}],"collection":[{"href":"https:\/\/staging.nbg.eu\/pt-pt\/wp-json\/wp\/v2\/product"}],"about":[{"href":"https:\/\/staging.nbg.eu\/pt-pt\/wp-json\/wp\/v2\/types\/product"}],"wp:featuredmedia":[{"embeddable":true,"href":"https:\/\/staging.nbg.eu\/pt-pt\/wp-json\/wp\/v2\/media\/75079"}],"wp:attachment":[{"href":"https:\/\/staging.nbg.eu\/pt-pt\/wp-json\/wp\/v2\/media?parent=213961"}],"wp:term":[{"taxonomy":"product_brand","embeddable":true,"href":"https:\/\/staging.nbg.eu\/pt-pt\/wp-json\/wp\/v2\/product_brand?post=213961"},{"taxonomy":"product_cat","embeddable":true,"href":"https:\/\/staging.nbg.eu\/pt-pt\/wp-json\/wp\/v2\/product_cat?post=213961"},{"taxonomy":"product_tag","embeddable":true,"href":"https:\/\/staging.nbg.eu\/pt-pt\/wp-json\/wp\/v2\/product_tag?post=213961"}],"curies":[{"name":"wp","href":"https:\/\/api.w.org\/{rel}","templated":true}]}}