{"id":211534,"date":"2024-01-24T19:30:39","date_gmt":"2025-02-19T13:02:34","guid":{"rendered":"https:\/\/staging.nbg.eu\/product\/iosso-bolt-carrier-brush\/"},"modified":"2025-02-19T13:15:13","modified_gmt":"2025-02-19T13:15:13","slug":"escova-para-porta-ferrolho-iosso","status":"publish","type":"product","link":"https:\/\/staging.nbg.eu\/pt-pt\/produto\/escova-para-porta-ferrolho-iosso\/","title":{"rendered":"Escova para Porta-Ferrolho Iosso"},"content":{"rendered":"<p style=\"text-align: center\"><strong><span style=\"font-size: 170%\">Escovas para Transportador de Ferrolho losso<\/span><\/strong><\/p>\n<p>Este kit cont\u00e9m pacotes de Escovas para Transportador de Ferrolho e C\u00e2mara. Elas s\u00e3o dimensionadas com toler\u00e2ncia pr\u00f3xima para limpeza precisa. S\u00e3o feitas de uma fibra azul, que \u00e9 grossa, r\u00edgida e mant\u00e9m sua forma. Isso permite movimentos de vai e vem, diferente das escovas tradicionais de lat\u00e3o e bronze. Podem ser usadas v\u00e1rias vezes antes de ficarem desgastadas.<\/p>\n<table width=\"305\">\n<tbody>\n<tr>\n<td width=\"305\"><strong>AR-15 Transportador de Ferrolho com pino 2 unidades<\/strong><\/td>\n<\/tr>\n<tr>\n<td><strong>AR.308 Rifle Transportador de Ferrolho com pino 2 unidades<\/strong><\/td>\n<\/tr>\n<\/tbody>\n<\/table>\n","protected":false},"excerpt":{"rendered":"<p><strong>Dimensionado com toler\u00e2ncia fechada para limpeza de precis\u00e3o<\/strong><\/p>\n","protected":false},"featured_media":107715,"template":"","meta":{"_acf_changed":false},"product_brand":[11485],"product_cat":[1439,1440],"product_tag":[],"class_list":{"0":"post-211534","1":"product","2":"type-product","3":"status-publish","4":"has-post-thumbnail","6":"product_brand-iosso","7":"product_cat-brushes-pt-pt","8":"product_cat-maintenance-pt-pt","9":"pa_model-ar-308-pt-pt","10":"pa_model-ar-15-pt-pt","12":"first","13":"instock","14":"taxable","15":"shipping-taxable","16":"purchasable","17":"product-type-variable","18":"wvs-archive-product-wrapper"},"acf":[],"_links":{"self":[{"href":"https:\/\/staging.nbg.eu\/pt-pt\/wp-json\/wp\/v2\/product\/211534","targetHints":{"allow":["GET"]}}],"collection":[{"href":"https:\/\/staging.nbg.eu\/pt-pt\/wp-json\/wp\/v2\/product"}],"about":[{"href":"https:\/\/staging.nbg.eu\/pt-pt\/wp-json\/wp\/v2\/types\/product"}],"wp:featuredmedia":[{"embeddable":true,"href":"https:\/\/staging.nbg.eu\/pt-pt\/wp-json\/wp\/v2\/media\/107715"}],"wp:attachment":[{"href":"https:\/\/staging.nbg.eu\/pt-pt\/wp-json\/wp\/v2\/media?parent=211534"}],"wp:term":[{"taxonomy":"product_brand","embeddable":true,"href":"https:\/\/staging.nbg.eu\/pt-pt\/wp-json\/wp\/v2\/product_brand?post=211534"},{"taxonomy":"product_cat","embeddable":true,"href":"https:\/\/staging.nbg.eu\/pt-pt\/wp-json\/wp\/v2\/product_cat?post=211534"},{"taxonomy":"product_tag","embeddable":true,"href":"https:\/\/staging.nbg.eu\/pt-pt\/wp-json\/wp\/v2\/product_tag?post=211534"}],"curies":[{"name":"wp","href":"https:\/\/api.w.org\/{rel}","templated":true}]}}