{"id":199721,"date":"2024-07-29T13:09:29","date_gmt":"2025-02-11T11:07:39","guid":{"rendered":"https:\/\/staging.nbg.eu\/product\/single-pistol-belt-pouch\/"},"modified":"2025-02-11T11:09:54","modified_gmt":"2025-02-11T11:09:54","slug":"bolsa-simples-para-pistola-no-cinto","status":"publish","type":"product","link":"https:\/\/staging.nbg.eu\/pt-pt\/produto\/bolsa-simples-para-pistola-no-cinto\/","title":{"rendered":"Bolsa Simples para Pistola no Cinto"},"content":{"rendered":"<div class=\"product-description\">\n<h2>Bolsa de Cinto para Pistola \u00danica<\/h2>\n<p>Bolsa Ten-Speed\u00ae para um carregador de pistola, oferecendo acesso imediato para uso em servi\u00e7o ou porte velado.<\/p>\n<ul>\n<li>Adequada para cintos de at\u00e9 5 cm de largura<\/li>\n<li>Uso confort\u00e1vel durante todo o dia sem bordas afiadas<\/li>\n<li>Frente el\u00e1stica com laminado ULTRAcomp\u2122<\/li>\n<li>Sistema de fechamento com gancho e la\u00e7o<\/li>\n<li>Acomoda carregadores de pilha \u00fanica ou dupla (at\u00e9 o tamanho HK45\/USP)<\/li>\n<li>Tamb\u00e9m adequada para lanternas, ferramentas multifuncionais ou itens similares<\/li>\n<li>Fixa\u00e7\u00e3o remov\u00edvel para montagem horizontal no cinto<\/li>\n<\/ul>\n<p>Tamanho: 5,7 cm x 11,4 cm | Peso: 20 gramas<\/p>\n<\/div>\n","protected":false},"excerpt":{"rendered":"<p>Bolsa de cinto segura e fina para carregador de pistola ou ferramenta. Acesso r\u00e1pido.<\/p>\n","protected":false},"featured_media":164232,"template":"","meta":{"_acf_changed":false},"product_brand":[11138],"product_cat":[574,1214,575],"product_tag":[],"class_list":{"0":"post-199721","1":"product","2":"type-product","3":"status-publish","4":"has-post-thumbnail","6":"product_brand-blue-force-gear","7":"product_cat-gear-pt-pt","8":"product_cat-magazine-holders-pt-pt","9":"product_cat-pouches-pt-pt","11":"first","12":"instock","13":"taxable","14":"shipping-taxable","15":"purchasable","16":"product-type-simple"},"acf":[],"_links":{"self":[{"href":"https:\/\/staging.nbg.eu\/pt-pt\/wp-json\/wp\/v2\/product\/199721","targetHints":{"allow":["GET"]}}],"collection":[{"href":"https:\/\/staging.nbg.eu\/pt-pt\/wp-json\/wp\/v2\/product"}],"about":[{"href":"https:\/\/staging.nbg.eu\/pt-pt\/wp-json\/wp\/v2\/types\/product"}],"wp:featuredmedia":[{"embeddable":true,"href":"https:\/\/staging.nbg.eu\/pt-pt\/wp-json\/wp\/v2\/media\/164232"}],"wp:attachment":[{"href":"https:\/\/staging.nbg.eu\/pt-pt\/wp-json\/wp\/v2\/media?parent=199721"}],"wp:term":[{"taxonomy":"product_brand","embeddable":true,"href":"https:\/\/staging.nbg.eu\/pt-pt\/wp-json\/wp\/v2\/product_brand?post=199721"},{"taxonomy":"product_cat","embeddable":true,"href":"https:\/\/staging.nbg.eu\/pt-pt\/wp-json\/wp\/v2\/product_cat?post=199721"},{"taxonomy":"product_tag","embeddable":true,"href":"https:\/\/staging.nbg.eu\/pt-pt\/wp-json\/wp\/v2\/product_tag?post=199721"}],"curies":[{"name":"wp","href":"https:\/\/api.w.org\/{rel}","templated":true}]}}