{"id":199096,"date":"2024-06-17T21:23:15","date_gmt":"2025-02-11T09:31:47","guid":{"rendered":"https:\/\/staging.nbg.eu\/product\/blue-force-gear-trauma-kit-now-medium\/"},"modified":"2025-02-11T09:33:48","modified_gmt":"2025-02-11T09:33:48","slug":"kit-trauma-blue-force-gear-now-medio","status":"publish","type":"product","link":"https:\/\/staging.nbg.eu\/pt-pt\/produto\/kit-trauma-blue-force-gear-now-medio\/","title":{"rendered":"Kit Trauma Blue Force Gear NOW! &#8211; M\u00e9dio"},"content":{"rendered":"<h2>Blue Force Gear Kit de Trauma NOW! &#8211; M\u00e9dio Vazio<\/h2>\n<p>O Kit de Trauma NOW! &#8211; M\u00c9DIO \u00e9 um kit m\u00e9dico de emerg\u00eancia de acesso r\u00e1pido projetado para uso com uma m\u00e3o. Originalmente criado para conte\u00fados de IFAK do Ex\u00e9rcito, \u00e9 adapt\u00e1vel a v\u00e1rias configura\u00e7\u00f5es m\u00e9dicas.<\/p>\n<ul>\n<li>Design em duas partes: bolsa externa MOLLE com Sistema de Fixa\u00e7\u00e3o Helium Whisper e suporte interno remov\u00edvel para suprimentos<\/li>\n<li>Bolsa externa afunilada para reten\u00e7\u00e3o segura e remo\u00e7\u00e3o f\u00e1cil<\/li>\n<li>Suporte interno de implanta\u00e7\u00e3o r\u00e1pida com Ponto de \u00cdndice de Carga de Bola (BLIP) para uso em condi\u00e7\u00f5es desafiadoras<\/li>\n<li>Campos MOLLE para fixa\u00e7\u00e3o externa de torniquete<\/li>\n<li>Design vers\u00e1til adequado para uso militar, policial e civil<\/li>\n<\/ul>\n<p>Um dos kits de trauma de implanta\u00e7\u00e3o mais r\u00e1pida do mercado, projetado para situa\u00e7\u00f5es cr\u00edticas onde cada segundo \u00e9 importante.<\/p>\n","protected":false},"excerpt":{"rendered":"<p>Bolsa m\u00e9dica de r\u00e1pida implanta\u00e7\u00e3o com painel interno remov\u00edvel para personaliza\u00e7\u00e3o.<\/p>\n","protected":false},"featured_media":153807,"template":"","meta":{"_acf_changed":false},"product_brand":[11138],"product_cat":[574,1841],"product_tag":[],"class_list":{"0":"post-199096","1":"product","2":"type-product","3":"status-publish","4":"has-post-thumbnail","6":"product_brand-blue-force-gear","7":"product_cat-gear-pt-pt","8":"product_cat-medical-pt-pt","10":"first","11":"instock","12":"taxable","13":"shipping-taxable","14":"purchasable","15":"product-type-variable","16":"wvs-archive-product-wrapper"},"acf":[],"_links":{"self":[{"href":"https:\/\/staging.nbg.eu\/pt-pt\/wp-json\/wp\/v2\/product\/199096","targetHints":{"allow":["GET"]}}],"collection":[{"href":"https:\/\/staging.nbg.eu\/pt-pt\/wp-json\/wp\/v2\/product"}],"about":[{"href":"https:\/\/staging.nbg.eu\/pt-pt\/wp-json\/wp\/v2\/types\/product"}],"wp:featuredmedia":[{"embeddable":true,"href":"https:\/\/staging.nbg.eu\/pt-pt\/wp-json\/wp\/v2\/media\/153807"}],"wp:attachment":[{"href":"https:\/\/staging.nbg.eu\/pt-pt\/wp-json\/wp\/v2\/media?parent=199096"}],"wp:term":[{"taxonomy":"product_brand","embeddable":true,"href":"https:\/\/staging.nbg.eu\/pt-pt\/wp-json\/wp\/v2\/product_brand?post=199096"},{"taxonomy":"product_cat","embeddable":true,"href":"https:\/\/staging.nbg.eu\/pt-pt\/wp-json\/wp\/v2\/product_cat?post=199096"},{"taxonomy":"product_tag","embeddable":true,"href":"https:\/\/staging.nbg.eu\/pt-pt\/wp-json\/wp\/v2\/product_tag?post=199096"}],"curies":[{"name":"wp","href":"https:\/\/api.w.org\/{rel}","templated":true}]}}