{"id":171530,"date":"2024-08-16T19:44:20","date_gmt":"2025-01-21T16:25:47","guid":{"rendered":"https:\/\/staging.nbg.eu\/product\/barwarus-bw-t33-picatinny-rail-cover\/"},"modified":"2025-01-21T16:27:45","modified_gmt":"2025-01-21T16:27:45","slug":"barwarus-bw-t33-protetor-de-trilho-picatinny","status":"publish","type":"product","link":"https:\/\/staging.nbg.eu\/pt-pt\/produto\/barwarus-bw-t33-protetor-de-trilho-picatinny\/","title":{"rendered":"Barwarus BW-T33 Protetor de Trilho Picatinny"},"content":{"rendered":"<div class=\"product-description\">\n<h2>Tampa de Trilho Picatinny Barwarus BW-T33<\/h2>\n<p>Tampa de poeira Barwarus BW-T33 com trilho Picatinny integrado para rifles estilo AK. Compat\u00edvel com rifles esportivos e carabinas baseados no Kalashnikov, esta tampa permite a montagem de v\u00e1rios dispositivos de mira.<\/p>\n<ul>\n<li>Fabricado em liga de alum\u00ednio 7075 T6<\/li>\n<li>Comprimento do trilho Picatinny: 170mm \u00b15mm<\/li>\n<li>Mant\u00e9m a calibra\u00e7\u00e3o ap\u00f3s aberturas e fechamentos repetidos<\/li>\n<li>Montagem segura com cinco parafusos<\/li>\n<li>Peso: 55 oz \u00b10,03 oz<\/li>\n<li>Dimens\u00f5es: 21,7&#8243; \u00b10,5&#8243;<\/li>\n<li>Temperatura de opera\u00e7\u00e3o: -50\u00b0C a +50\u00b0C<\/li>\n<\/ul>\n<p>Observa\u00e7\u00e3o: Torque m\u00e1ximo de 25 lbs. Pode ser necess\u00e1rio lixar.<\/p>\n<\/div>\n","protected":false},"excerpt":{"rendered":"<p>Capa dur\u00e1vel para trilho Picatinny AK. Monta \u00f3ticas, mant\u00e9m o zero.<\/p>\n","protected":false},"featured_media":23463,"template":"","meta":{"_acf_changed":false},"product_brand":[11119],"product_cat":[1376,733,655],"product_tag":[],"class_list":{"0":"post-171530","1":"product","2":"type-product","3":"status-publish","4":"has-post-thumbnail","6":"product_brand-barwarus","7":"product_cat-ak-tuning-pt-pt","8":"product_cat-rails-pt-pt","9":"product_cat-rifle-parts-pt-pt","11":"first","12":"instock","13":"taxable","14":"shipping-taxable","15":"product-type-variable","16":"wvs-archive-product-wrapper"},"acf":[],"_links":{"self":[{"href":"https:\/\/staging.nbg.eu\/pt-pt\/wp-json\/wp\/v2\/product\/171530","targetHints":{"allow":["GET"]}}],"collection":[{"href":"https:\/\/staging.nbg.eu\/pt-pt\/wp-json\/wp\/v2\/product"}],"about":[{"href":"https:\/\/staging.nbg.eu\/pt-pt\/wp-json\/wp\/v2\/types\/product"}],"wp:featuredmedia":[{"embeddable":true,"href":"https:\/\/staging.nbg.eu\/pt-pt\/wp-json\/wp\/v2\/media\/23463"}],"wp:attachment":[{"href":"https:\/\/staging.nbg.eu\/pt-pt\/wp-json\/wp\/v2\/media?parent=171530"}],"wp:term":[{"taxonomy":"product_brand","embeddable":true,"href":"https:\/\/staging.nbg.eu\/pt-pt\/wp-json\/wp\/v2\/product_brand?post=171530"},{"taxonomy":"product_cat","embeddable":true,"href":"https:\/\/staging.nbg.eu\/pt-pt\/wp-json\/wp\/v2\/product_cat?post=171530"},{"taxonomy":"product_tag","embeddable":true,"href":"https:\/\/staging.nbg.eu\/pt-pt\/wp-json\/wp\/v2\/product_tag?post=171530"}],"curies":[{"name":"wp","href":"https:\/\/api.w.org\/{rel}","templated":true}]}}