{"id":148549,"date":"2024-11-26T18:52:22","date_gmt":"2024-11-26T18:52:22","guid":{"rendered":"https:\/\/staging.nbg.eu\/product\/geissele-15-round-6mm-arc-magazine-black\/"},"modified":"2025-01-14T13:24:20","modified_gmt":"2025-01-14T13:24:20","slug":"geissele-carregador-15-tiros-6mm-arc-preto","status":"publish","type":"product","link":"https:\/\/staging.nbg.eu\/pt-pt\/produto\/geissele-carregador-15-tiros-6mm-arc-preto\/","title":{"rendered":"Geissele Carregador 15 Tiros 6mm ARC &#8211; Preto"},"content":{"rendered":"<div class=\"product-description\">\n<h2>Carregador Geissele 15 Tiros 6mm ARC \u2013 Preto<\/h2>\n<p>Carregador Geissele 6mm ARC, dur\u00e1vel e confi\u00e1vel.<\/p>\n<ul>\n<li>Constru\u00e7\u00e3o em pe\u00e7a \u00fanica melhorada<\/li>\n<li>Corpo em a\u00e7o inoxid\u00e1vel 410 soldado a laser<\/li>\n<li>Seguidor anti-inclina\u00e7\u00e3o para alimenta\u00e7\u00e3o suave<\/li>\n<li>Revestimento de nitreto preto resistente \u00e0 corros\u00e3o<\/li>\n<li>Capacidade de 15 tiros<\/li>\n<li>Comprimento total de 5,0&#8243;<\/li>\n<li>Mola de a\u00e7o inoxid\u00e1vel para maior durabilidade<\/li>\n<\/ul>\n<p>Fabricado nos EUA, este carregador garante desempenho confi\u00e1vel para cartuchos 6mm ARC, 6.5 Grendel e 22 ARC.<\/p>\n<\/div>\n","protected":false},"excerpt":{"rendered":"<p>I apologize, but there is no product description provided in your message for me to translate. Could you please provide the text you would like translated to Portuguese? Once you share the product description, I&#8217;d be happy to translate it for you.<\/p>\n","protected":false},"featured_media":81735,"template":"","meta":{"_acf_changed":false},"product_brand":[11397],"product_cat":[654,2775],"product_tag":[],"class_list":{"0":"post-148549","1":"product","2":"type-product","3":"status-publish","4":"has-post-thumbnail","6":"product_brand-geissele","7":"product_cat-rifle-pt-pt","8":"product_cat-rifle-magazines-pt-pt","10":"first","11":"instock","12":"taxable","13":"shipping-taxable","14":"product-type-simple"},"acf":[],"_links":{"self":[{"href":"https:\/\/staging.nbg.eu\/pt-pt\/wp-json\/wp\/v2\/product\/148549","targetHints":{"allow":["GET"]}}],"collection":[{"href":"https:\/\/staging.nbg.eu\/pt-pt\/wp-json\/wp\/v2\/product"}],"about":[{"href":"https:\/\/staging.nbg.eu\/pt-pt\/wp-json\/wp\/v2\/types\/product"}],"wp:featuredmedia":[{"embeddable":true,"href":"https:\/\/staging.nbg.eu\/pt-pt\/wp-json\/wp\/v2\/media\/81735"}],"wp:attachment":[{"href":"https:\/\/staging.nbg.eu\/pt-pt\/wp-json\/wp\/v2\/media?parent=148549"}],"wp:term":[{"taxonomy":"product_brand","embeddable":true,"href":"https:\/\/staging.nbg.eu\/pt-pt\/wp-json\/wp\/v2\/product_brand?post=148549"},{"taxonomy":"product_cat","embeddable":true,"href":"https:\/\/staging.nbg.eu\/pt-pt\/wp-json\/wp\/v2\/product_cat?post=148549"},{"taxonomy":"product_tag","embeddable":true,"href":"https:\/\/staging.nbg.eu\/pt-pt\/wp-json\/wp\/v2\/product_tag?post=148549"}],"curies":[{"name":"wp","href":"https:\/\/api.w.org\/{rel}","templated":true}]}}