{"id":141608,"date":"2025-01-01T20:56:43","date_gmt":"2025-01-10T22:55:38","guid":{"rendered":"https:\/\/staging.nbg.eu\/product\/area-419-ruger-american-short-action-scope-base\/"},"modified":"2025-01-10T22:57:19","modified_gmt":"2025-01-10T22:57:19","slug":"area-419-base-para-mira-ruger-american-acao-curta","status":"publish","type":"product","link":"https:\/\/staging.nbg.eu\/pt-pt\/produto\/area-419-base-para-mira-ruger-american-acao-curta\/","title":{"rendered":"Area 419 &#8211; Base para Mira Ruger American A\u00e7\u00e3o Curta"},"content":{"rendered":"<div class=\"product-description\">\n<h2>Area 419 &#8211; Base de Mira para Ruger American de A\u00e7\u00e3o Curta<\/h2>\n<p>Base de mira para rifle Ruger American. Feita de uma \u00fanica pe\u00e7a de alum\u00ednio T7075, esta base \u00e9:<\/p>\n<ul>\n<li>Usinada internamente para ajuste preciso<\/li>\n<li>Forte e dur\u00e1vel<\/li>\n<li>Anodizada preta tipo III<\/li>\n<li>Projetada com inclina\u00e7\u00e3o de 20MOA para tiros mais longos<\/li>\n<\/ul>\n<p>Inclui uma chave para apertar os parafusos de fixa\u00e7\u00e3o (recomendado: 15 in\/lb). Para tiros de longo alcance.<\/p>\n<h3>Especifica\u00e7\u00f5es:<\/h3>\n<ul>\n<li>Peso: 0,09 kg<\/li>\n<li>Dimens\u00f5es: 21,59 \u00d7 2,54 \u00d7 2,54 cm<\/li>\n<li>Fabricante: Area 419<\/li>\n<li>Tamanho: 20MOA<\/li>\n<\/ul>\n<\/div>\n","protected":false},"excerpt":{"rendered":"<p>Base de mira de 20MOA usinada com precis\u00e3o para rifles Ruger American.<\/p>\n","protected":false},"featured_media":112131,"template":"","meta":{"_acf_changed":false},"product_brand":[11041],"product_cat":[733,654,390],"product_tag":[],"class_list":{"0":"post-141608","1":"product","2":"type-product","3":"status-publish","4":"has-post-thumbnail","6":"product_brand-area-419","7":"product_cat-rails-pt-pt","8":"product_cat-rifle-pt-pt","9":"product_cat-aiming","11":"first","12":"instock","13":"taxable","14":"shipping-taxable","15":"purchasable","16":"product-type-simple"},"acf":[],"_links":{"self":[{"href":"https:\/\/staging.nbg.eu\/pt-pt\/wp-json\/wp\/v2\/product\/141608","targetHints":{"allow":["GET"]}}],"collection":[{"href":"https:\/\/staging.nbg.eu\/pt-pt\/wp-json\/wp\/v2\/product"}],"about":[{"href":"https:\/\/staging.nbg.eu\/pt-pt\/wp-json\/wp\/v2\/types\/product"}],"wp:featuredmedia":[{"embeddable":true,"href":"https:\/\/staging.nbg.eu\/pt-pt\/wp-json\/wp\/v2\/media\/112131"}],"wp:attachment":[{"href":"https:\/\/staging.nbg.eu\/pt-pt\/wp-json\/wp\/v2\/media?parent=141608"}],"wp:term":[{"taxonomy":"product_brand","embeddable":true,"href":"https:\/\/staging.nbg.eu\/pt-pt\/wp-json\/wp\/v2\/product_brand?post=141608"},{"taxonomy":"product_cat","embeddable":true,"href":"https:\/\/staging.nbg.eu\/pt-pt\/wp-json\/wp\/v2\/product_cat?post=141608"},{"taxonomy":"product_tag","embeddable":true,"href":"https:\/\/staging.nbg.eu\/pt-pt\/wp-json\/wp\/v2\/product_tag?post=141608"}],"curies":[{"name":"wp","href":"https:\/\/api.w.org\/{rel}","templated":true}]}}