{"id":141500,"date":"2025-01-04T07:53:30","date_gmt":"2025-01-10T22:37:47","guid":{"rendered":"https:\/\/staging.nbg.eu\/product\/area-419-s-m-a-l-single-mlok-arcalock-rail\/"},"modified":"2025-01-10T22:39:29","modified_gmt":"2025-01-10T22:39:29","slug":"area-419-smal-trilho-arcalock-mlok-simples","status":"publish","type":"product","link":"https:\/\/staging.nbg.eu\/pt-pt\/produto\/area-419-smal-trilho-arcalock-mlok-simples\/","title":{"rendered":"Area 419 &#8211; S.M.A.L. &#8211; Trilho ARCALOCK MLOK Simples"},"content":{"rendered":"<div class=\"product-description\">\n<h2>Area 419 &#8211; S.M.A.L. &#8211; Trilho ARCALOCK MLOK \u00danico<\/h2>\n<p>O trilho S.M.A.L. (ARCALOCK MLOK \u00danico) \u00e9 adequado para montar tel\u00eametros, bin\u00f3culos, lunetas e rifles de cano curto.<\/p>\n<ul>\n<li>Pontos de montagem MLOK com hardware inclu\u00eddo<\/li>\n<li>Ponto de montagem central 1\/4-20 (hardware inclu\u00eddo)<\/li>\n<li>Fabricado nos Estados Unidos em alum\u00ednio 6061-T6<\/li>\n<li>Acabamento anodizado preto<\/li>\n<\/ul>\n<h3>Especifica\u00e7\u00f5es:<\/h3>\n<ul>\n<li>Peso: 0,18 kg<\/li>\n<li>Dimens\u00f5es: 15,24 \u00d7 10,16 \u00d7 2,54 cm<\/li>\n<\/ul>\n<p>O trilho S.M.A.L. oferece uma solu\u00e7\u00e3o de montagem para seu equipamento de precis\u00e3o.<\/p>\n<\/div>\n","protected":false},"excerpt":{"rendered":"<p>Trilho ARCALOCK MLOK compacto para montagem vers\u00e1til. Fabricado nos EUA, em alum\u00ednio 6061-T6.<\/p>\n","protected":false},"featured_media":115749,"template":"","meta":{"_acf_changed":false},"product_brand":[11041],"product_cat":[733,654,390],"product_tag":[],"class_list":{"0":"post-141500","1":"product","2":"type-product","3":"status-publish","4":"has-post-thumbnail","6":"product_brand-area-419","7":"product_cat-rails-pt-pt","8":"product_cat-rifle-pt-pt","9":"product_cat-aiming","11":"first","12":"instock","13":"taxable","14":"shipping-taxable","15":"purchasable","16":"product-type-simple"},"acf":[],"_links":{"self":[{"href":"https:\/\/staging.nbg.eu\/pt-pt\/wp-json\/wp\/v2\/product\/141500","targetHints":{"allow":["GET"]}}],"collection":[{"href":"https:\/\/staging.nbg.eu\/pt-pt\/wp-json\/wp\/v2\/product"}],"about":[{"href":"https:\/\/staging.nbg.eu\/pt-pt\/wp-json\/wp\/v2\/types\/product"}],"wp:featuredmedia":[{"embeddable":true,"href":"https:\/\/staging.nbg.eu\/pt-pt\/wp-json\/wp\/v2\/media\/115749"}],"wp:attachment":[{"href":"https:\/\/staging.nbg.eu\/pt-pt\/wp-json\/wp\/v2\/media?parent=141500"}],"wp:term":[{"taxonomy":"product_brand","embeddable":true,"href":"https:\/\/staging.nbg.eu\/pt-pt\/wp-json\/wp\/v2\/product_brand?post=141500"},{"taxonomy":"product_cat","embeddable":true,"href":"https:\/\/staging.nbg.eu\/pt-pt\/wp-json\/wp\/v2\/product_cat?post=141500"},{"taxonomy":"product_tag","embeddable":true,"href":"https:\/\/staging.nbg.eu\/pt-pt\/wp-json\/wp\/v2\/product_tag?post=141500"}],"curies":[{"name":"wp","href":"https:\/\/api.w.org\/{rel}","templated":true}]}}