{"id":141397,"date":"2025-01-04T07:20:19","date_gmt":"2025-01-10T22:33:18","guid":{"rendered":"https:\/\/staging.nbg.eu\/product\/area-419-arcalock-clamp\/"},"modified":"2025-01-10T22:35:01","modified_gmt":"2025-01-10T22:35:01","slug":"area-419-arcalock-grampo","status":"publish","type":"product","link":"https:\/\/staging.nbg.eu\/pt-pt\/produto\/area-419-arcalock-grampo\/","title":{"rendered":"Area 419 &#8211; ARCALOCK Grampo"},"content":{"rendered":"<div class=\"product-description\">\n<h2>Area 419 &#8211; Bra\u00e7adeira ARCALOCK<\/h2>\n<p>A bra\u00e7adeira ARCALOCK da Area 419 funciona em todos os trilhos ARCA\/1,5&#8243; padr\u00e3o, oferecendo uma solu\u00e7\u00e3o mecanicamente travada para maior estabilidade.<\/p>\n<ul>\n<li>Design de parafuso em duas etapas para movimento r\u00e1pido e torque extra<\/li>\n<li>Compat\u00edvel com Bip\u00e9s Atlas e adapt\u00e1vel para Bip\u00e9s Harris<\/li>\n<li>Funcionalidade de parada de barricada<\/li>\n<li>Compat\u00edvel com trilhos ARCA padr\u00e3o<\/li>\n<li>Fabricado em alum\u00ednio 6061-T6 com anodiza\u00e7\u00e3o Tipo III<\/li>\n<li>Peso de 72,5 gramas<\/li>\n<\/ul>\n<p>A bra\u00e7adeira ARCALOCK da Area 419 oferece estabilidade e precis\u00e3o para sua configura\u00e7\u00e3o de rifle de precis\u00e3o.<\/p>\n<\/div>\n","protected":false},"excerpt":{"rendered":"<p>Bra\u00e7adeira ARCA segura com mecanismo de travamento para rifles de precis\u00e3o.<\/p>\n","protected":false},"featured_media":115256,"template":"","meta":{"_acf_changed":false},"product_brand":[11041],"product_cat":[733,654],"product_tag":[],"class_list":{"0":"post-141397","1":"product","2":"type-product","3":"status-publish","4":"has-post-thumbnail","6":"product_brand-area-419","7":"product_cat-rails-pt-pt","8":"product_cat-rifle-pt-pt","10":"first","11":"instock","12":"taxable","13":"shipping-taxable","14":"purchasable","15":"product-type-simple"},"acf":[],"_links":{"self":[{"href":"https:\/\/staging.nbg.eu\/pt-pt\/wp-json\/wp\/v2\/product\/141397","targetHints":{"allow":["GET"]}}],"collection":[{"href":"https:\/\/staging.nbg.eu\/pt-pt\/wp-json\/wp\/v2\/product"}],"about":[{"href":"https:\/\/staging.nbg.eu\/pt-pt\/wp-json\/wp\/v2\/types\/product"}],"wp:featuredmedia":[{"embeddable":true,"href":"https:\/\/staging.nbg.eu\/pt-pt\/wp-json\/wp\/v2\/media\/115256"}],"wp:attachment":[{"href":"https:\/\/staging.nbg.eu\/pt-pt\/wp-json\/wp\/v2\/media?parent=141397"}],"wp:term":[{"taxonomy":"product_brand","embeddable":true,"href":"https:\/\/staging.nbg.eu\/pt-pt\/wp-json\/wp\/v2\/product_brand?post=141397"},{"taxonomy":"product_cat","embeddable":true,"href":"https:\/\/staging.nbg.eu\/pt-pt\/wp-json\/wp\/v2\/product_cat?post=141397"},{"taxonomy":"product_tag","embeddable":true,"href":"https:\/\/staging.nbg.eu\/pt-pt\/wp-json\/wp\/v2\/product_tag?post=141397"}],"curies":[{"name":"wp","href":"https:\/\/api.w.org\/{rel}","templated":true}]}}