{"id":141279,"date":"2025-01-04T07:26:25","date_gmt":"2025-01-10T21:46:38","guid":{"rendered":"https:\/\/staging.nbg.eu\/product\/area-419-arcalock-clamp-black\/"},"modified":"2025-01-10T21:48:20","modified_gmt":"2025-01-10T21:48:20","slug":"area-419-arcalock-grampo-preto","status":"publish","type":"product","link":"https:\/\/staging.nbg.eu\/pt-pt\/produto\/area-419-arcalock-grampo-preto\/","title":{"rendered":"Area 419 &#8211; ARCALOCK Grampo preto"},"content":{"rendered":"<div class=\"product-description\">\n<h2>Area 419 &#8211; Grampo ARCALOCK (Preto)<\/h2>\n<p>O grampo Area 419 ARCALOCK em preto funciona em todos os trilhos de cauda de andorinha ARCA\/1,5&#8243; padr\u00e3o, oferecendo uma solu\u00e7\u00e3o mecanicamente travada para maior estabilidade.<\/p>\n<ul>\n<li>Design de parafuso em duas etapas para movimento r\u00e1pido e torque extra<\/li>\n<li>Compat\u00edvel com Bip\u00e9s Atlas e adapt\u00e1vel para Bip\u00e9s Harris<\/li>\n<li>Compat\u00edvel com trilhos ARCA padr\u00e3o<\/li>\n<li>Fabricado em alum\u00ednio 6061-T6 com acabamento anodizado preto Tipo III<\/li>\n<li>Parafuso em a\u00e7o inoxid\u00e1vel 303<\/li>\n<li>Peso: 72,5 gramas<\/li>\n<\/ul>\n<p>O grampo Area 419 ARCALOCK \u00e9 projetado e fabricado nos EUA.<\/p>\n<\/div>\n","protected":false},"excerpt":{"rendered":"<p>Grampo de trilho ARCA seguro com bot\u00e3o preto para rifles de precis\u00e3o.<\/p>\n","protected":false},"featured_media":115380,"template":"","meta":{"_acf_changed":false},"product_brand":[11041],"product_cat":[733,654,390],"product_tag":[],"class_list":{"0":"post-141279","1":"product","2":"type-product","3":"status-publish","4":"has-post-thumbnail","6":"product_brand-area-419","7":"product_cat-rails-pt-pt","8":"product_cat-rifle-pt-pt","9":"product_cat-aiming","11":"first","12":"instock","13":"taxable","14":"shipping-taxable","15":"purchasable","16":"product-type-simple"},"acf":[],"_links":{"self":[{"href":"https:\/\/staging.nbg.eu\/pt-pt\/wp-json\/wp\/v2\/product\/141279","targetHints":{"allow":["GET"]}}],"collection":[{"href":"https:\/\/staging.nbg.eu\/pt-pt\/wp-json\/wp\/v2\/product"}],"about":[{"href":"https:\/\/staging.nbg.eu\/pt-pt\/wp-json\/wp\/v2\/types\/product"}],"wp:featuredmedia":[{"embeddable":true,"href":"https:\/\/staging.nbg.eu\/pt-pt\/wp-json\/wp\/v2\/media\/115380"}],"wp:attachment":[{"href":"https:\/\/staging.nbg.eu\/pt-pt\/wp-json\/wp\/v2\/media?parent=141279"}],"wp:term":[{"taxonomy":"product_brand","embeddable":true,"href":"https:\/\/staging.nbg.eu\/pt-pt\/wp-json\/wp\/v2\/product_brand?post=141279"},{"taxonomy":"product_cat","embeddable":true,"href":"https:\/\/staging.nbg.eu\/pt-pt\/wp-json\/wp\/v2\/product_cat?post=141279"},{"taxonomy":"product_tag","embeddable":true,"href":"https:\/\/staging.nbg.eu\/pt-pt\/wp-json\/wp\/v2\/product_tag?post=141279"}],"curies":[{"name":"wp","href":"https:\/\/api.w.org\/{rel}","templated":true}]}}