{"id":140985,"date":"2025-01-04T08:28:27","date_gmt":"2025-01-04T08:28:27","guid":{"rendered":"https:\/\/staging.nbg.eu\/product\/area-419-arcalock-dual-clamp-with-picatinny\/"},"modified":"2025-01-10T19:10:22","modified_gmt":"2025-01-10T19:10:22","slug":"area-419-arcalock-grampo-duplo-com-picatinny","status":"publish","type":"product","link":"https:\/\/staging.nbg.eu\/pt-pt\/produto\/area-419-arcalock-grampo-duplo-com-picatinny\/","title":{"rendered":"Area 419 &#8211; ARCALOCK Grampo Duplo com Picatinny"},"content":{"rendered":"<div class=\"product-description\">\n<h2>Area 419 &#8211; ARCALOCK Bra\u00e7adeira Dupla com Picatinny<\/h2>\n<p>Uma solu\u00e7\u00e3o de montagem para rifles com dupla funcionalidade para trilhos ARCALOCK e Picatinny.<\/p>\n<ul>\n<li>Tens\u00e3o ajust\u00e1vel para ambas as superf\u00edcies<\/li>\n<li>Interruptor ARCALOCK &#8220;Ligado\/Desligado&#8221; para compatibilidade com v\u00e1rios fabricantes<\/li>\n<li>Componentes em a\u00e7o endurecido para fixa\u00e7\u00e3o Picatinny<\/li>\n<li>Anexo ARMS 17S para uso com bip\u00e9s<\/li>\n<\/ul>\n<p>Fabricado em alum\u00ednio 6061-T6 e a\u00e7o inoxid\u00e1vel, pesa 0,57 kg e mede 15,24 cm \u00d7 8,89 cm \u00d7 5,08 cm. Para tiro de m\u00e9dio a longo alcance.<\/p>\n<p><strong>Nota:<\/strong> N\u00e3o compat\u00edvel com todos os dispositivos Area 419 ARCALOCK, incluindo Garmin XERO Arms e RailChanger X.<\/p>\n<\/div>\n","protected":false},"excerpt":{"rendered":"<p>Grampo vers\u00e1til ARCALOCK\/Picatinny para tiro de precis\u00e3o.<\/p>\n","protected":false},"featured_media":115959,"template":"","meta":{"_acf_changed":false},"product_brand":[11041],"product_cat":[733,654],"product_tag":[],"class_list":{"0":"post-140985","1":"product","2":"type-product","3":"status-publish","4":"has-post-thumbnail","6":"product_brand-area-419","7":"product_cat-rails-pt-pt","8":"product_cat-rifle-pt-pt","10":"first","11":"outofstock","12":"taxable","13":"shipping-taxable","14":"purchasable","15":"product-type-simple"},"acf":[],"_links":{"self":[{"href":"https:\/\/staging.nbg.eu\/pt-pt\/wp-json\/wp\/v2\/product\/140985","targetHints":{"allow":["GET"]}}],"collection":[{"href":"https:\/\/staging.nbg.eu\/pt-pt\/wp-json\/wp\/v2\/product"}],"about":[{"href":"https:\/\/staging.nbg.eu\/pt-pt\/wp-json\/wp\/v2\/types\/product"}],"wp:featuredmedia":[{"embeddable":true,"href":"https:\/\/staging.nbg.eu\/pt-pt\/wp-json\/wp\/v2\/media\/115959"}],"wp:attachment":[{"href":"https:\/\/staging.nbg.eu\/pt-pt\/wp-json\/wp\/v2\/media?parent=140985"}],"wp:term":[{"taxonomy":"product_brand","embeddable":true,"href":"https:\/\/staging.nbg.eu\/pt-pt\/wp-json\/wp\/v2\/product_brand?post=140985"},{"taxonomy":"product_cat","embeddable":true,"href":"https:\/\/staging.nbg.eu\/pt-pt\/wp-json\/wp\/v2\/product_cat?post=140985"},{"taxonomy":"product_tag","embeddable":true,"href":"https:\/\/staging.nbg.eu\/pt-pt\/wp-json\/wp\/v2\/product_tag?post=140985"}],"curies":[{"name":"wp","href":"https:\/\/api.w.org\/{rel}","templated":true}]}}