{"id":140878,"date":"2025-01-04T07:33:44","date_gmt":"2025-01-10T19:02:00","guid":{"rendered":"https:\/\/staging.nbg.eu\/product\/area-419-arcalock-qd-clamp\/"},"modified":"2025-01-10T19:03:46","modified_gmt":"2025-01-10T19:03:46","slug":"area-419-arcalock-grampo-qd","status":"publish","type":"product","link":"https:\/\/staging.nbg.eu\/pt-pt\/produto\/area-419-arcalock-grampo-qd\/","title":{"rendered":"Area 419 &#8211; ARCALOCK Grampo QD"},"content":{"rendered":"<div class=\"product-description\">\n<h2>Area 419 &#8211; Bra\u00e7adeira ARCALOCK QD<\/h2>\n<p>A bra\u00e7adeira ARCALOCK QD da Area 419 funciona em todos os trilhos padr\u00e3o ARCA\/1,5&#8243; tipo rabo de andorinha, oferecendo uma solu\u00e7\u00e3o mecanicamente travada para maior estabilidade.<\/p>\n<ul>\n<li>Design de parafuso em duas etapas para movimento r\u00e1pido e torque adicional<\/li>\n<li>Compat\u00edvel com bip\u00e9s Atlas e adapt\u00e1vel para bip\u00e9s Harris<\/li>\n<li>Compat\u00edvel com trilhos ARCA padr\u00e3o<\/li>\n<li>Fabricado em alum\u00ednio 6061-T6 com anodiza\u00e7\u00e3o preta Tipo III<\/li>\n<li>Parafuso em a\u00e7o inoxid\u00e1vel 303 para durabilidade<\/li>\n<li>Peso de 72,5 gramas<\/li>\n<\/ul>\n<p>A bra\u00e7adeira ARCALOCK QD \u00e9 projetada e fabricada nos EUA pela Area 419.<\/p>\n<\/div>\n","protected":false},"excerpt":{"rendered":"<p>Bra\u00e7adeira ARCA de desacoplamento r\u00e1pido com mecanismo de bloqueio para montagem segura.<\/p>\n","protected":false},"featured_media":115502,"template":"","meta":{"_acf_changed":false},"product_brand":[11041],"product_cat":[733,654,390],"product_tag":[],"class_list":{"0":"post-140878","1":"product","2":"type-product","3":"status-publish","4":"has-post-thumbnail","6":"product_brand-area-419","7":"product_cat-rails-pt-pt","8":"product_cat-rifle-pt-pt","9":"product_cat-aiming","11":"first","12":"instock","13":"taxable","14":"shipping-taxable","15":"purchasable","16":"product-type-simple"},"acf":[],"_links":{"self":[{"href":"https:\/\/staging.nbg.eu\/pt-pt\/wp-json\/wp\/v2\/product\/140878","targetHints":{"allow":["GET"]}}],"collection":[{"href":"https:\/\/staging.nbg.eu\/pt-pt\/wp-json\/wp\/v2\/product"}],"about":[{"href":"https:\/\/staging.nbg.eu\/pt-pt\/wp-json\/wp\/v2\/types\/product"}],"wp:featuredmedia":[{"embeddable":true,"href":"https:\/\/staging.nbg.eu\/pt-pt\/wp-json\/wp\/v2\/media\/115502"}],"wp:attachment":[{"href":"https:\/\/staging.nbg.eu\/pt-pt\/wp-json\/wp\/v2\/media?parent=140878"}],"wp:term":[{"taxonomy":"product_brand","embeddable":true,"href":"https:\/\/staging.nbg.eu\/pt-pt\/wp-json\/wp\/v2\/product_brand?post=140878"},{"taxonomy":"product_cat","embeddable":true,"href":"https:\/\/staging.nbg.eu\/pt-pt\/wp-json\/wp\/v2\/product_cat?post=140878"},{"taxonomy":"product_tag","embeddable":true,"href":"https:\/\/staging.nbg.eu\/pt-pt\/wp-json\/wp\/v2\/product_tag?post=140878"}],"curies":[{"name":"wp","href":"https:\/\/api.w.org\/{rel}","templated":true}]}}