{"id":140597,"date":"2025-01-04T07:09:46","date_gmt":"2025-01-10T17:49:19","guid":{"rendered":"https:\/\/staging.nbg.eu\/product\/area-419-arcalock-arm-for-garmin-xero\/"},"modified":"2025-01-10T17:51:13","modified_gmt":"2025-01-10T17:51:13","slug":"area-419-arcalock-braco-para-garmin-xero","status":"publish","type":"product","link":"https:\/\/staging.nbg.eu\/pt-pt\/produto\/area-419-arcalock-braco-para-garmin-xero\/","title":{"rendered":"Area 419 &#8211; ARCALOCK Bra\u00e7o para Garmin Xero"},"content":{"rendered":"<div class=\"product-description\">\n<h2>Area 419 &#8211; Bra\u00e7o ARCALOCK para Garmin Xero C1<\/h2>\n<p>Aumente as op\u00e7\u00f5es de montagem do seu Garmin Xero C1 com nosso Bra\u00e7o ARCALOCK. Este acess\u00f3rio permite v\u00e1rias op\u00e7\u00f5es de montagem:<\/p>\n<ul>\n<li>Alinhado com o cano (montagem frontal ou lateral)<\/li>\n<li>Deslocado usando trilho ARCA ou trilho picatinny alongado<\/li>\n<li>Destac\u00e1vel para uso em qualquer trip\u00e9 compat\u00edvel com ARCA<\/li>\n<\/ul>\n<p>Fabricado em alum\u00ednio usinado, este bra\u00e7o possui um padr\u00e3o de montagem 17S compat\u00edvel com nossas bra\u00e7adeiras Arcalock ou bra\u00e7adeira de alavanca picatinny QD. Um complemento para o seu Cron\u00f3grafo Garmin Xero C1!<\/p>\n<h3>Especifica\u00e7\u00f5es:<\/h3>\n<ul>\n<li>Peso: 454 g<\/li>\n<li>Dimens\u00f5es: 15,24 cm \u00d7 10,16 cm \u00d7 2,54 cm<\/li>\n<\/ul>\n<\/div>\n","protected":false},"excerpt":{"rendered":"<p>Suporte vers\u00e1til para Garmin Xero C1: Compat\u00edvel com cano, trilho ou trip\u00e9.<\/p>\n","protected":false},"featured_media":114890,"template":"","meta":{"_acf_changed":false},"product_brand":[11041],"product_cat":[733,654],"product_tag":[],"class_list":{"0":"post-140597","1":"product","2":"type-product","3":"status-publish","4":"has-post-thumbnail","6":"product_brand-area-419","7":"product_cat-rails-pt-pt","8":"product_cat-rifle-pt-pt","10":"first","11":"instock","12":"taxable","13":"shipping-taxable","14":"purchasable","15":"product-type-variable","16":"wvs-archive-product-wrapper"},"acf":[],"_links":{"self":[{"href":"https:\/\/staging.nbg.eu\/pt-pt\/wp-json\/wp\/v2\/product\/140597","targetHints":{"allow":["GET"]}}],"collection":[{"href":"https:\/\/staging.nbg.eu\/pt-pt\/wp-json\/wp\/v2\/product"}],"about":[{"href":"https:\/\/staging.nbg.eu\/pt-pt\/wp-json\/wp\/v2\/types\/product"}],"wp:featuredmedia":[{"embeddable":true,"href":"https:\/\/staging.nbg.eu\/pt-pt\/wp-json\/wp\/v2\/media\/114890"}],"wp:attachment":[{"href":"https:\/\/staging.nbg.eu\/pt-pt\/wp-json\/wp\/v2\/media?parent=140597"}],"wp:term":[{"taxonomy":"product_brand","embeddable":true,"href":"https:\/\/staging.nbg.eu\/pt-pt\/wp-json\/wp\/v2\/product_brand?post=140597"},{"taxonomy":"product_cat","embeddable":true,"href":"https:\/\/staging.nbg.eu\/pt-pt\/wp-json\/wp\/v2\/product_cat?post=140597"},{"taxonomy":"product_tag","embeddable":true,"href":"https:\/\/staging.nbg.eu\/pt-pt\/wp-json\/wp\/v2\/product_tag?post=140597"}],"curies":[{"name":"wp","href":"https:\/\/api.w.org\/{rel}","templated":true}]}}