{"id":140173,"date":"2025-01-04T04:53:09","date_gmt":"2025-01-10T14:01:18","guid":{"rendered":"https:\/\/staging.nbg.eu\/product\/area-419-arcalock-12-universal-dovetail-rail\/"},"modified":"2025-01-10T14:02:58","modified_gmt":"2025-01-10T14:02:58","slug":"area-419-trilho-cauda-de-andorinha-universal-arcalock-12","status":"publish","type":"product","link":"https:\/\/staging.nbg.eu\/pt-pt\/produto\/area-419-trilho-cauda-de-andorinha-universal-arcalock-12\/","title":{"rendered":"Area 419 &#8211; Trilho Cauda de Andorinha Universal ARCALOCK 12&#8243;"},"content":{"rendered":"<div class=\"product-description\">\n<h2>Area 419 &#8211; Trilho Universal Rabo de Andorinha ARCALOCK de 12&#8243;<\/h2>\n<p>Trilho Universal Rabo de Andorinha ARCALOCK de 12&#8243; da Area 419. Este trilho possui:<\/p>\n<ul>\n<li>Laterais serrilhadas para travamento mec\u00e2nico com grampos Area 419<\/li>\n<li>Compatibilidade retroativa com acess\u00f3rios Arca padr\u00e3o<\/li>\n<li>Comprimento de 12&#8243;<\/li>\n<li>Peso de 4,1 on\u00e7as<\/li>\n<li>Compatibilidade com o padr\u00e3o RRS 1,5&#8243; Rabo de Andorinha<\/li>\n<li>Bordas arredondadas<\/li>\n<li>M\u00faltiplos pontos de fixa\u00e7\u00e3o<\/li>\n<li>Constru\u00e7\u00e3o em alum\u00ednio 6061-T6 anodizado Tipo 3<\/li>\n<li>Fabricado nos EUA<\/li>\n<\/ul>\n<p>Sistema de trilho ARCALOCK. Hardware MLOK n\u00e3o inclu\u00eddo.<\/p>\n<\/div>\n","protected":false},"excerpt":{"rendered":"<p>Trilho ARCA de 12&#8243; com trava para rifles de precis\u00e3o. Hardware MLOK n\u00e3o inclu\u00eddo.<\/p>\n","protected":false},"featured_media":114657,"template":"","meta":{"_acf_changed":false},"product_brand":[11041],"product_cat":[733,654,390],"product_tag":[],"class_list":{"0":"post-140173","1":"product","2":"type-product","3":"status-publish","4":"has-post-thumbnail","6":"product_brand-area-419","7":"product_cat-rails-pt-pt","8":"product_cat-rifle-pt-pt","9":"product_cat-aiming","11":"first","12":"instock","13":"taxable","14":"shipping-taxable","15":"purchasable","16":"product-type-simple"},"acf":[],"_links":{"self":[{"href":"https:\/\/staging.nbg.eu\/pt-pt\/wp-json\/wp\/v2\/product\/140173","targetHints":{"allow":["GET"]}}],"collection":[{"href":"https:\/\/staging.nbg.eu\/pt-pt\/wp-json\/wp\/v2\/product"}],"about":[{"href":"https:\/\/staging.nbg.eu\/pt-pt\/wp-json\/wp\/v2\/types\/product"}],"wp:featuredmedia":[{"embeddable":true,"href":"https:\/\/staging.nbg.eu\/pt-pt\/wp-json\/wp\/v2\/media\/114657"}],"wp:attachment":[{"href":"https:\/\/staging.nbg.eu\/pt-pt\/wp-json\/wp\/v2\/media?parent=140173"}],"wp:term":[{"taxonomy":"product_brand","embeddable":true,"href":"https:\/\/staging.nbg.eu\/pt-pt\/wp-json\/wp\/v2\/product_brand?post=140173"},{"taxonomy":"product_cat","embeddable":true,"href":"https:\/\/staging.nbg.eu\/pt-pt\/wp-json\/wp\/v2\/product_cat?post=140173"},{"taxonomy":"product_tag","embeddable":true,"href":"https:\/\/staging.nbg.eu\/pt-pt\/wp-json\/wp\/v2\/product_tag?post=140173"}],"curies":[{"name":"wp","href":"https:\/\/api.w.org\/{rel}","templated":true}]}}