{"id":139615,"date":"2025-01-04T11:00:05","date_gmt":"2025-01-10T12:07:34","guid":{"rendered":"https:\/\/staging.nbg.eu\/product\/area-419-improved-bipod-picatinny-rail-ibr\/"},"modified":"2025-01-10T12:30:35","modified_gmt":"2025-01-10T12:30:35","slug":"area-419-trilho-picatinny-para-bipe-melhorado-ibr","status":"publish","type":"product","link":"https:\/\/staging.nbg.eu\/pt-pt\/produto\/area-419-trilho-picatinny-para-bipe-melhorado-ibr\/","title":{"rendered":"Area 419 &#8211; Trilho Picatinny para Bip\u00e9 Melhorado (IBR)"},"content":{"rendered":"<div class=\"product-description\">\n<h2>Area 419 &#8211; Trilho Picatinny para Bip\u00e9 Aprimorado (IBR)<\/h2>\n<p>O Area 419 IBR \u00e9 um trilho de 4,8&#8243; com 10 ranhuras, oferecendo 43% mais versatilidade que os concorrentes. Pesa 1,09oz, sendo mais leve e capaz.<\/p>\n<ul>\n<li>Usinado com precis\u00e3o, com cantos arredondados e bordas chanfradas<\/li>\n<li>Acomoda espa\u00e7amento de furos de parafuso de 1,5&#8243; a 3,475&#8243;<\/li>\n<li>Al\u00e7a de largura total para montagens de bip\u00e9 estilo Larue<\/li>\n<li>Todas as ranhuras s\u00e3o utiliz\u00e1veis independentemente da coloca\u00e7\u00e3o dos parafusos<\/li>\n<li>Fabricado em alum\u00ednio 7075-T651 para resist\u00eancia e leveza<\/li>\n<li>Produzido nos EUA com materiais de origem americana<\/li>\n<li>Inclui hardware de montagem para f\u00e1cil instala\u00e7\u00e3o<\/li>\n<\/ul>\n<p>O Area 419 IBR oferece qualidade e funcionalidade.<\/p>\n<\/div>\n","protected":false},"excerpt":{"rendered":"<p>IBR da Area 419: Trilho leve e dur\u00e1vel para bip\u00e9 com 10 ranhuras.<\/p>\n","protected":false},"featured_media":118183,"template":"","meta":{"_acf_changed":false},"product_brand":[11041],"product_cat":[733,654],"product_tag":[],"class_list":{"0":"post-139615","1":"product","2":"type-product","3":"status-publish","4":"has-post-thumbnail","6":"product_brand-area-419","7":"product_cat-rails-pt-pt","8":"product_cat-rifle-pt-pt","10":"first","11":"instock","12":"taxable","13":"shipping-taxable","14":"purchasable","15":"product-type-variable","16":"wvs-archive-product-wrapper"},"acf":[],"_links":{"self":[{"href":"https:\/\/staging.nbg.eu\/pt-pt\/wp-json\/wp\/v2\/product\/139615","targetHints":{"allow":["GET"]}}],"collection":[{"href":"https:\/\/staging.nbg.eu\/pt-pt\/wp-json\/wp\/v2\/product"}],"about":[{"href":"https:\/\/staging.nbg.eu\/pt-pt\/wp-json\/wp\/v2\/types\/product"}],"wp:featuredmedia":[{"embeddable":true,"href":"https:\/\/staging.nbg.eu\/pt-pt\/wp-json\/wp\/v2\/media\/118183"}],"wp:attachment":[{"href":"https:\/\/staging.nbg.eu\/pt-pt\/wp-json\/wp\/v2\/media?parent=139615"}],"wp:term":[{"taxonomy":"product_brand","embeddable":true,"href":"https:\/\/staging.nbg.eu\/pt-pt\/wp-json\/wp\/v2\/product_brand?post=139615"},{"taxonomy":"product_cat","embeddable":true,"href":"https:\/\/staging.nbg.eu\/pt-pt\/wp-json\/wp\/v2\/product_cat?post=139615"},{"taxonomy":"product_tag","embeddable":true,"href":"https:\/\/staging.nbg.eu\/pt-pt\/wp-json\/wp\/v2\/product_tag?post=139615"}],"curies":[{"name":"wp","href":"https:\/\/api.w.org\/{rel}","templated":true}]}}