{"id":139324,"date":"2025-01-04T11:28:41","date_gmt":"2025-01-04T11:28:41","guid":{"rendered":"https:\/\/staging.nbg.eu\/product\/area-419-3-inch-stackable-drop-tube\/"},"modified":"2025-01-10T10:36:43","modified_gmt":"2025-01-10T10:36:43","slug":"area-419-tubo-de-queda-empilhavel-de-3-polegadas","status":"publish","type":"product","link":"https:\/\/staging.nbg.eu\/pt-pt\/produto\/area-419-tubo-de-queda-empilhavel-de-3-polegadas\/","title":{"rendered":"Area 419 &#8211; Tubo de Queda Empilh\u00e1vel de 3 Polegadas"},"content":{"rendered":"<h2>Area 419 &#8211; Tubo de Queda Empilh\u00e1vel de 3 Polegadas<\/h2>\n<p>O Tubo de Queda Empilh\u00e1vel de 3 Polegadas da Area 419 \u00e9 projetado para uso com p\u00f3lvoras extrudadas, permitindo um preenchimento mais completo do estojo al\u00e9m das capacidades padr\u00e3o.<\/p>\n<h2>Caracter\u00edsticas principais:<\/h2>\n<ul>\n<li>Compat\u00edvel com o sistema de funil de p\u00f3lvora com cabe\u00e7a intercambi\u00e1vel Area 419<\/li>\n<li>Comprimento de 3&#8243;, empilh\u00e1vel para alturas personalizadas<\/li>\n<li>Aceita cabe\u00e7as espec\u00edficas para cada calibre<\/li>\n<li>Usinado em alum\u00ednio s\u00f3lido 6061-T6<\/li>\n<li>Acabamento anodizado Tipo II<\/li>\n<\/ul>\n<h2>Especifica\u00e7\u00f5es:<\/h2>\n<ul>\n<li>Peso: 0,2 lbs<\/li>\n<li>Dimens\u00f5es: 3&#8243; \u00d7 0,8&#8243; \u00d7 0,8&#8243;<\/li>\n<li>Fabricante: Area 419<\/li>\n<\/ul>\n<p>Este tubo de queda \u00e9 vers\u00e1til e projetado com precis\u00e3o.<\/p>\n","protected":false},"excerpt":{"rendered":"<p>Tubo de queda de p\u00f3lvora empilh\u00e1vel de 3&#8243; para enchimento eficiente de estojos. Alum\u00ednio.<\/p>\n","protected":false},"featured_media":119170,"template":"","meta":{"_acf_changed":false},"product_brand":[11041],"product_cat":[1082,1235],"product_tag":[],"class_list":{"0":"post-139324","1":"product","2":"type-product","3":"status-publish","4":"has-post-thumbnail","6":"product_brand-area-419","7":"product_cat-reloading-pt-pt","8":"product_cat-reloading-accessories-pt-pt","10":"first","11":"outofstock","12":"taxable","13":"shipping-taxable","14":"purchasable","15":"product-type-simple"},"acf":[],"_links":{"self":[{"href":"https:\/\/staging.nbg.eu\/pt-pt\/wp-json\/wp\/v2\/product\/139324","targetHints":{"allow":["GET"]}}],"collection":[{"href":"https:\/\/staging.nbg.eu\/pt-pt\/wp-json\/wp\/v2\/product"}],"about":[{"href":"https:\/\/staging.nbg.eu\/pt-pt\/wp-json\/wp\/v2\/types\/product"}],"wp:featuredmedia":[{"embeddable":true,"href":"https:\/\/staging.nbg.eu\/pt-pt\/wp-json\/wp\/v2\/media\/119170"}],"wp:attachment":[{"href":"https:\/\/staging.nbg.eu\/pt-pt\/wp-json\/wp\/v2\/media?parent=139324"}],"wp:term":[{"taxonomy":"product_brand","embeddable":true,"href":"https:\/\/staging.nbg.eu\/pt-pt\/wp-json\/wp\/v2\/product_brand?post=139324"},{"taxonomy":"product_cat","embeddable":true,"href":"https:\/\/staging.nbg.eu\/pt-pt\/wp-json\/wp\/v2\/product_cat?post=139324"},{"taxonomy":"product_tag","embeddable":true,"href":"https:\/\/staging.nbg.eu\/pt-pt\/wp-json\/wp\/v2\/product_tag?post=139324"}],"curies":[{"name":"wp","href":"https:\/\/api.w.org\/{rel}","templated":true}]}}