{"id":137803,"date":"2025-01-04T10:53:28","date_gmt":"2025-01-04T10:53:28","guid":{"rendered":"https:\/\/staging.nbg.eu\/product\/area-419-harris-bipod-adapter\/"},"modified":"2025-01-09T15:58:33","modified_gmt":"2025-01-09T15:58:33","slug":"area-419-adaptador-para-bipe-harris","status":"publish","type":"product","link":"https:\/\/staging.nbg.eu\/pt-pt\/produto\/area-419-adaptador-para-bipe-harris\/","title":{"rendered":"Area 419 &#8211; Adaptador para Bip\u00e9 Harris"},"content":{"rendered":"<div class=\"product-description\">\n<h2>Area 419 &#8211; Adaptador para Bip\u00e9 Harris<\/h2>\n<p>O Adaptador Area 419 \u00e9 projetado para bip\u00e9s girat\u00f3rios Harris do tipo &#8220;S&#8221; (Swivel). Este adaptador permite montar seu bip\u00e9 em bases de fixa\u00e7\u00e3o ARCALOCK ou adaptadores de trilho para bip\u00e9s Atlas.<\/p>\n<ul>\n<li>Substitui a plataforma de montagem original do suporte girat\u00f3rio<\/li>\n<li>Compat\u00edvel com parafuso de tens\u00e3o de f\u00e1brica ou KMW Pod Loc<\/li>\n<li>Fabricado em alum\u00ednio 6061-T6<\/li>\n<li>Acabamento anodizado preto Tipo III para prote\u00e7\u00e3o<\/li>\n<li>Peso de 0,09 kg<\/li>\n<li>Tamanho: 3,81 \u00d7 3,81 \u00d7 3,81 cm<\/li>\n<\/ul>\n<p><strong>Observa\u00e7\u00e3o:<\/strong> Bip\u00e9 e fixa\u00e7\u00e3o n\u00e3o inclu\u00eddos. N\u00e3o compat\u00edvel com Barricade Stop.<\/p>\n<\/div>\n","protected":false},"excerpt":{"rendered":"<p>Adapte os bip\u00e9s girat\u00f3rios Harris aos sistemas de trilhos ARCALOCK ou Atlas.<\/p>\n","protected":false},"featured_media":117900,"template":"","meta":{"_acf_changed":false},"product_brand":[11041],"product_cat":[2961,733,654],"product_tag":[],"class_list":{"0":"post-137803","1":"product","2":"type-product","3":"status-publish","4":"has-post-thumbnail","6":"product_brand-area-419","7":"product_cat-bipods-pt-pt","8":"product_cat-rails-pt-pt","9":"product_cat-rifle-pt-pt","11":"first","12":"outofstock","13":"taxable","14":"shipping-taxable","15":"purchasable","16":"product-type-simple"},"acf":[],"_links":{"self":[{"href":"https:\/\/staging.nbg.eu\/pt-pt\/wp-json\/wp\/v2\/product\/137803","targetHints":{"allow":["GET"]}}],"collection":[{"href":"https:\/\/staging.nbg.eu\/pt-pt\/wp-json\/wp\/v2\/product"}],"about":[{"href":"https:\/\/staging.nbg.eu\/pt-pt\/wp-json\/wp\/v2\/types\/product"}],"wp:featuredmedia":[{"embeddable":true,"href":"https:\/\/staging.nbg.eu\/pt-pt\/wp-json\/wp\/v2\/media\/117900"}],"wp:attachment":[{"href":"https:\/\/staging.nbg.eu\/pt-pt\/wp-json\/wp\/v2\/media?parent=137803"}],"wp:term":[{"taxonomy":"product_brand","embeddable":true,"href":"https:\/\/staging.nbg.eu\/pt-pt\/wp-json\/wp\/v2\/product_brand?post=137803"},{"taxonomy":"product_cat","embeddable":true,"href":"https:\/\/staging.nbg.eu\/pt-pt\/wp-json\/wp\/v2\/product_cat?post=137803"},{"taxonomy":"product_tag","embeddable":true,"href":"https:\/\/staging.nbg.eu\/pt-pt\/wp-json\/wp\/v2\/product_tag?post=137803"}],"curies":[{"name":"wp","href":"https:\/\/api.w.org\/{rel}","templated":true}]}}