{"id":137437,"date":"2025-01-04T07:45:36","date_gmt":"2025-01-09T11:25:31","guid":{"rendered":"https:\/\/staging.nbg.eu\/product\/area-419-picatinny-1913-adapter-for-arcalock-clamps\/"},"modified":"2025-01-09T11:27:11","modified_gmt":"2025-01-09T11:27:11","slug":"area-419-adaptador-picatinny1913-para-grampos-arcalock","status":"publish","type":"product","link":"https:\/\/staging.nbg.eu\/pt-pt\/produto\/area-419-adaptador-picatinny1913-para-grampos-arcalock\/","title":{"rendered":"Area 419 &#8211; Adaptador Picatinny\/1913 para Grampos ARCALOCK"},"content":{"rendered":"<h2>Area 419 &#8211; Adaptador Picatinny\/1913 para Bra\u00e7adeiras ARCALOCK<\/h2>\n<p>Este adaptador de trilho Picatinny de 4 ranhuras foi projetado para integrar-se com nossa Bra\u00e7adeira ARCALOCK. Este adaptador permite o uso de qualquer bip\u00e9 compat\u00edvel com Picatinny em sua configura\u00e7\u00e3o existente.<\/p>\n<h2>Caracter\u00edsticas Principais:<\/h2>\n<ul>\n<li>Compat\u00edvel com modelos Atlas BT10 de 2 parafusos, Evo e outros bip\u00e9s compat\u00edveis com Picatinny<\/li>\n<li>Fabricado internamente para controle de qualidade<\/li>\n<li>Suporte embutido para fixa\u00e7\u00e3o de bandoleira<\/li>\n<li>Design leve e compacto<\/li>\n<\/ul>\n<h2>Especifica\u00e7\u00f5es:<\/h2>\n<ul>\n<li>Peso: 0,09 kg<\/li>\n<li>Dimens\u00f5es: 5,08 cm \u00d7 1,27 cm \u00d7 1,27 cm<\/li>\n<li>Fabricante: B&amp;T Industries<\/li>\n<\/ul>\n<p>Atualize sua Bra\u00e7adeira ARCALOCK e obtenha versatilidade em sua configura\u00e7\u00e3o de tiro.<\/p>\n","protected":false},"excerpt":{"rendered":"<p>Trilho picatinny de 4 slots para o grampo ARCALOCK, compat\u00edvel com bip\u00e9s Atlas e Evo.<\/p>\n","protected":false},"featured_media":115695,"template":"","meta":{"_acf_changed":false},"product_brand":[11041],"product_cat":[733,654,390],"product_tag":[],"class_list":{"0":"post-137437","1":"product","2":"type-product","3":"status-publish","4":"has-post-thumbnail","6":"product_brand-area-419","7":"product_cat-rails-pt-pt","8":"product_cat-rifle-pt-pt","9":"product_cat-aiming","11":"first","12":"instock","13":"taxable","14":"shipping-taxable","15":"purchasable","16":"product-type-simple"},"acf":[],"_links":{"self":[{"href":"https:\/\/staging.nbg.eu\/pt-pt\/wp-json\/wp\/v2\/product\/137437","targetHints":{"allow":["GET"]}}],"collection":[{"href":"https:\/\/staging.nbg.eu\/pt-pt\/wp-json\/wp\/v2\/product"}],"about":[{"href":"https:\/\/staging.nbg.eu\/pt-pt\/wp-json\/wp\/v2\/types\/product"}],"wp:featuredmedia":[{"embeddable":true,"href":"https:\/\/staging.nbg.eu\/pt-pt\/wp-json\/wp\/v2\/media\/115695"}],"wp:attachment":[{"href":"https:\/\/staging.nbg.eu\/pt-pt\/wp-json\/wp\/v2\/media?parent=137437"}],"wp:term":[{"taxonomy":"product_brand","embeddable":true,"href":"https:\/\/staging.nbg.eu\/pt-pt\/wp-json\/wp\/v2\/product_brand?post=137437"},{"taxonomy":"product_cat","embeddable":true,"href":"https:\/\/staging.nbg.eu\/pt-pt\/wp-json\/wp\/v2\/product_cat?post=137437"},{"taxonomy":"product_tag","embeddable":true,"href":"https:\/\/staging.nbg.eu\/pt-pt\/wp-json\/wp\/v2\/product_tag?post=137437"}],"curies":[{"name":"wp","href":"https:\/\/api.w.org\/{rel}","templated":true}]}}