{"id":137058,"date":"2024-01-30T18:18:15","date_gmt":"2024-01-30T18:18:15","guid":{"rendered":"https:\/\/staging.nbg.eu\/product\/geissele-gfr-6mm-arc-maritime-reconnaissance-18-rifle-ddc\/"},"modified":"2025-01-09T10:23:53","modified_gmt":"2025-01-09T10:23:53","slug":"rifle-geissele-gfr-6mm-arc-maritime-reconnaissance-18-ddc","status":"publish","type":"product","link":"https:\/\/staging.nbg.eu\/pt-pt\/produto\/rifle-geissele-gfr-6mm-arc-maritime-reconnaissance-18-ddc\/","title":{"rendered":"Rifle Geissele GFR 6MM ARC Maritime Reconnaissance ,18&#8243; \u2013 DDC"},"content":{"rendered":"<div class=\"product-description\">\n<h2>Rifle de Reconhecimento Mar\u00edtimo Geissele GFR 6MM ARC &#8211; DDC<\/h2>\n<p>O Rifle de Reconhecimento Mar\u00edtimo Geissele Freedom Rifle (GFR) 18&#8243; \u00e9 uma arma de fogo AR15 projetada para desempenho.<\/p>\n<h2>Caracter\u00edsticas Principais:<\/h2>\n<ul>\n<li>Cano de 18&#8243; cromado, forjado a frio (tor\u00e7\u00e3o 1:7.5)<\/li>\n<li>Calibre 6MM ARC para precis\u00e3o de longo alcance<\/li>\n<li>Gatilho GFR-E com revestimento Nanoweapon<\/li>\n<li>Grupo de transportador de ferrolho aprimorado (REBCG) com revestimento Nanoweapon<\/li>\n<li>Trilho Super Modular MK16 de 16.5&#8243; com aba de alinhamento central<\/li>\n<li>Dispositivo de boca HUXWRX Flash Hider-QD 6MM ARC pronto para supressor<\/li>\n<li>Manopla de carregamento Super e trava de ferrolho mar\u00edtima Geissele<\/li>\n<li>Coronha Geissele SBS com quatro soquetes para bandoleira QD<\/li>\n<li>Sistema de buffer Super 42<\/li>\n<li>Acabamento em cor Desert Dirt (DDC)<\/li>\n<\/ul>\n<h2>Especifica\u00e7\u00f5es T\u00e9cnicas:<\/h2>\n<ul>\n<li>Comprimento (Retra\u00eddo): 36 1\/8&#8243;<\/li>\n<li>Comprimento (Estendido): 39 3\/8&#8243;<\/li>\n<li>Peso: Aproximadamente 7.8 lbs<\/li>\n<li>Sistema de g\u00e1s: Comprimento de rifle +1<\/li>\n<li>Bloco de g\u00e1s: Bloco de g\u00e1s super compacto antimpacto<\/li>\n<\/ul>\n<p>O Rifle de Reconhecimento Mar\u00edtimo GFR possui revestimento Nanoweapon, proporcionando resist\u00eancia \u00e0 corros\u00e3o, desgaste e abras\u00e3o. Esta superf\u00edcie facilita a limpeza e opera\u00e7\u00e3o com lubrifica\u00e7\u00e3o m\u00ednima.<\/p>\n<p>O Rifle de Reconhecimento Mar\u00edtimo Geissele GFR 6MM ARC combina inova\u00e7\u00e3o e precis\u00e3o.<\/p>\n<\/div>\n","protected":false},"excerpt":{"rendered":"<p>Rifle de precis\u00e3o de 18&#8243; em 6MM ARC, projetado com engenharia avan\u00e7ada e recursos especializados para uso mar\u00edtimo.<\/p>\n","protected":false},"featured_media":81527,"template":"","meta":{"_acf_changed":false},"product_brand":[11397],"product_cat":[2222,654],"product_tag":[],"class_list":{"0":"post-137058","1":"product","2":"type-product","3":"status-publish","4":"has-post-thumbnail","6":"product_brand-geissele","7":"product_cat-carbines-pt-pt","8":"product_cat-rifle-pt-pt","10":"first","11":"instock","12":"taxable","13":"shipping-taxable","14":"product-type-simple"},"acf":[],"_links":{"self":[{"href":"https:\/\/staging.nbg.eu\/pt-pt\/wp-json\/wp\/v2\/product\/137058","targetHints":{"allow":["GET"]}}],"collection":[{"href":"https:\/\/staging.nbg.eu\/pt-pt\/wp-json\/wp\/v2\/product"}],"about":[{"href":"https:\/\/staging.nbg.eu\/pt-pt\/wp-json\/wp\/v2\/types\/product"}],"wp:featuredmedia":[{"embeddable":true,"href":"https:\/\/staging.nbg.eu\/pt-pt\/wp-json\/wp\/v2\/media\/81527"}],"wp:attachment":[{"href":"https:\/\/staging.nbg.eu\/pt-pt\/wp-json\/wp\/v2\/media?parent=137058"}],"wp:term":[{"taxonomy":"product_brand","embeddable":true,"href":"https:\/\/staging.nbg.eu\/pt-pt\/wp-json\/wp\/v2\/product_brand?post=137058"},{"taxonomy":"product_cat","embeddable":true,"href":"https:\/\/staging.nbg.eu\/pt-pt\/wp-json\/wp\/v2\/product_cat?post=137058"},{"taxonomy":"product_tag","embeddable":true,"href":"https:\/\/staging.nbg.eu\/pt-pt\/wp-json\/wp\/v2\/product_tag?post=137058"}],"curies":[{"name":"wp","href":"https:\/\/api.w.org\/{rel}","templated":true}]}}