{"id":134535,"date":"2024-11-26T10:10:26","date_gmt":"2025-01-08T18:01:01","guid":{"rendered":"https:\/\/staging.nbg.eu\/product\/geissele-ak-braided-spring\/"},"modified":"2025-01-08T18:02:46","modified_gmt":"2025-01-08T18:02:46","slug":"tinck-arms-carabina-semiautomatica-perun-x16-125-cal-556x45","status":"publish","type":"product","link":"https:\/\/staging.nbg.eu\/pt-pt\/produto\/tinck-arms-carabina-semiautomatica-perun-x16-125-cal-556x45\/","title":{"rendered":"Tinck Arms Carabina Semiautom\u00e1tica Perun X16 12,5&#8243; cal. 5.56&#215;45"},"content":{"rendered":"<div class=\"product-description\">\n<h2>Mola Tran\u00e7ada Geissele AK<\/h2>\n<p>Substitua a mola de recuo padr\u00e3o do seu rifle AK47\/74 com a Mola Principal Tran\u00e7ada ALG AK. Fabricada nos EUA, esta mola possui:<\/p>\n<ul>\n<li>Tr\u00eas fios de arame musical<\/li>\n<li>Constru\u00e7\u00e3o tran\u00e7ada para maior durabilidade<\/li>\n<li>Ciclagem e confiabilidade melhoradas<\/li>\n<li>Compat\u00edvel com variantes AK47 e AK74<\/li>\n<\/ul>\n<p>Esta mola oferece opera\u00e7\u00e3o mais suave e desempenho consistente. O design tran\u00e7ado proporciona maior longevidade em compara\u00e7\u00e3o com molas de fio \u00fanico tradicionais. Melhore a funcionalidade do seu rifle com esta pe\u00e7a de reposi\u00e7\u00e3o.<\/p>\n<\/div>\n","protected":false},"excerpt":{"rendered":"<p>Melhore o desempenho do AK47\/74 com uma mola principal tran\u00e7ada fabricada nos EUA.<\/p>\n","protected":false},"featured_media":81107,"template":"","meta":{"_acf_changed":false},"product_brand":[11397],"product_cat":[1376],"product_tag":[],"class_list":{"0":"post-134535","1":"product","2":"type-product","3":"status-publish","4":"has-post-thumbnail","6":"product_brand-geissele","7":"product_cat-ak-tuning-pt-pt","9":"first","10":"instock","11":"taxable","12":"shipping-taxable","13":"product-type-simple"},"acf":[],"_links":{"self":[{"href":"https:\/\/staging.nbg.eu\/pt-pt\/wp-json\/wp\/v2\/product\/134535","targetHints":{"allow":["GET"]}}],"collection":[{"href":"https:\/\/staging.nbg.eu\/pt-pt\/wp-json\/wp\/v2\/product"}],"about":[{"href":"https:\/\/staging.nbg.eu\/pt-pt\/wp-json\/wp\/v2\/types\/product"}],"wp:featuredmedia":[{"embeddable":true,"href":"https:\/\/staging.nbg.eu\/pt-pt\/wp-json\/wp\/v2\/media\/81107"}],"wp:attachment":[{"href":"https:\/\/staging.nbg.eu\/pt-pt\/wp-json\/wp\/v2\/media?parent=134535"}],"wp:term":[{"taxonomy":"product_brand","embeddable":true,"href":"https:\/\/staging.nbg.eu\/pt-pt\/wp-json\/wp\/v2\/product_brand?post=134535"},{"taxonomy":"product_cat","embeddable":true,"href":"https:\/\/staging.nbg.eu\/pt-pt\/wp-json\/wp\/v2\/product_cat?post=134535"},{"taxonomy":"product_tag","embeddable":true,"href":"https:\/\/staging.nbg.eu\/pt-pt\/wp-json\/wp\/v2\/product_tag?post=134535"}],"curies":[{"name":"wp","href":"https:\/\/api.w.org\/{rel}","templated":true}]}}