{"id":134119,"date":"2024-11-27T16:45:20","date_gmt":"2025-01-08T17:18:21","guid":{"rendered":"https:\/\/staging.nbg.eu\/product\/area-419-remington-700-short-action-improved-scope-rail-isr-sa\/"},"modified":"2025-01-08T17:20:13","modified_gmt":"2025-01-08T17:20:13","slug":"area-419-suportes-offset-para-pontos-de-fixacao-match","status":"publish","type":"product","link":"https:\/\/staging.nbg.eu\/pt-pt\/produto\/area-419-suportes-offset-para-pontos-de-fixacao-match\/","title":{"rendered":"Area 419 Suportes Offset para Pontos de Fixa\u00e7\u00e3o MATCH"},"content":{"rendered":"<div class=\"product-description\">\n<h2>Area 419 &#8211; Trilho de Mira Melhorado para Remington 700 A\u00e7\u00e3o Curta (ISR-SA)<\/h2>\n<p>O Area 419 ISR-SA \u00e9 um trilho de mira para rifles Remington 700 de A\u00e7\u00e3o Curta. Fabricado em Alum\u00ednio 7075, este trilho inclui:<\/p>\n<ul>\n<li>Ressalto de recuo integrado usinado para maior estabilidade<\/li>\n<li>Dispon\u00edvel em vers\u00f5es Totalmente Ranhurada e Topo ARC<\/li>\n<li>Compat\u00edvel com parafusos #6 e #8 (inclu\u00eddos)<\/li>\n<li>Usinagem de superf\u00edcie 1:1 para ajuste preciso<\/li>\n<li>Em conformidade com MIL-STD-1913<\/li>\n<li>Acabamento anodizado preto Tipo III<\/li>\n<li>Corte na porta de eje\u00e7\u00e3o para carregamento pelo topo<\/li>\n<\/ul>\n<p>Dispon\u00edvel em op\u00e7\u00f5es de 20 MOA e 30 MOA. Peso: 0,09 kg. Dimens\u00f5es: 21 \u00d7 2,54 \u00d7 2,54 cm. Para Remington 700.<\/p>\n<\/div>\n","protected":false},"excerpt":{"rendered":"<p>Trilho de mira de precis\u00e3o em alum\u00ednio 7075 para Remington 700 SA<\/p>\n","protected":false},"featured_media":108111,"template":"","meta":{"_acf_changed":false},"product_brand":[11041],"product_cat":[733,654],"product_tag":[],"class_list":{"0":"post-134119","1":"product","2":"type-product","3":"status-publish","4":"has-post-thumbnail","6":"product_brand-area-419","7":"product_cat-rails-pt-pt","8":"product_cat-rifle-pt-pt","10":"first","11":"instock","12":"taxable","13":"shipping-taxable","14":"purchasable","15":"product-type-variable","16":"wvs-archive-product-wrapper"},"acf":[],"_links":{"self":[{"href":"https:\/\/staging.nbg.eu\/pt-pt\/wp-json\/wp\/v2\/product\/134119","targetHints":{"allow":["GET"]}}],"collection":[{"href":"https:\/\/staging.nbg.eu\/pt-pt\/wp-json\/wp\/v2\/product"}],"about":[{"href":"https:\/\/staging.nbg.eu\/pt-pt\/wp-json\/wp\/v2\/types\/product"}],"wp:featuredmedia":[{"embeddable":true,"href":"https:\/\/staging.nbg.eu\/pt-pt\/wp-json\/wp\/v2\/media\/108111"}],"wp:attachment":[{"href":"https:\/\/staging.nbg.eu\/pt-pt\/wp-json\/wp\/v2\/media?parent=134119"}],"wp:term":[{"taxonomy":"product_brand","embeddable":true,"href":"https:\/\/staging.nbg.eu\/pt-pt\/wp-json\/wp\/v2\/product_brand?post=134119"},{"taxonomy":"product_cat","embeddable":true,"href":"https:\/\/staging.nbg.eu\/pt-pt\/wp-json\/wp\/v2\/product_cat?post=134119"},{"taxonomy":"product_tag","embeddable":true,"href":"https:\/\/staging.nbg.eu\/pt-pt\/wp-json\/wp\/v2\/product_tag?post=134119"}],"curies":[{"name":"wp","href":"https:\/\/api.w.org\/{rel}","templated":true}]}}