{"id":133729,"date":"2024-11-02T08:42:18","date_gmt":"2025-01-08T16:50:38","guid":{"rendered":"https:\/\/staging.nbg.eu\/product\/sprinco-usa-spring-kit-xp-buffer-spring-dual-extractor-spring\/"},"modified":"2025-01-08T16:52:19","modified_gmt":"2025-01-08T16:52:19","slug":"area-419-aneis-de-mira-match","status":"publish","type":"product","link":"https:\/\/staging.nbg.eu\/pt-pt\/produto\/area-419-aneis-de-mira-match\/","title":{"rendered":"Area 419 An\u00e9is de Mira MATCH"},"content":{"rendered":"<div class=\"product-description\">\n<h2>Kit de Molas SPRINCO USA &#8211; Mola de Buffer XP \/ Mola Dupla do Extrator<\/h2>\n<p>Melhore a confiabilidade do seu AR com a Mola de Buffer de Pot\u00eancia Extra SPRINCO USA. Projetada em 2006 para uma Equipe de Moderniza\u00e7\u00e3o de For\u00e7as, esta mola aborda problemas de funcionamento do carabina M4 em ambientes desafiadores.<\/p>\n<ul>\n<li>Cargas de projeto 25% maiores em compara\u00e7\u00e3o com a mola Branca<\/li>\n<li>Adequada para 9mm, 6.8 SPC, 6.5 Grendel, .450 BM, .450 SOCOM, .500 Beowulf e Colt LE6920&#8217;s<\/li>\n<li>Documentos de procedimento de ajuste inclu\u00eddos para desempenho ideal<\/li>\n<\/ul>\n<p>Observa\u00e7\u00e3o: O desempenho pode variar dependendo dos valores de porta e cargas de muni\u00e7\u00e3o. Consulte a documenta\u00e7\u00e3o fornecida antes do uso.<\/p>\n<\/div>\n","protected":false},"excerpt":{"rendered":"<p>Mola de buffer AR aprimorada para maior confiabilidade em ambientes desafiadores.<\/p>\n","protected":false},"featured_media":76564,"template":"","meta":{"_acf_changed":false},"product_brand":[],"product_cat":[655],"product_tag":[],"class_list":{"0":"post-133729","1":"product","2":"type-product","3":"status-publish","4":"has-post-thumbnail","6":"product_cat-rifle-parts-pt-pt","8":"first","9":"instock","10":"taxable","11":"shipping-taxable","12":"purchasable","13":"product-type-simple"},"acf":[],"_links":{"self":[{"href":"https:\/\/staging.nbg.eu\/pt-pt\/wp-json\/wp\/v2\/product\/133729","targetHints":{"allow":["GET"]}}],"collection":[{"href":"https:\/\/staging.nbg.eu\/pt-pt\/wp-json\/wp\/v2\/product"}],"about":[{"href":"https:\/\/staging.nbg.eu\/pt-pt\/wp-json\/wp\/v2\/types\/product"}],"wp:featuredmedia":[{"embeddable":true,"href":"https:\/\/staging.nbg.eu\/pt-pt\/wp-json\/wp\/v2\/media\/76564"}],"wp:attachment":[{"href":"https:\/\/staging.nbg.eu\/pt-pt\/wp-json\/wp\/v2\/media?parent=133729"}],"wp:term":[{"taxonomy":"product_brand","embeddable":true,"href":"https:\/\/staging.nbg.eu\/pt-pt\/wp-json\/wp\/v2\/product_brand?post=133729"},{"taxonomy":"product_cat","embeddable":true,"href":"https:\/\/staging.nbg.eu\/pt-pt\/wp-json\/wp\/v2\/product_cat?post=133729"},{"taxonomy":"product_tag","embeddable":true,"href":"https:\/\/staging.nbg.eu\/pt-pt\/wp-json\/wp\/v2\/product_tag?post=133729"}],"curies":[{"name":"wp","href":"https:\/\/api.w.org\/{rel}","templated":true}]}}