{"id":131989,"date":"2025-01-01T20:52:41","date_gmt":"2025-01-07T16:59:36","guid":{"rendered":"https:\/\/staging.nbg.eu\/product\/area-419-match-scope-rings\/"},"modified":"2025-01-07T17:01:37","modified_gmt":"2025-01-07T17:01:37","slug":"vortex-optics-impact-4000-telemetro-laser-balistico","status":"publish","type":"product","link":"https:\/\/staging.nbg.eu\/pt-pt\/produto\/vortex-optics-impact-4000-telemetro-laser-balistico\/","title":{"rendered":"Vortex Optics &#8211; Impact\u00ae 4000 Tel\u00eametro Laser Bal\u00edstico"},"content":{"rendered":"<div class=\"product-description\">\n<h2>An\u00e9is de Mira Area 419 MATCH<\/h2>\n<p>Os An\u00e9is de Mira Area 419 MATCH s\u00e3o fabricados para fornecer uma fixa\u00e7\u00e3o confi\u00e1vel da sua \u00f3ptica.<\/p>\n<ul>\n<li>An\u00e9is seriados e combinados para precis\u00e3o<\/li>\n<li>Interior em alum\u00ednio bruto para ader\u00eancia \u00e0 \u00f3ptica<\/li>\n<li>Perfurados com precis\u00e3o em conjuntos<\/li>\n<li>Marcados a laser como conjuntos combinados<\/li>\n<li>Fabricados em alum\u00ednio aeroespacial 7075<\/li>\n<li>Revestimento anodizado Tipo 3 (interior em alum\u00ednio bruto)<\/li>\n<li>Dispon\u00edveis para tubos de 30mm, 34mm, 35mm e 36mm<\/li>\n<li>Alturas de montagem: Baixa (24mm), M\u00e9dia (28mm) e Alta (32mm)<\/li>\n<\/ul>\n<p>Os An\u00e9is de Mira Area 419 MATCH s\u00e3o projetados para montagem de \u00f3pticas.<\/p>\n<\/div>\n","protected":false},"excerpt":{"rendered":"<p>An\u00e9is de mira de precis\u00e3o combinada e numerados em s\u00e9rie para m\u00e1xima estabilidade \u00f3ptica.<\/p>\n","protected":false},"featured_media":109098,"template":"","meta":{"_acf_changed":false},"product_brand":[11041],"product_cat":[805],"product_tag":[],"class_list":{"0":"post-131989","1":"product","2":"type-product","3":"status-publish","4":"has-post-thumbnail","6":"product_brand-area-419","7":"product_cat-aiming-pt-pt","9":"first","10":"instock","11":"taxable","12":"shipping-taxable","13":"purchasable","14":"product-type-variable","15":"wvs-archive-product-wrapper"},"acf":[],"_links":{"self":[{"href":"https:\/\/staging.nbg.eu\/pt-pt\/wp-json\/wp\/v2\/product\/131989","targetHints":{"allow":["GET"]}}],"collection":[{"href":"https:\/\/staging.nbg.eu\/pt-pt\/wp-json\/wp\/v2\/product"}],"about":[{"href":"https:\/\/staging.nbg.eu\/pt-pt\/wp-json\/wp\/v2\/types\/product"}],"wp:featuredmedia":[{"embeddable":true,"href":"https:\/\/staging.nbg.eu\/pt-pt\/wp-json\/wp\/v2\/media\/109098"}],"wp:attachment":[{"href":"https:\/\/staging.nbg.eu\/pt-pt\/wp-json\/wp\/v2\/media?parent=131989"}],"wp:term":[{"taxonomy":"product_brand","embeddable":true,"href":"https:\/\/staging.nbg.eu\/pt-pt\/wp-json\/wp\/v2\/product_brand?post=131989"},{"taxonomy":"product_cat","embeddable":true,"href":"https:\/\/staging.nbg.eu\/pt-pt\/wp-json\/wp\/v2\/product_cat?post=131989"},{"taxonomy":"product_tag","embeddable":true,"href":"https:\/\/staging.nbg.eu\/pt-pt\/wp-json\/wp\/v2\/product_tag?post=131989"}],"curies":[{"name":"wp","href":"https:\/\/api.w.org\/{rel}","templated":true}]}}