{"id":130232,"date":"2024-01-30T18:12:20","date_gmt":"2025-01-07T13:16:07","guid":{"rendered":"https:\/\/staging.nbg.eu\/product\/area-419-cantilevered-tactical-one-piece-scope-mount\/"},"modified":"2025-01-07T13:18:06","modified_gmt":"2025-01-07T13:18:06","slug":"area-419-suporte-de-mira-tatico-monobloco","status":"publish","type":"product","link":"https:\/\/staging.nbg.eu\/pt-pt\/produto\/area-419-suporte-de-mira-tatico-monobloco\/","title":{"rendered":"Area 419 Suporte de Mira T\u00e1tico Monobloco"},"content":{"rendered":"<div class=\"product-description\">\n<h2>Suporte de Luneta T\u00e1tico Cantilever de Pe\u00e7a \u00danica Area 419<\/h2>\n<p>O Suporte de Luneta T\u00e1tico Cantilever de Pe\u00e7a \u00danica Area 419 oferece confiabilidade e consist\u00eancia. Projetado para atiradores de precis\u00e3o, este suporte proporciona uma fixa\u00e7\u00e3o firme da sua \u00f3ptica.<\/p>\n<h2>Processo de Fabrica\u00e7\u00e3o<\/h2>\n<ul>\n<li>Fresado CNC nos EUA com Alum\u00ednio 7075<\/li>\n<li>Perfura\u00e7\u00e3o final em conjuntos para alinhamento preciso<\/li>\n<li>Superf\u00edcies de contato da luneta em alum\u00ednio bruto perfurado com precis\u00e3o<\/li>\n<li>Nunca totalmente desmontado ap\u00f3s a perfura\u00e7\u00e3o<\/li>\n<\/ul>\n<h2>Caracter\u00edsticas Principais<\/h2>\n<ul>\n<li>Design leve: 8-9oz por suporte<\/li>\n<li>M\u00faltiplos pontos de montagem para acess\u00f3rios<\/li>\n<li>Barras de fixa\u00e7\u00e3o separadas para o trilho picatinny<\/li>\n<li>P\u00e9s de fixa\u00e7\u00e3o embutidos para ajuste m\u00e1ximo de montagem<\/li>\n<li>Pinos guia de a\u00e7o entre a base e as tampas<\/li>\n<li>Hardware de a\u00e7o inoxid\u00e1vel nitretado<\/li>\n<li>Fixa\u00e7\u00e3o de acess\u00f3rios superior r\u00edgida e repet\u00edvel (Patente Pendente)<\/li>\n<\/ul>\n<h2>Especifica\u00e7\u00f5es<\/h2>\n<ul>\n<li>Peso: 1,5 lbs<\/li>\n<li>Dimens\u00f5es: 9,5 \u00d7 5,8 \u00d7 2,8 polegadas<\/li>\n<li>Op\u00e7\u00f5es de Di\u00e2metro do Tubo: 30mm, 34mm, 35mm, 36mm<\/li>\n<li>Op\u00e7\u00f5es de Altura: 34mm (1,34&#8243;), 39mm (1,54&#8243;)<\/li>\n<li>Op\u00e7\u00f5es de Inclina\u00e7\u00e3o: 0 MOA, 20 MOA (5,8 MIL)<\/li>\n<\/ul>\n<p>Nosso processo de fabrica\u00e7\u00e3o foi desenvolvido para criar um suporte de luneta que atende aos mais altos padr\u00f5es de qualidade e desempenho.<\/p>\n<\/div>\n","protected":false},"excerpt":{"rendered":"<p>Suporte de mira de precis\u00e3o: robusto, leve, com an\u00e9is perfeitamente ajustados para m\u00e1xima precis\u00e3o.<\/p>\n","protected":false},"featured_media":108745,"template":"","meta":{"_acf_changed":false},"product_brand":[11041],"product_cat":[805],"product_tag":[],"class_list":{"0":"post-130232","1":"product","2":"type-product","3":"status-publish","4":"has-post-thumbnail","6":"product_brand-area-419","7":"product_cat-aiming-pt-pt","9":"first","10":"instock","11":"taxable","12":"shipping-taxable","13":"purchasable","14":"product-type-variable","15":"wvs-archive-product-wrapper"},"acf":[],"_links":{"self":[{"href":"https:\/\/staging.nbg.eu\/pt-pt\/wp-json\/wp\/v2\/product\/130232","targetHints":{"allow":["GET"]}}],"collection":[{"href":"https:\/\/staging.nbg.eu\/pt-pt\/wp-json\/wp\/v2\/product"}],"about":[{"href":"https:\/\/staging.nbg.eu\/pt-pt\/wp-json\/wp\/v2\/types\/product"}],"wp:featuredmedia":[{"embeddable":true,"href":"https:\/\/staging.nbg.eu\/pt-pt\/wp-json\/wp\/v2\/media\/108745"}],"wp:attachment":[{"href":"https:\/\/staging.nbg.eu\/pt-pt\/wp-json\/wp\/v2\/media?parent=130232"}],"wp:term":[{"taxonomy":"product_brand","embeddable":true,"href":"https:\/\/staging.nbg.eu\/pt-pt\/wp-json\/wp\/v2\/product_brand?post=130232"},{"taxonomy":"product_cat","embeddable":true,"href":"https:\/\/staging.nbg.eu\/pt-pt\/wp-json\/wp\/v2\/product_cat?post=130232"},{"taxonomy":"product_tag","embeddable":true,"href":"https:\/\/staging.nbg.eu\/pt-pt\/wp-json\/wp\/v2\/product_tag?post=130232"}],"curies":[{"name":"wp","href":"https:\/\/api.w.org\/{rel}","templated":true}]}}