{"id":106961,"date":"2024-11-06T20:20:45","date_gmt":"2024-12-30T10:04:21","guid":{"rendered":"https:\/\/staging.nbg.eu\/product\/vortex-optics-razor-hd-gen-ii4-5-27x56-ffp\/"},"modified":"2024-12-30T10:06:39","modified_gmt":"2024-12-30T10:06:39","slug":"sai-optics-modelo-sai-6-1x-6x","status":"publish","type":"product","link":"https:\/\/staging.nbg.eu\/pt-pt\/produto\/sai-optics-modelo-sai-6-1x-6x\/","title":{"rendered":"SAI Optics\u2122 Modelo SAI 6\u2122 &#8211; 1x-6x"},"content":{"rendered":"<div class=\"product-description\">\n<h2>Vortex Optics Razor\u00ae HD Gen II 4.5-27&#215;56 FFP<\/h2>\n<p>O Vortex Optics Razor\u00ae HD Gen II 4.5-27&#215;56 FFP \u00e9 uma mira \u00f3ptica de longo alcance projetada para ambientes extremos. \u00c9 adequada para atiradores de precis\u00e3o.<\/p>\n<h2>Caracter\u00edsticas principais:<\/h2>\n<ul>\n<li>Alcance de zoom de 4.5-27x<\/li>\n<li>Tubo de alum\u00ednio de 34mm<\/li>\n<li>Sistema de ajuste L-Tec<\/li>\n<li>Ret\u00edculo no primeiro plano focal<\/li>\n<li>Ret\u00edculo EBR-7C (MRAD) para medi\u00e7\u00e3o e compensa\u00e7\u00e3o<\/li>\n<\/ul>\n<h2>\u00d3ptica:<\/h2>\n<p>O Razor HD Gen II possui sistema APO (Apocrom\u00e1tico) com lentes de \u00edndice combinado. Elementos de lente HD e \u00f3ptica XR\u2122 Plus Fully Multi-Coated. Revestimento ArmorTek\u00ae nas lentes externas.<\/p>\n<h2>Engenharia:<\/h2>\n<p>Tubo erector usinado de precis\u00e3o em alum\u00ednio. Sistema de polariza\u00e7\u00e3o do erector com mola helicoidal em a\u00e7o inoxid\u00e1vel. Sistema L-Tec+\u2122 Zero e Sistema de Redu\u00e7\u00e3o de Fric\u00e7\u00e3o.<\/p>\n<h2>Vantagem t\u00e1tica:<\/h2>\n<p>33 MRAD de ajuste de eleva\u00e7\u00e3o e 14 MRAD de ajuste de deriva. Indicador de rota\u00e7\u00e3o externa. Ajuste micro de configura\u00e7\u00e3o zero.<\/p>\n<h2>Dimens\u00f5es e especifica\u00e7\u00f5es:<\/h2>\n<ul>\n<li>Amplia\u00e7\u00e3o: 4.5-27x<\/li>\n<li>Di\u00e2metro da lente objetiva: 56 mm<\/li>\n<li>Al\u00edvio de olho: 3.7&#8243;<\/li>\n<li>Campo de vis\u00e3o: 25.3&#8242; &#8211; 4.4&#8242; a 100 jardas<\/li>\n<li>Tamanho do tubo: 34 mm<\/li>\n<li>Comprimento: 14.4&#8243;<\/li>\n<li>Peso: 48.5 oz<\/li>\n<\/ul>\n<h2>Ret\u00edculo EBR-7C (MRAD):<\/h2>\n<p>O ret\u00edculo EBR-7C no primeiro plano focal cont\u00e9m dados de subtens\u00e3o para tiro de competi\u00e7\u00e3o ou ca\u00e7a de longo alcance. Possui uma \u00e1rvore de deriva nos dois quadrantes inferiores. A variante 7C coloca n\u00fameros nas est\u00e1dias inferiores na parte externa dos pontos de deriva.<\/p>\n<p>O Vortex Optics Razor\u00ae HD Gen II 4.5-27&#215;56 FFP oferece precis\u00e3o, durabilidade e qualidade \u00f3ptica para tiro de longo alcance.<\/p>\n<\/div>\n","protected":false},"excerpt":{"rendered":"<p>Luneta de precis\u00e3o de longo alcance com ret\u00edculo FFP e torretas L-Tec para extrema precis\u00e3o.<\/p>\n","protected":false},"featured_media":77882,"template":"","meta":{"_acf_changed":false},"product_brand":[11968],"product_cat":[805,2726],"product_tag":[],"class_list":{"0":"post-106961","1":"product","2":"type-product","3":"status-publish","4":"has-post-thumbnail","6":"product_brand-vortex","7":"product_cat-aiming-pt-pt","8":"product_cat-magnified-optics-pt-pt","10":"first","11":"instock","12":"taxable","13":"shipping-taxable","14":"purchasable","15":"product-type-simple"},"acf":[],"_links":{"self":[{"href":"https:\/\/staging.nbg.eu\/pt-pt\/wp-json\/wp\/v2\/product\/106961","targetHints":{"allow":["GET"]}}],"collection":[{"href":"https:\/\/staging.nbg.eu\/pt-pt\/wp-json\/wp\/v2\/product"}],"about":[{"href":"https:\/\/staging.nbg.eu\/pt-pt\/wp-json\/wp\/v2\/types\/product"}],"wp:featuredmedia":[{"embeddable":true,"href":"https:\/\/staging.nbg.eu\/pt-pt\/wp-json\/wp\/v2\/media\/77882"}],"wp:attachment":[{"href":"https:\/\/staging.nbg.eu\/pt-pt\/wp-json\/wp\/v2\/media?parent=106961"}],"wp:term":[{"taxonomy":"product_brand","embeddable":true,"href":"https:\/\/staging.nbg.eu\/pt-pt\/wp-json\/wp\/v2\/product_brand?post=106961"},{"taxonomy":"product_cat","embeddable":true,"href":"https:\/\/staging.nbg.eu\/pt-pt\/wp-json\/wp\/v2\/product_cat?post=106961"},{"taxonomy":"product_tag","embeddable":true,"href":"https:\/\/staging.nbg.eu\/pt-pt\/wp-json\/wp\/v2\/product_tag?post=106961"}],"curies":[{"name":"wp","href":"https:\/\/api.w.org\/{rel}","templated":true}]}}