{"id":106648,"date":"2024-01-30T18:13:57","date_gmt":"2024-12-30T09:39:23","guid":{"rendered":"https:\/\/staging.nbg.eu\/product\/tangent-theta-tt735p-7-35x56mm-professional\/"},"modified":"2024-12-30T09:41:16","modified_gmt":"2024-12-30T09:41:16","slug":"tangent-theta-tt525p-5-25x56mm-profissional","status":"publish","type":"product","link":"https:\/\/staging.nbg.eu\/pt-pt\/produto\/tangent-theta-tt525p-5-25x56mm-profissional\/","title":{"rendered":"Tangent Theta TT525P (5-25x56mm Profissional)"},"content":{"rendered":"<div class=\"product-description\">\n<p>A Tangent Theta foi fundada em 2013 na Nova Esc\u00f3cia, Canad\u00e1, com o objetivo de produzir as melhores miras telesc\u00f3picas do mundo. As miras s\u00e3o montadas manualmente, testadas e inspecionadas individualmente por uma equipe de designers \u00f3pticos, engenheiros mec\u00e2nicos e atiradores de longo alcance de classe internacional.<\/p>\n<h2>Tangent Theta TT735P 7-35x56mm Telesc\u00f3pio para Rifle Profissional<\/h2>\n<p>O Tangent Theta TT735P \u00e9 um telesc\u00f3pio para rifle de 7-35x56mm para atiradores profissionais. Este instrumento de mira combina tecnologia avan\u00e7ada com durabilidade para oferecer desempenho em condi\u00e7\u00f5es exigentes.<\/p>\n<h2>Caracter\u00edsticas Principais:<\/h2>\n<ul>\n<li>Amplia\u00e7\u00e3o de 7-35x para identifica\u00e7\u00e3o de alvos a longas dist\u00e2ncias<\/li>\n<li>Lente objetiva de 56mm para capta\u00e7\u00e3o de luz<\/li>\n<li>Tubo principal de 36mm para integridade estrutural e ajustes<\/li>\n<li>Ajuste de paralaxe at\u00e9 10 metros<\/li>\n<li>11 configura\u00e7\u00f5es de ilumina\u00e7\u00e3o da ret\u00edcula<\/li>\n<li>Recurso TOOL-LESS RE-ZERO\u00ae para zeragem r\u00e1pida (Patente EUA # 10,591,253)<\/li>\n<li>Bot\u00f5es n\u00e3o-translativos com parada de eleva\u00e7\u00e3o zero<\/li>\n<li>Eleva\u00e7\u00e3o de dupla volta com indicador de revolu\u00e7\u00e3o<\/li>\n<li>Dioptria de ajuste r\u00e1pido bloque\u00e1vel<\/li>\n<\/ul>\n<h2>Qualidade:<\/h2>\n<p>Fabricado no Canad\u00e1, o TT735P \u00e9 testado para suportar condi\u00e7\u00f5es ambientais adversas. Com acabamento anodizado Tipo II fosco, resist\u00eancia \u00e0 \u00e1gua de 4 horas a 10 metros e resist\u00eancia a choques de 700g em 10.000 ciclos.<\/p>\n<\/div>\n<h2>Ret\u00edculas:<\/h2>\n<ol>\n<li data-line-height=\"xs\">Ret\u00edcula Horus Tremor3<\/li>\n<li data-line-height=\"xs\">JTAC<\/li>\n<li data-line-height=\"xs\">Gen 3 XR Fine<\/li>\n<\/ol>\n<div class=\"product-description\">\n<h2>\u00d3ptica de Precis\u00e3o:<\/h2>\n<p>Escolha entre tr\u00eas op\u00e7\u00f5es de ret\u00edculas: Horus Tremor3, JTAC ou Gen 3 XR Fine. O TT735P oferece al\u00edvio ocular de 90mm e campo de vis\u00e3o de 5,41m a 100m (7x) a 1,08m a 100m (35x).<\/p>\n<h2>Ajustes Profissionais:<\/h2>\n<p>Resolu\u00e7\u00e3o de ajuste de 0,1 mrad, faixa total de eleva\u00e7\u00e3o de 30 mrad e faixa total de deriva de 14 mrad. O ajuste de paralaxe lateral e dioptria bloque\u00e1vel garantem uma imagem n\u00edtida a qualquer dist\u00e2ncia.<\/p>\n<p>O Tangent Theta TT735P \u00e9 escolhido por atiradores de elite que exigem o melhor.<\/p>\n<\/div>\n","protected":false},"excerpt":{"rendered":"<p>O Tangent Theta 7-35x56mm Professional \u00e9 a luneta de rifle que voc\u00ea escolhe para tiro a dist\u00e2ncias extremas.<\/p>\n","protected":false},"featured_media":81005,"template":"","meta":{"_acf_changed":false},"product_brand":[11901],"product_cat":[805,2726],"product_tag":[],"class_list":{"0":"post-106648","1":"product","2":"type-product","3":"status-publish","4":"has-post-thumbnail","6":"product_brand-tangent-theta","7":"product_cat-aiming-pt-pt","8":"product_cat-magnified-optics-pt-pt","10":"first","11":"instock","12":"taxable","13":"shipping-taxable","14":"purchasable","15":"product-type-variable","16":"wvs-archive-product-wrapper"},"acf":[],"_links":{"self":[{"href":"https:\/\/staging.nbg.eu\/pt-pt\/wp-json\/wp\/v2\/product\/106648","targetHints":{"allow":["GET"]}}],"collection":[{"href":"https:\/\/staging.nbg.eu\/pt-pt\/wp-json\/wp\/v2\/product"}],"about":[{"href":"https:\/\/staging.nbg.eu\/pt-pt\/wp-json\/wp\/v2\/types\/product"}],"wp:featuredmedia":[{"embeddable":true,"href":"https:\/\/staging.nbg.eu\/pt-pt\/wp-json\/wp\/v2\/media\/81005"}],"wp:attachment":[{"href":"https:\/\/staging.nbg.eu\/pt-pt\/wp-json\/wp\/v2\/media?parent=106648"}],"wp:term":[{"taxonomy":"product_brand","embeddable":true,"href":"https:\/\/staging.nbg.eu\/pt-pt\/wp-json\/wp\/v2\/product_brand?post=106648"},{"taxonomy":"product_cat","embeddable":true,"href":"https:\/\/staging.nbg.eu\/pt-pt\/wp-json\/wp\/v2\/product_cat?post=106648"},{"taxonomy":"product_tag","embeddable":true,"href":"https:\/\/staging.nbg.eu\/pt-pt\/wp-json\/wp\/v2\/product_tag?post=106648"}],"curies":[{"name":"wp","href":"https:\/\/api.w.org\/{rel}","templated":true}]}}