{"id":106348,"date":"2024-11-17T08:06:47","date_gmt":"2024-12-30T09:21:31","guid":{"rendered":"https:\/\/staging.nbg.eu\/product\/tangent-theta-tt525p-5-25x56mm-professional\/"},"modified":"2024-12-30T09:23:51","modified_gmt":"2024-12-30T09:23:51","slug":"translate-results","status":"publish","type":"product","link":"https:\/\/staging.nbg.eu\/pt-pt\/produto\/translate-results\/","title":{"rendered":"# Translate-Results"},"content":{"rendered":"<h2>Telesc\u00f3pio de Rifle Profissional Tangent Theta TT525P 5-25x56mm<\/h2>\n<p>O Tangent Theta TT525P \u00e9 um instrumento de mira de longo alcance projetado para atiradores profissionais. Fabricado no Canad\u00e1, este telesc\u00f3pio de rifle combina durabilidade, precis\u00e3o mec\u00e2nica e qualidade \u00f3ptica.<\/p>\n<h2>Caracter\u00edsticas Principais:<\/h2>\n<ul>\n<li>Lente objetiva de 56mm para capta\u00e7\u00e3o de luz<\/li>\n<li>Tubo principal de 34mm para maior faixa de ajuste<\/li>\n<li>Faixa de amplia\u00e7\u00e3o de 5-25x<\/li>\n<li>Onze configura\u00e7\u00f5es de ilumina\u00e7\u00e3o da ret\u00edcula<\/li>\n<li>Ajuste de paralaxe lateral de 50m ao infinito<\/li>\n<li>Recurso TOOL-LESS RE-ZERO\u00ae patenteado (Patente EUA # 10,591,253)<\/li>\n<li>Bot\u00f5es n\u00e3o-translativos com parada zero de eleva\u00e7\u00e3o<\/li>\n<li>Eleva\u00e7\u00e3o de dupla volta com indicador de revolu\u00e7\u00e3o<\/li>\n<li>Dioptria ajust\u00e1vel e bloque\u00e1vel (-3 a +2.5)<\/li>\n<\/ul>\n<h2>Ret\u00edculas:<\/h2>\n<ul>\n<li>Ret\u00edcula Gen 2 XR<\/li>\n<li>MoA-ER<\/li>\n<li>Ret\u00edcula Gen 3 XR<\/li>\n<li>Gen 2 MoA-ER<\/li>\n<li>Ret\u00edcula Gen 3 XR Fine<\/li>\n<li>Ret\u00edcula Horus H59<\/li>\n<li>Ret\u00edcula Horus Tremor3<\/li>\n<li>Ret\u00edcula JTAC<\/li>\n<li>Ret\u00edcula Gen 2 XR, AIF<\/li>\n<li>Ret\u00edcula Gen 3 XR, AIF<\/li>\n<li>Ret\u00edcula Gen 3 XR Fine, AIF<\/li>\n<li>Ret\u00edcula JTAC, AIF<\/li>\n<li>Ret\u00edcula Horus Tremor3, AIF<\/li>\n<\/ul>\n<h2>Engenharia de Precis\u00e3o:<\/h2>\n<p>O TT525P possui uma faixa de ajuste total de 30 mrad (103 MoA) para eleva\u00e7\u00e3o e \u00b110 mrad (\u00b134 MoA) para deriva. Com uma resolu\u00e7\u00e3o de ajuste de 0,1 mrad ou 1\/4 MoA, \u00e9 poss\u00edvel ajustar a mira com precis\u00e3o.<\/p>\n<h2>Qualidade \u00d3ptica:<\/h2>\n<p>O telesc\u00f3pio oferece um al\u00edvio de olho de 90mm e um campo de vis\u00e3o variando de 7,6m a 100m (5x) a 1,6m a 100m (25x). A lente objetiva de 56mm garante transmiss\u00e3o de luz, mesmo em condi\u00e7\u00f5es de pouca luz.<\/p>\n<h2>Durabilidade:<\/h2>\n<p>O TT525P \u00e9 \u00e0 prova d&#8217;\u00e1gua at\u00e9 10 metros por 4 horas e resistente a choques de at\u00e9 700g&#8217;s em 10.000 ciclos. O acabamento fosco anodizado Tipo II fornece prote\u00e7\u00e3o adicional contra elementos.<\/p>\n<h2>Op\u00e7\u00f5es de Ret\u00edcula:<\/h2>\n<p>Escolha entre v\u00e1rias op\u00e7\u00f5es de ret\u00edcula, incluindo Gen 2XR, MoA, Gen 3XR, H-59, Tremor3, JTAC, Gen 3 XR Fine e GEN2 MOA-ER.<\/p>\n<h2>Especifica\u00e7\u00f5es Adicionais:<\/h2>\n<ul>\n<li>Comprimento: 425mm<\/li>\n<li>Peso: 1150g<\/li>\n<li>Di\u00e2metro da camp\u00e2nula objetiva: 65mm<\/li>\n<li>Ilumina\u00e7\u00e3o: LED com 11 configura\u00e7\u00f5es<\/li>\n<li>Bateria: DL2032 3v l\u00edtio<\/li>\n<\/ul>\n<p>O Tangent Theta TT525P vem com tampas de lente Tenebraex e ARD. O TT525P combina precis\u00e3o e durabilidade para ambientes exigentes.<\/p>\n","protected":false},"excerpt":{"rendered":"<p>Luneta de rifle profissional 5-25x56mm. Robusta, precisa, com \u00f3tica superior.<\/p>\n","protected":false},"featured_media":100883,"template":"","meta":{"_acf_changed":false},"product_brand":[11901],"product_cat":[805,2726],"product_tag":[],"class_list":{"0":"post-106348","1":"product","2":"type-product","3":"status-publish","4":"has-post-thumbnail","6":"product_brand-tangent-theta","7":"product_cat-aiming-pt-pt","8":"product_cat-magnified-optics-pt-pt","10":"first","11":"instock","12":"taxable","13":"shipping-taxable","14":"purchasable","15":"product-type-variable","16":"wvs-archive-product-wrapper"},"acf":[],"_links":{"self":[{"href":"https:\/\/staging.nbg.eu\/pt-pt\/wp-json\/wp\/v2\/product\/106348","targetHints":{"allow":["GET"]}}],"collection":[{"href":"https:\/\/staging.nbg.eu\/pt-pt\/wp-json\/wp\/v2\/product"}],"about":[{"href":"https:\/\/staging.nbg.eu\/pt-pt\/wp-json\/wp\/v2\/types\/product"}],"wp:featuredmedia":[{"embeddable":true,"href":"https:\/\/staging.nbg.eu\/pt-pt\/wp-json\/wp\/v2\/media\/100883"}],"wp:attachment":[{"href":"https:\/\/staging.nbg.eu\/pt-pt\/wp-json\/wp\/v2\/media?parent=106348"}],"wp:term":[{"taxonomy":"product_brand","embeddable":true,"href":"https:\/\/staging.nbg.eu\/pt-pt\/wp-json\/wp\/v2\/product_brand?post=106348"},{"taxonomy":"product_cat","embeddable":true,"href":"https:\/\/staging.nbg.eu\/pt-pt\/wp-json\/wp\/v2\/product_cat?post=106348"},{"taxonomy":"product_tag","embeddable":true,"href":"https:\/\/staging.nbg.eu\/pt-pt\/wp-json\/wp\/v2\/product_tag?post=106348"}],"curies":[{"name":"wp","href":"https:\/\/api.w.org\/{rel}","templated":true}]}}