{"id":83651,"date":"2024-11-02T06:43:16","date_gmt":"2024-11-02T06:43:16","guid":{"rendered":"https:\/\/staging.nbg.eu\/product\/sons-of-liberty-gun-works-ar-15-buffer-h3\/"},"modified":"2024-12-17T13:06:00","modified_gmt":"2024-12-17T13:06:00","slug":"sons-of-liberty-gun-works-bufor-ar-15-h3","status":"publish","type":"product","link":"https:\/\/staging.nbg.eu\/pl\/produkt\/sons-of-liberty-gun-works-bufor-ar-15-h3\/","title":{"rendered":"Sons of Liberty Gun Works &#8211; Bufor AR 15 H3"},"content":{"rendered":"<div class=\"product-description\">\n<h2>Sons of Liberty Gun Works &#8211; Bufor AR 15 H3<\/h2>\n<p>Bufor SOLGW H3 do AR-15. Ta cz\u0119\u015b\u0107 zamienna zapewnia funkcjonalno\u015b\u0107 broni.<\/p>\n<ul>\n<li>Kompatybilny ze wszystkimi modelami AR-15<\/li>\n<li>Waga: 5.4 uncje<\/li>\n<li>Wymiary: 1 cal<\/li>\n<li>Oznaczony dla \u0142atwej identyfikacji wagi<\/li>\n<\/ul>\n<p>Bufor SOLGW H3 jest przeznaczony do zmniejszenia odczuwalnego odrzutu i poprawy cyklu pracy.<\/p>\n<p>Sons of Liberty Gun Works oferuje produkty do broni palnej.<\/p>\n<\/div>\n","protected":false},"excerpt":{"rendered":"<p>Bufor Sons of Liberty H3 AR-15: Precyzyjny, trwa\u0142y, waga 5.4 uncje.<\/p>\n","protected":false},"featured_media":76330,"template":"","meta":{"_acf_changed":false},"product_brand":[],"product_cat":[12572],"product_tag":[],"class_list":{"0":"post-83651","1":"product","2":"type-product","3":"status-publish","4":"has-post-thumbnail","6":"product_cat-tuning-karabinowy","8":"first","9":"outofstock","10":"taxable","11":"shipping-taxable","12":"purchasable","13":"product-type-simple"},"acf":[],"_links":{"self":[{"href":"https:\/\/staging.nbg.eu\/pl\/wp-json\/wp\/v2\/product\/83651","targetHints":{"allow":["GET"]}}],"collection":[{"href":"https:\/\/staging.nbg.eu\/pl\/wp-json\/wp\/v2\/product"}],"about":[{"href":"https:\/\/staging.nbg.eu\/pl\/wp-json\/wp\/v2\/types\/product"}],"wp:featuredmedia":[{"embeddable":true,"href":"https:\/\/staging.nbg.eu\/pl\/wp-json\/wp\/v2\/media\/76330"}],"wp:attachment":[{"href":"https:\/\/staging.nbg.eu\/pl\/wp-json\/wp\/v2\/media?parent=83651"}],"wp:term":[{"taxonomy":"product_brand","embeddable":true,"href":"https:\/\/staging.nbg.eu\/pl\/wp-json\/wp\/v2\/product_brand?post=83651"},{"taxonomy":"product_cat","embeddable":true,"href":"https:\/\/staging.nbg.eu\/pl\/wp-json\/wp\/v2\/product_cat?post=83651"},{"taxonomy":"product_tag","embeddable":true,"href":"https:\/\/staging.nbg.eu\/pl\/wp-json\/wp\/v2\/product_tag?post=83651"}],"curies":[{"name":"wp","href":"https:\/\/api.w.org\/{rel}","templated":true}]}}