{"id":83629,"date":"2024-11-27T08:29:48","date_gmt":"2024-11-27T08:29:48","guid":{"rendered":"https:\/\/staging.nbg.eu\/product\/geissele-ak-trigger-ultimate-with-lightning-bow-akt-ul\/"},"modified":"2024-12-17T12:31:00","modified_gmt":"2024-12-17T12:31:00","slug":"mechanizm-spustowy-geissele-ak-ultimate-z-lightning-bow-akt-ul","status":"publish","type":"product","link":"https:\/\/staging.nbg.eu\/pl\/produkt\/mechanizm-spustowy-geissele-ak-ultimate-z-lightning-bow-akt-ul\/","title":{"rendered":"Mechanizm spustowy Geissele AK Ultimate z Lightning Bow (AKT-UL)"},"content":{"rendered":"<div class=\"product-description\">\n<h2>Spust Geissele AK Ultimate z \u0142ukiem Lightning (AKT-UL)<\/h2>\n<p>Spust ALG AK Ultimate z \u0142ukiem Lightning (AKT-UL) do AK47 lub AK74 oferuje:<\/p>\n<ul>\n<li>Kr\u00f3tszy nacisk i wyra\u017aniejszy reset dla zwi\u0119kszonej precyzji<\/li>\n<li>Wykonany z wysokiej jako\u015bci stali stopowej<\/li>\n<li>Ergonomiczny kszta\u0142t \u0142uku Lightning dla lepszej kontroli<\/li>\n<li>Wyprodukowany w USA, przyczynia si\u0119 do zgodno\u015bci z 922(r)<\/li>\n<\/ul>\n<p>AKT-UL jest przeznaczony do strzelania precyzyjnego i tarczowego. Uwaga: Zalecana profesjonalna instalacja ze wzgl\u0119du na mo\u017cliwe wymagania dopasowania. Nie jest kompatybilny z wariantami 12 Gauge i 308 \/ 7.62x54r.<\/p>\n<\/div>\n","protected":false},"excerpt":{"rendered":"<p>Precyzyjny spust AK z \u0142ukiem Lightning zapewniaj\u0105cy lepsz\u0105 kontrol\u0119 i czucie.<\/p>\n","protected":false},"featured_media":82198,"template":"","meta":{"_acf_changed":false},"product_brand":[],"product_cat":[12623,12560,12557,12572],"product_tag":[],"class_list":{"0":"post-83629","1":"product","2":"type-product","3":"status-publish","4":"has-post-thumbnail","6":"product_cat-karabin","7":"product_cat-spusty","8":"product_cat-tuning-ak","9":"product_cat-tuning-karabinowy","11":"first","12":"instock","13":"taxable","14":"shipping-taxable","15":"product-type-simple"},"acf":[],"_links":{"self":[{"href":"https:\/\/staging.nbg.eu\/pl\/wp-json\/wp\/v2\/product\/83629","targetHints":{"allow":["GET"]}}],"collection":[{"href":"https:\/\/staging.nbg.eu\/pl\/wp-json\/wp\/v2\/product"}],"about":[{"href":"https:\/\/staging.nbg.eu\/pl\/wp-json\/wp\/v2\/types\/product"}],"wp:featuredmedia":[{"embeddable":true,"href":"https:\/\/staging.nbg.eu\/pl\/wp-json\/wp\/v2\/media\/82198"}],"wp:attachment":[{"href":"https:\/\/staging.nbg.eu\/pl\/wp-json\/wp\/v2\/media?parent=83629"}],"wp:term":[{"taxonomy":"product_brand","embeddable":true,"href":"https:\/\/staging.nbg.eu\/pl\/wp-json\/wp\/v2\/product_brand?post=83629"},{"taxonomy":"product_cat","embeddable":true,"href":"https:\/\/staging.nbg.eu\/pl\/wp-json\/wp\/v2\/product_cat?post=83629"},{"taxonomy":"product_tag","embeddable":true,"href":"https:\/\/staging.nbg.eu\/pl\/wp-json\/wp\/v2\/product_tag?post=83629"}],"curies":[{"name":"wp","href":"https:\/\/api.w.org\/{rel}","templated":true}]}}