{"id":83607,"date":"2024-11-27T16:26:53","date_gmt":"2024-12-17T12:20:50","guid":{"rendered":"https:\/\/staging.nbg.eu\/product\/super-precision-t1-mount-absolute-co-witness-black\/"},"modified":"2024-12-17T12:22:28","modified_gmt":"2024-12-17T12:22:28","slug":"montaz-super-precision-t1-absolute-co-witness-czarny","status":"publish","type":"product","link":"https:\/\/staging.nbg.eu\/pl\/produkt\/montaz-super-precision-t1-absolute-co-witness-czarny\/","title":{"rendered":"Monta\u017c Super Precision T1 &#8211; Absolute Co-Witness &#8211; czarny"},"content":{"rendered":"<h2>Mocowanie T1 &#8211; Wsp\u00f3\u0142osiowe &#8211; Czarne<\/h2>\n<p>Mocowanie T1 przeznaczone do celownik\u00f3w Aimpoint T1 i podobnych. Wykonane z jednego kawa\u0142ka aluminium 7075-T6.<\/p>\n<ul>\n<li>Wysoko\u015b\u0107 wsp\u00f3\u0142osiowa<\/li>\n<li>Czarne wyko\u0144czenie anodowane typu 3<\/li>\n<li>Waga 57 gram\u00f3w<\/li>\n<li>Wykorzystuje zaktualizowan\u0105 metod\u0119 nakr\u0119tki i \u015bruby Geissele<\/li>\n<li>Si\u0142a zacisku 635 kg<\/li>\n<li>3 wypustki tn\u0105ce dla stabilno\u015bci i powrotu do zera<\/li>\n<\/ul>\n<p>Mocowanie T1 zapewnia stabilno\u015b\u0107 monta\u017cu optyki.<\/p>\n","protected":false},"excerpt":{"rendered":"<p>Precyzyjnie wykonane mocowanie T1 zapewniaj\u0105ce idealne wsp\u00f3\u0142osiowe dopasowanie. Wytrzyma\u0142e aluminium, sztywne dopasowanie.<\/p>\n","protected":false},"featured_media":82499,"template":"","meta":{"_acf_changed":false},"product_brand":[11392],"product_cat":[12599,12561],"product_tag":[],"class_list":{"0":"post-83607","1":"product","2":"type-product","3":"status-publish","4":"has-post-thumbnail","6":"product_brand-geissele","7":"product_cat-celownictwo","8":"product_cat-montaze","10":"first","11":"instock","12":"taxable","13":"shipping-taxable","14":"product-type-simple"},"acf":[],"_links":{"self":[{"href":"https:\/\/staging.nbg.eu\/pl\/wp-json\/wp\/v2\/product\/83607","targetHints":{"allow":["GET"]}}],"collection":[{"href":"https:\/\/staging.nbg.eu\/pl\/wp-json\/wp\/v2\/product"}],"about":[{"href":"https:\/\/staging.nbg.eu\/pl\/wp-json\/wp\/v2\/types\/product"}],"wp:featuredmedia":[{"embeddable":true,"href":"https:\/\/staging.nbg.eu\/pl\/wp-json\/wp\/v2\/media\/82499"}],"wp:attachment":[{"href":"https:\/\/staging.nbg.eu\/pl\/wp-json\/wp\/v2\/media?parent=83607"}],"wp:term":[{"taxonomy":"product_brand","embeddable":true,"href":"https:\/\/staging.nbg.eu\/pl\/wp-json\/wp\/v2\/product_brand?post=83607"},{"taxonomy":"product_cat","embeddable":true,"href":"https:\/\/staging.nbg.eu\/pl\/wp-json\/wp\/v2\/product_cat?post=83607"},{"taxonomy":"product_tag","embeddable":true,"href":"https:\/\/staging.nbg.eu\/pl\/wp-json\/wp\/v2\/product_tag?post=83607"}],"curies":[{"name":"wp","href":"https:\/\/api.w.org\/{rel}","templated":true}]}}