{"id":83563,"date":"2024-11-27T08:27:04","date_gmt":"2024-12-17T12:03:36","guid":{"rendered":"https:\/\/staging.nbg.eu\/product\/geissele-ak-trigger-enhanced-with-lightning-bow-akt-el\/"},"modified":"2024-12-17T12:05:13","modified_gmt":"2024-12-17T12:05:13","slug":"mechanizm-spustowy-geissele-ak-enhanced-z-lightning-bow-akt-el","status":"publish","type":"product","link":"https:\/\/staging.nbg.eu\/pl\/produkt\/mechanizm-spustowy-geissele-ak-enhanced-z-lightning-bow-akt-el\/","title":{"rendered":"Mechanizm spustowy Geissele AK Enhanced z Lightning Bow (AKT-EL)"},"content":{"rendered":"<div class=\"product-description\">\n<h2>Geissele AK Trigger Enhanced z Lightning Bow (AKT-EL)<\/h2>\n<p>AKT-EL to jednostopniowy spust do AK47\/AK74. Oferuje on:<\/p>\n<ul>\n<li>Kr\u00f3tszy i p\u0142ynniejszy nacisk spustu<\/li>\n<li>Precyzyjnie wykonany ze stali stopowej jako\u015bci broni<\/li>\n<li>Wyko\u0144czenie fosforanem manganu dla odporno\u015bci na korozj\u0119<\/li>\n<li>Konstrukcja Lightning Bow\u00ae dla lepszej kontroli spustu<\/li>\n<li>Wyprodukowany w USA (North Wales, PA)<\/li>\n<li>Przyczynia si\u0119 do zgodno\u015bci z 922(r) trzema cz\u0119\u015bciami<\/li>\n<\/ul>\n<p><strong>Uwaga:<\/strong> Niekompatybilny z wariantami 12 Gauge i 308 \/ 7.62x54r. Zalecana profesjonalna instalacja dla optymalnej wydajno\u015bci i bezpiecze\u0144stwa.<\/p>\n<\/div>\n","protected":false},"excerpt":{"rendered":"<p>Udoskonalony spust AK z \u0142ukiem b\u0142yskawicznym dla p\u0142ynniejszego, kr\u00f3tszego \u015bci\u0105gni\u0119cia.<\/p>\n","protected":false},"featured_media":82128,"template":"","meta":{"_acf_changed":false},"product_brand":[11392],"product_cat":[12560,12557,12572],"product_tag":[],"class_list":{"0":"post-83563","1":"product","2":"type-product","3":"status-publish","4":"has-post-thumbnail","6":"product_brand-geissele","7":"product_cat-spusty","8":"product_cat-tuning-ak","9":"product_cat-tuning-karabinowy","11":"first","12":"instock","13":"taxable","14":"shipping-taxable","15":"product-type-simple"},"acf":[],"_links":{"self":[{"href":"https:\/\/staging.nbg.eu\/pl\/wp-json\/wp\/v2\/product\/83563","targetHints":{"allow":["GET"]}}],"collection":[{"href":"https:\/\/staging.nbg.eu\/pl\/wp-json\/wp\/v2\/product"}],"about":[{"href":"https:\/\/staging.nbg.eu\/pl\/wp-json\/wp\/v2\/types\/product"}],"wp:featuredmedia":[{"embeddable":true,"href":"https:\/\/staging.nbg.eu\/pl\/wp-json\/wp\/v2\/media\/82128"}],"wp:attachment":[{"href":"https:\/\/staging.nbg.eu\/pl\/wp-json\/wp\/v2\/media?parent=83563"}],"wp:term":[{"taxonomy":"product_brand","embeddable":true,"href":"https:\/\/staging.nbg.eu\/pl\/wp-json\/wp\/v2\/product_brand?post=83563"},{"taxonomy":"product_cat","embeddable":true,"href":"https:\/\/staging.nbg.eu\/pl\/wp-json\/wp\/v2\/product_cat?post=83563"},{"taxonomy":"product_tag","embeddable":true,"href":"https:\/\/staging.nbg.eu\/pl\/wp-json\/wp\/v2\/product_tag?post=83563"}],"curies":[{"name":"wp","href":"https:\/\/api.w.org\/{rel}","templated":true}]}}