{"id":83457,"date":"2024-11-16T09:53:46","date_gmt":"2024-12-16T10:51:42","guid":{"rendered":"https:\/\/staging.nbg.eu\/product\/elcan-specterdr-1x-4x\/"},"modified":"2024-12-16T10:53:52","modified_gmt":"2024-12-16T10:53:52","slug":"elcan-specterdr-1x4x","status":"publish","type":"product","link":"https:\/\/staging.nbg.eu\/pl\/produkt\/elcan-specterdr-1x4x\/","title":{"rendered":"ELCAN SpecterDR 1x\/4x"},"content":{"rendered":"<h2>ELCAN SpecterDR 1x\/4x Podw\u00f3jny Celownik Optyczny<\/h2>\n<p>ELCAN SpecterDR 1x\/4x \u2013 celownik optyczny z podw\u00f3jnym polem widzenia.<\/p>\n<h2>G\u0142\u00f3wne cechy:<\/h2>\n<ul>\n<li>Zintegrowane szyny Picatinny<\/li>\n<li>Obur\u0119czne d\u017awignie zmiany powi\u0119kszenia<\/li>\n<li>Ulepszone pokrywy baterii<\/li>\n<li>Wyko\u0144czenie CERAKOTE\u00ae w kolorze czarnym lub p\u0142askim ciemnoziemistym (FDE)<\/li>\n<li>Natychmiastowe prze\u0142\u0105czanie mi\u0119dzy powi\u0119kszeniem 4x a 1x<\/li>\n<li>Zoptymalizowana \u015bcie\u017cka optyczna i identyczna odleg\u0142o\u015b\u0107 od oka w obu trybach<\/li>\n<li>Pod\u015bwietlany krzy\u017c celowniczy lub czerwona kropka centralna<\/li>\n<li>Du\u017ce pole widzenia w trybie 1x<\/li>\n<li>Wyra\u017any obraz w trybie 4x<\/li>\n<\/ul>\n<h2>Siatki celownicze:<\/h2>\n<ul>\n<li>5.56 (CX5395)<\/li>\n<li>7.62 (CX5396)<\/li>\n<\/ul>\n<h2>Specyfikacja techniczna:<\/h2>\n<ul>\n<li>Powi\u0119kszenie: 4x \/ 1x<\/li>\n<li>Wymiary: 153mm x 68mm x 72mm (nominalne)<\/li>\n<li>Waga: 655g (nominalna)<\/li>\n<li>Siatka celownicza: Balistyczny krzy\u017c o podw\u00f3jnej grubo\u015bci z wybieran\u0105 przez u\u017cytkownika czerwon\u0105 kropk\u0105<\/li>\n<li>Pole widzenia: 26\u00b0 przy 1x, 6,5\u00b0 przy 4x<\/li>\n<li>Odleg\u0142o\u015b\u0107 od oka: 70mm<\/li>\n<li>Bateria: CR2032 (3V litowa)<\/li>\n<li>\u017bywotno\u015b\u0107 baterii: Do 1730 godzin<\/li>\n<li>Zakres regulacji: 120 minut k\u0105towych<\/li>\n<\/ul>\n<h2>Opcjonalny celownik kolimatorowy XOPTEK\u2122 Micro Reflex<\/h2>\n<p>Celownik XOPTEK\u2122 Micro Reflex to lekkie urz\u0105dzenie do szybkiego celowania, odpowiednie do cel\u00f3w bliskiego i \u015bredniego zasi\u0119gu.<\/p>\n<p>ELCAN SpecterDR 1x\/4x jest przeznaczony do profesjonalnego u\u017cytku, oferuj\u0105c rozwi\u0105zanie do \u015bredniego zasi\u0119gu i bliskiej walki.<\/p>\n","protected":false},"excerpt":{"rendered":"<p>ELCAN SpecterDR 1x\/4x: Celownik o podw\u00f3jnej funkcji z natychmiastowym prze\u0142\u0105cznikiem powi\u0119kszenia.<\/p>\n","protected":false},"featured_media":79347,"template":"","meta":{"_acf_changed":false},"product_brand":[11295],"product_cat":[12599,12567],"product_tag":[],"class_list":{"0":"post-83457","1":"product","2":"type-product","3":"status-publish","4":"has-post-thumbnail","6":"product_brand-elcan","7":"product_cat-celownictwo","8":"product_cat-optyka-powiekszajaca","10":"first","11":"instock","12":"taxable","13":"shipping-taxable","14":"purchasable","15":"product-type-variable","16":"wvs-archive-product-wrapper"},"acf":[],"_links":{"self":[{"href":"https:\/\/staging.nbg.eu\/pl\/wp-json\/wp\/v2\/product\/83457","targetHints":{"allow":["GET"]}}],"collection":[{"href":"https:\/\/staging.nbg.eu\/pl\/wp-json\/wp\/v2\/product"}],"about":[{"href":"https:\/\/staging.nbg.eu\/pl\/wp-json\/wp\/v2\/types\/product"}],"wp:featuredmedia":[{"embeddable":true,"href":"https:\/\/staging.nbg.eu\/pl\/wp-json\/wp\/v2\/media\/79347"}],"wp:attachment":[{"href":"https:\/\/staging.nbg.eu\/pl\/wp-json\/wp\/v2\/media?parent=83457"}],"wp:term":[{"taxonomy":"product_brand","embeddable":true,"href":"https:\/\/staging.nbg.eu\/pl\/wp-json\/wp\/v2\/product_brand?post=83457"},{"taxonomy":"product_cat","embeddable":true,"href":"https:\/\/staging.nbg.eu\/pl\/wp-json\/wp\/v2\/product_cat?post=83457"},{"taxonomy":"product_tag","embeddable":true,"href":"https:\/\/staging.nbg.eu\/pl\/wp-json\/wp\/v2\/product_tag?post=83457"}],"curies":[{"name":"wp","href":"https:\/\/api.w.org\/{rel}","templated":true}]}}