{"id":83405,"date":"2024-11-05T08:15:55","date_gmt":"2024-12-16T10:06:40","guid":{"rendered":"https:\/\/staging.nbg.eu\/product\/tinck-arms-semi-automatic-carbine-perun-x17-16\/"},"modified":"2024-12-16T10:08:42","modified_gmt":"2024-12-16T10:08:42","slug":"karabinek-samopowtarzalny-tinck-arms-perun-x17-16","status":"publish","type":"product","link":"https:\/\/staging.nbg.eu\/pl\/produkt\/karabinek-samopowtarzalny-tinck-arms-perun-x17-16\/","title":{"rendered":"Karabinek samopowtarzalny Tinck Arms Perun X17 &#8211; 16&#8243;"},"content":{"rendered":"<div class=\"product-description\">\n<h2>Tinck Arms Perun X17 &#8211; 16&#8243; Karabinek P\u00f3\u0142automatyczny<\/h2>\n<p>Perun X17 to nowa generacja broni palnej, zaprojektowana z my\u015bl\u0105 o przysz\u0142ych potrzebach entuzjast\u00f3w sportu, organ\u00f3w \u015bcigania i personelu wojskowego na ca\u0142ym \u015bwiecie. Ta platforma bazuje na systemie AR10, zawieraj\u0105c nowe funkcje i opatentowany system operacyjny, kt\u00f3ry ustanawia nowe standardy niezawodno\u015bci i \u0142atwo\u015bci konserwacji.<\/p>\n<h2>G\u0142\u00f3wne cechy:<\/h2>\n<ul>\n<li>Wywa\u017cenie i obs\u0142uga dla poprawy celno\u015bci podczas szybkiego ognia<\/li>\n<li>P\u0142ynne strzelanie poprawia og\u00f3ln\u0105 wydajno\u015b\u0107<\/li>\n<li>Wysoka modu\u0142owo\u015b\u0107 i kompatybilno\u015b\u0107 z cz\u0119\u015bciami platformy AR10<\/li>\n<li>Obur\u0119czne kontrolki dla wszechstronnej obs\u0142ugi<\/li>\n<li>Opcja sk\u0142adanej kolby dla zwi\u0119kszenia mobilno\u015bci<\/li>\n<\/ul>\n<h2>Specyfikacja techniczna:<\/h2>\n<table>\n<tr>\n<td>Kaliber:<\/td>\n<td>7,62 x 51mm .308Win, 6,5 Creedmoor<\/td>\n<\/tr>\n<tr>\n<td>System operacyjny:<\/td>\n<td>Zamek obrotowy hybrydowy DI i kr\u00f3tki skok<\/td>\n<\/tr>\n<tr>\n<td>Dzia\u0142anie:<\/td>\n<td>P\u00f3\u0142automatyczne<\/td>\n<\/tr>\n<tr>\n<td>D\u0142ugo\u015b\u0107 (min\/max):<\/td>\n<td>605mm \/ 1040mm<\/td>\n<\/tr>\n<tr>\n<td>Szeroko\u015b\u0107:<\/td>\n<td>56mm (64mm z r\u0105czk\u0105 prze\u0142adowania)<\/td>\n<\/tr>\n<tr>\n<td>Wysoko\u015b\u0107:<\/td>\n<td>210mm (z magazynkiem 10-nabojowym)<\/td>\n<\/tr>\n<tr>\n<td>D\u0142ugo\u015b\u0107 lufy:<\/td>\n<td>16&#8243; (Standardowa kompatybilno\u015b\u0107 AR10)<\/td>\n<\/tr>\n<tr>\n<td>Skok gwintu:<\/td>\n<td>1:12<\/td>\n<\/tr>\n<tr>\n<td>Waga:<\/td>\n<td>3,7kg (z magazynkiem 20-nabojowym)<\/td>\n<\/tr>\n<tr>\n<td>System celowniczy:<\/td>\n<td>Sk\u0142adane przyrz\u0105dy awaryjne (dodatkowe)<\/td>\n<\/tr>\n<tr>\n<td>D\u0142ugo\u015b\u0107 linii celowniczej:<\/td>\n<td>300mm, 340mm<\/td>\n<\/tr>\n<tr>\n<td>Przy\u0142\u0105cze t\u0142umika:<\/td>\n<td>Gwint 5\/8 x 24 zintegrowany z hamulcem wylotowym<\/td>\n<\/tr>\n<tr>\n<td>Urz\u0105dzenie wylotowe:<\/td>\n<td>3-komorowy hamulec wylotowy<\/td>\n<\/tr>\n<tr>\n<td>Szyny NAR:<\/td>\n<td>1+3<\/td>\n<\/tr>\n<tr>\n<td>R\u0105czka prze\u0142adowania:<\/td>\n<td>Nieruchoma<\/td>\n<\/tr>\n<tr>\n<td>Pojemno\u015b\u0107 magazynka:<\/td>\n<td>10, 20, 25 naboj\u00f3w (polimerowy)<\/td>\n<\/tr>\n<tr>\n<td>Opcje kolby:<\/td>\n<td>Sk\u0142adana kolba Masada, rura buforowa AR-15 z kolb\u0105 MFT<\/td>\n","protected":false},"excerpt":{"rendered":"<p>Wszechstronny, niezawodny karabinek 7,62x51mm z luf\u0105 o d\u0142ugo\u015bci 16 cali. P\u0142ynnie strzelaj\u0105ca, modularna platforma AR10.<\/p>\n","protected":false},"featured_media":77492,"template":"","meta":{"_acf_changed":false},"product_brand":[11918],"product_cat":[12623],"product_tag":[],"class_list":{"0":"post-83405","1":"product","2":"type-product","3":"status-publish","4":"has-post-thumbnail","6":"product_brand-tinck-arms","7":"product_cat-karabin","9":"first","10":"instock","11":"taxable","12":"shipping-taxable","13":"purchasable","14":"product-type-simple"},"acf":[],"_links":{"self":[{"href":"https:\/\/staging.nbg.eu\/pl\/wp-json\/wp\/v2\/product\/83405","targetHints":{"allow":["GET"]}}],"collection":[{"href":"https:\/\/staging.nbg.eu\/pl\/wp-json\/wp\/v2\/product"}],"about":[{"href":"https:\/\/staging.nbg.eu\/pl\/wp-json\/wp\/v2\/types\/product"}],"wp:featuredmedia":[{"embeddable":true,"href":"https:\/\/staging.nbg.eu\/pl\/wp-json\/wp\/v2\/media\/77492"}],"wp:attachment":[{"href":"https:\/\/staging.nbg.eu\/pl\/wp-json\/wp\/v2\/media?parent=83405"}],"wp:term":[{"taxonomy":"product_brand","embeddable":true,"href":"https:\/\/staging.nbg.eu\/pl\/wp-json\/wp\/v2\/product_brand?post=83405"},{"taxonomy":"product_cat","embeddable":true,"href":"https:\/\/staging.nbg.eu\/pl\/wp-json\/wp\/v2\/product_cat?post=83405"},{"taxonomy":"product_tag","embeddable":true,"href":"https:\/\/staging.nbg.eu\/pl\/wp-json\/wp\/v2\/product_tag?post=83405"}],"curies":[{"name":"wp","href":"https:\/\/api.w.org\/{rel}","templated":true}]}}