{"id":83383,"date":"2024-11-01T13:52:15","date_gmt":"2024-11-01T13:52:15","guid":{"rendered":"https:\/\/staging.nbg.eu\/product\/daa-target-bag-classic-ipsc-target\/"},"modified":"2024-12-16T09:56:03","modified_gmt":"2024-12-16T09:56:03","slug":"torba-na-tarcze-daa-tarcza-classic-ipsc","status":"publish","type":"product","link":"https:\/\/staging.nbg.eu\/pl\/produkt\/torba-na-tarcze-daa-tarcza-classic-ipsc\/","title":{"rendered":"Torba na tarcze DAA, tarcza Classic (IPSC)"},"content":{"rendered":"<h2>Torba na tarcze DAA, Classic (IPSC)<\/h2>\n<p>Torba DAA na tarcze to rozwi\u0105zanie do przechowywania tarcz. Ta torba dla strzelc\u00f3w zawiera:<\/p>\n<ul>\n<li>Konstrukcja z tkaniny D6000<\/li>\n<li>G\u0142\u00f3wna komora mie\u015bci ponad 20 pe\u0142nowymiarowych tarcz Classic IPSC<\/li>\n<li>Trzy zewn\u0119trzne kieszenie:\n<ul>\n<li>Kiesze\u0144 na aplikator do zaklejania<\/li>\n<li>Kiesze\u0144 na zszywacz<\/li>\n<li>Kiesze\u0144 na ta\u015bm\u0119, zszywki i narz\u0119dzia<\/li>\n<\/ul>\n<\/li>\n<li>Dwa regulowane paski na haki do metalowych tarcz<\/li>\n<li>Pasek na rami\u0119 i wy\u015bcie\u0142any uchwyt<\/li>\n<\/ul>\n<p>Organizuje wszystkie akcesoria zwi\u0105zane z tarczami w jednej torbie. Pozwala na swobodne noszenie innych toreb i amunicji.<\/p>\n","protected":false},"excerpt":{"rendered":"<p>Torba na tarcze DAA: Organizuj i przeno\u015b tarcze IPSC z \u0142atwo\u015bci\u0105.<\/p>\n","protected":false},"featured_media":76236,"template":"","meta":{"_acf_changed":false},"product_brand":[11278],"product_cat":[12590,12636],"product_tag":[],"class_list":{"0":"post-83383","1":"product","2":"type-product","3":"status-publish","4":"has-post-thumbnail","6":"product_brand-doublealpha","7":"product_cat-sprzet","8":"product_cat-torby-strzeleckie","10":"first","11":"outofstock","12":"taxable","13":"shipping-taxable","14":"purchasable","15":"product-type-simple"},"acf":[],"_links":{"self":[{"href":"https:\/\/staging.nbg.eu\/pl\/wp-json\/wp\/v2\/product\/83383","targetHints":{"allow":["GET"]}}],"collection":[{"href":"https:\/\/staging.nbg.eu\/pl\/wp-json\/wp\/v2\/product"}],"about":[{"href":"https:\/\/staging.nbg.eu\/pl\/wp-json\/wp\/v2\/types\/product"}],"wp:featuredmedia":[{"embeddable":true,"href":"https:\/\/staging.nbg.eu\/pl\/wp-json\/wp\/v2\/media\/76236"}],"wp:attachment":[{"href":"https:\/\/staging.nbg.eu\/pl\/wp-json\/wp\/v2\/media?parent=83383"}],"wp:term":[{"taxonomy":"product_brand","embeddable":true,"href":"https:\/\/staging.nbg.eu\/pl\/wp-json\/wp\/v2\/product_brand?post=83383"},{"taxonomy":"product_cat","embeddable":true,"href":"https:\/\/staging.nbg.eu\/pl\/wp-json\/wp\/v2\/product_cat?post=83383"},{"taxonomy":"product_tag","embeddable":true,"href":"https:\/\/staging.nbg.eu\/pl\/wp-json\/wp\/v2\/product_tag?post=83383"}],"curies":[{"name":"wp","href":"https:\/\/api.w.org\/{rel}","templated":true}]}}