{"id":78606,"date":"2024-01-30T18:15:03","date_gmt":"2024-01-30T18:15:03","guid":{"rendered":"https:\/\/staging.nbg.eu\/product\/kmr-w-02-umbra-x\/"},"modified":"2025-02-19T16:16:43","modified_gmt":"2025-02-19T16:16:43","slug":"kmr-w-02-umbra-x","status":"publish","type":"product","link":"https:\/\/staging.nbg.eu\/pl\/produkt\/kmr-w-02-umbra-x\/","title":{"rendered":"KMR W-02 Umbra X"},"content":{"rendered":"<div class=\"product-description\">\n<h2>KMR W-02 Umbra X: Dywizje IDPA<\/h2>\n<p>KMR W-02 Umbra X to lekki pistolet przeznaczony do strzelectwa sportowego i rekreacyjnego. Nadaje si\u0119 do dyscyplin z ograniczeniami wagowymi, takich jak IDPA.<\/p>\n<h2>G\u0142\u00f3wne cechy:<\/h2>\n<ul>\n<li>4,5&#8243; ci\u0119\u017cka, \u017c\u0142obkowana, azotowana lufa z systemem stabilizacji (BRS)<\/li>\n<li>Interfejs gotowy na optyk\u0119 (OR)<\/li>\n<li>Rama ze stali obrabianej CNC<\/li>\n<li>Mechanizm spustowy SA\/DA z kr\u00f3tkim resetem<\/li>\n<li>Pojemno\u015b\u0107 magazynka 16+1 naboj\u00f3w<\/li>\n<li>Chwyty z duraluminium WAVES w kolorze ciemnoczerwonym<\/li>\n<li>Regulowany przycisk zwalniania magazynka z duraluminium<\/li>\n<li>\u015awiat\u0142owodowa muszka (1 mm) i regulowana szczerbinka OR<\/li>\n<li>Azotowana rama i zamek w kolorze czarnym<\/li>\n<\/ul>\n<h2>Specyfikacja:<\/h2>\n<ul>\n<li>Kaliber: 9&#215;19, 9&#215;21<\/li>\n<li>D\u0142ugo\u015b\u0107 ca\u0142kowita: 208 mm<\/li>\n<li>D\u0142ugo\u015b\u0107 lufy: 114 mm<\/li>\n<li>Waga z pustym magazynkiem: 1210 g<\/li>\n<li>Si\u0142a nacisku spustu: 17,5 N (SA) \/ 45 N (DA)<\/li>\n<\/ul>\n<p>KMR W-02 Umbra X jest wyposa\u017cony w akcesoria KMR.<\/p>\n<p>Zestaw zawiera: 3 magazynki, walizk\u0119 KMR, zestaw czyszcz\u0105cy, olej KMR, adapter monta\u017cowy BRS, klucz do regulacji szczerbinki, instrukcj\u0119 obs\u0142ugi i kart\u0119 gwarancyjn\u0105.<\/p>\n<\/div>\n","protected":false},"excerpt":{"rendered":"<p>I apologize, but there is no product description provided in your message for me to translate. If you&#8217;d like me to translate a specific product description to Polish, please provide the text you want translated, and I&#8217;ll be happy to assist you.<\/p>\n","protected":false},"featured_media":76072,"template":"","meta":{"_acf_changed":false},"product_brand":[11510],"product_cat":[12580,12570],"product_tag":[],"class_list":{"0":"post-78606","1":"product","2":"type-product","3":"status-publish","4":"has-post-thumbnail","6":"product_brand-kmr-precision","7":"product_cat-pistolet","8":"product_cat-pistolety","10":"first","11":"outofstock","12":"taxable","13":"shipping-taxable","14":"product-type-simple"},"acf":[],"_links":{"self":[{"href":"https:\/\/staging.nbg.eu\/pl\/wp-json\/wp\/v2\/product\/78606","targetHints":{"allow":["GET"]}}],"collection":[{"href":"https:\/\/staging.nbg.eu\/pl\/wp-json\/wp\/v2\/product"}],"about":[{"href":"https:\/\/staging.nbg.eu\/pl\/wp-json\/wp\/v2\/types\/product"}],"wp:featuredmedia":[{"embeddable":true,"href":"https:\/\/staging.nbg.eu\/pl\/wp-json\/wp\/v2\/media\/76072"}],"wp:attachment":[{"href":"https:\/\/staging.nbg.eu\/pl\/wp-json\/wp\/v2\/media?parent=78606"}],"wp:term":[{"taxonomy":"product_brand","embeddable":true,"href":"https:\/\/staging.nbg.eu\/pl\/wp-json\/wp\/v2\/product_brand?post=78606"},{"taxonomy":"product_cat","embeddable":true,"href":"https:\/\/staging.nbg.eu\/pl\/wp-json\/wp\/v2\/product_cat?post=78606"},{"taxonomy":"product_tag","embeddable":true,"href":"https:\/\/staging.nbg.eu\/pl\/wp-json\/wp\/v2\/product_tag?post=78606"}],"curies":[{"name":"wp","href":"https:\/\/api.w.org\/{rel}","templated":true}]}}