{"id":75447,"date":"2024-10-30T18:55:52","date_gmt":"2024-11-01T09:41:15","guid":{"rendered":"https:\/\/staging.nbg.eu\/product\/rhh-201-iwb-magazine\/"},"modified":"2024-11-01T09:46:18","modified_gmt":"2024-11-01T09:46:18","slug":"magazynek-rhh-201-iwb","status":"publish","type":"product","link":"https:\/\/staging.nbg.eu\/pl\/produkt\/magazynek-rhh-201-iwb\/","title":{"rendered":"# Magazynek Rhh .201 IWB"},"content":{"rendered":"<div class=\"product-description\">\n<h2>Kabura na magazynek Rhh .201 IWB<\/h2>\n<p>Kabura Rhh .201 IWB do noszenia wewn\u0105trz pasa. Cechy:<\/p>\n<ul>\n<li>Konstrukcja z kydexu dopasowana do magazynka<\/li>\n<li>R\u0119cznie ci\u0119te kraw\u0119dzie<\/li>\n<li>Regulowany uchwyt<\/li>\n<li>\u0141atwa do czyszczenia<\/li>\n<li>Grubo\u015b\u0107 2mm, z wytrzyma\u0142ego kydexu<\/li>\n<li>Mo\u017cliwo\u015b\u0107 noszenia w r\u00f3\u017cnych pozycjach na pasie<\/li>\n<li>Do u\u017cytku przez ca\u0142y rok<\/li>\n<li>Dost\u0119pna ze stalowymi klipsami 40mm i 45mm<\/li>\n<li>Opcjonalna os\u0142ona przeciwpotna<\/li>\n<\/ul>\n<p>Zapewnia ukrycie z minimalnym odznaczaniem si\u0119 pod ubraniem. Dla os\u00f3b prawor\u0119cznych, pozycja na godzinie 9.<\/p>\n<\/div>\n","protected":false},"excerpt":{"rendered":"<p>Smuk\u0142a, \u0142atwa do ukrycia kabura na magazynek do noszenia wewn\u0105trz pasa (IWB) z regulowanym uchwytem i ochron\u0105 przed potem.<\/p>\n","protected":false},"featured_media":74452,"template":"","meta":{"_acf_changed":false},"product_brand":[11641],"product_cat":[12577,12566],"product_tag":[],"class_list":{"0":"post-75447","1":"product","2":"type-product","3":"status-publish","4":"has-post-thumbnail","6":"product_brand-rh-holsters","7":"product_cat-kabura","8":"product_cat-ladownice-na-magazynki","9":"pa_belt-size-40mm-pl","10":"pa_model-glock-17-22-31-pl","11":"pa_model-glock-19-23-32-pl","12":"pa_model-glock-26-27-pl","13":"pa_strong-hand-right-pl","15":"first","16":"instock","17":"taxable","18":"shipping-taxable","19":"purchasable","20":"product-type-variable","21":"wvs-archive-product-wrapper"},"acf":[],"_links":{"self":[{"href":"https:\/\/staging.nbg.eu\/pl\/wp-json\/wp\/v2\/product\/75447","targetHints":{"allow":["GET"]}}],"collection":[{"href":"https:\/\/staging.nbg.eu\/pl\/wp-json\/wp\/v2\/product"}],"about":[{"href":"https:\/\/staging.nbg.eu\/pl\/wp-json\/wp\/v2\/types\/product"}],"wp:featuredmedia":[{"embeddable":true,"href":"https:\/\/staging.nbg.eu\/pl\/wp-json\/wp\/v2\/media\/74452"}],"wp:attachment":[{"href":"https:\/\/staging.nbg.eu\/pl\/wp-json\/wp\/v2\/media?parent=75447"}],"wp:term":[{"taxonomy":"product_brand","embeddable":true,"href":"https:\/\/staging.nbg.eu\/pl\/wp-json\/wp\/v2\/product_brand?post=75447"},{"taxonomy":"product_cat","embeddable":true,"href":"https:\/\/staging.nbg.eu\/pl\/wp-json\/wp\/v2\/product_cat?post=75447"},{"taxonomy":"product_tag","embeddable":true,"href":"https:\/\/staging.nbg.eu\/pl\/wp-json\/wp\/v2\/product_tag?post=75447"}],"curies":[{"name":"wp","href":"https:\/\/api.w.org\/{rel}","templated":true}]}}