{"id":75373,"date":"2024-10-30T18:50:16","date_gmt":"2024-11-01T09:27:08","guid":{"rendered":"https:\/\/staging.nbg.eu\/product\/rhh-081-owb-magazine\/"},"modified":"2024-11-01T09:29:16","modified_gmt":"2024-11-01T09:29:16","slug":"rhh-081-owb-magazynek","status":"publish","type":"product","link":"https:\/\/staging.nbg.eu\/pl\/produkt\/rhh-081-owb-magazynek\/","title":{"rendered":"Rhh .081 OWB Magazynek"},"content":{"rendered":"<div class=\"product-description\">\n<h2>Kabura na magazynek Rhh .081 OWB<\/h2>\n<p>Kabura na magazynek Rhh .081 OWB to kabura Kydex zaprojektowana dla wygody i funkcjonalno\u015bci. G\u0142\u00f3wne cechy to:<\/p>\n<ul>\n<li>Konstrukcja z Kydexu o grubo\u015bci 2mm dla trwa\u0142o\u015bci<\/li>\n<li>Formowanie pod wysokim ci\u015bnieniem dla dok\u0142adnego dopasowania magazynka<\/li>\n<li>Ostre wci\u0119cia z g\u0142adkimi, r\u0119cznie ci\u0119tymi kraw\u0119dziami<\/li>\n<li>Opcje wyboru koloru<\/li>\n<li>R\u00f3\u017cne pozycje noszenia (9-7 godzina dla prawor\u0119cznych)<\/li>\n<li>Odpowiednia do strzelnic, kurs\u00f3w szkoleniowych i zawod\u00f3w<\/li>\n<li>Wiele opcji mocowania do pasa: klasyczne p\u0119tle, SpeedLoops lub klipsy MOLLE<\/li>\n<li>Opcjonalna os\u0142ona przeciwpotna dla dodatkowej ochrony<\/li>\n<li>Regulowane napi\u0119cie chwytu<\/li>\n<\/ul>\n<p>Kabura na magazynek Rhh .081 OWB zapewnia dobre trzymanie i \u0142atwo\u015b\u0107 u\u017cycia.<\/p>\n<\/div>\n","protected":false},"excerpt":{"rendered":"<p>Wytrzyma\u0142a kabura OWB z Kydexu na 2 magazynki. Mo\u017cliwo\u015b\u0107 dostosowania, pewne dopasowanie.<\/p>\n","protected":false},"featured_media":74403,"template":"","meta":{"_acf_changed":false},"product_brand":[11641],"product_cat":[12577,12566],"product_tag":[],"class_list":{"0":"post-75373","1":"product","2":"type-product","3":"status-publish","4":"has-post-thumbnail","6":"product_brand-rh-holsters","7":"product_cat-kabura","8":"product_cat-ladownice-na-magazynki","9":"pa_belt-size-40mm-pl","10":"pa_model-1911-pl-2","11":"pa_model-beretta-92x-pl","12":"pa_model-beretta-m9a3-pl","13":"pa_model-glock-17-22-31-pl","14":"pa_model-glock-19-23-32-pl","15":"pa_model-glock-26-27-pl","16":"pa_model-hk45-pl-2","17":"pa_model-sig-sauer-p226-bez-railu-pl","18":"pa_strong-hand-right-pl","20":"first","21":"instock","22":"taxable","23":"shipping-taxable","24":"purchasable","25":"product-type-variable","26":"wvs-archive-product-wrapper"},"acf":[],"_links":{"self":[{"href":"https:\/\/staging.nbg.eu\/pl\/wp-json\/wp\/v2\/product\/75373","targetHints":{"allow":["GET"]}}],"collection":[{"href":"https:\/\/staging.nbg.eu\/pl\/wp-json\/wp\/v2\/product"}],"about":[{"href":"https:\/\/staging.nbg.eu\/pl\/wp-json\/wp\/v2\/types\/product"}],"wp:featuredmedia":[{"embeddable":true,"href":"https:\/\/staging.nbg.eu\/pl\/wp-json\/wp\/v2\/media\/74403"}],"wp:attachment":[{"href":"https:\/\/staging.nbg.eu\/pl\/wp-json\/wp\/v2\/media?parent=75373"}],"wp:term":[{"taxonomy":"product_brand","embeddable":true,"href":"https:\/\/staging.nbg.eu\/pl\/wp-json\/wp\/v2\/product_brand?post=75373"},{"taxonomy":"product_cat","embeddable":true,"href":"https:\/\/staging.nbg.eu\/pl\/wp-json\/wp\/v2\/product_cat?post=75373"},{"taxonomy":"product_tag","embeddable":true,"href":"https:\/\/staging.nbg.eu\/pl\/wp-json\/wp\/v2\/product_tag?post=75373"}],"curies":[{"name":"wp","href":"https:\/\/api.w.org\/{rel}","templated":true}]}}