{"id":75336,"date":"2024-10-30T20:07:58","date_gmt":"2024-10-30T20:07:58","guid":{"rendered":"https:\/\/staging.nbg.eu\/product\/daa-hard-case-large-430\/"},"modified":"2024-11-01T09:08:10","modified_gmt":"2024-11-01T09:08:10","slug":"daa-walizka-twarda-large-430","status":"publish","type":"product","link":"https:\/\/staging.nbg.eu\/pl\/produkt\/daa-walizka-twarda-large-430\/","title":{"rendered":"DAA Walizka Twarda Large-430"},"content":{"rendered":"<div class=\"product-description\">\n<h2>Walizka DAA Hard Case Large-430<\/h2>\n<p>Walizka DAA Hard Case Large-430 z certyfikatem IP67 zapewnia ochron\u0119 dla cennych przedmiot\u00f3w. Nadaje si\u0119 do broni palnej, sprz\u0119tu fotograficznego, wyposa\u017cenia morskiego i innych. Jest przeznaczona do u\u017cytku w trudnych warunkach.<\/p>\n<ul>\n<li>Wodoszczelne uszczelnienie i automatyczny zaw\u00f3r wyr\u00f3wnuj\u0105cy ci\u015bnienie<\/li>\n<li>\u0141atwe w obs\u0142udze podw\u00f3jne zatrzaski i otwory na k\u0142\u00f3dki<\/li>\n<li>System uk\u0142adania w stos z dodatkowymi punktami mocowania<\/li>\n<li>Zawiera 4-cz\u0119\u015bciowy zestaw pianki do dostosowania wn\u0119trza<\/li>\n<li>Dost\u0119pna w kolorze czarnym lub pomara\u0144czowym<\/li>\n<\/ul>\n<p>Wymiary zewn\u0119trzne: 464 x 366 x 176 mm (18,27 x 14,41 x 6,93 cali)<br \/>\n  Wymiary wewn\u0119trzne: 426 x 290 x 159 mm (16,77 x 11,41 x 6,26 cali)<br \/>\n  Waga: 3,1 kg<\/p>\n<\/div>\n","protected":false},"excerpt":{"rendered":"<p>Trwa\u0142a, wodoszczelna skrzynia na cenny sprz\u0119t. Certyfikat IP67, wielofunkcyjna.<\/p>\n","protected":false},"featured_media":74478,"template":"","meta":{"_acf_changed":false},"product_brand":[11278],"product_cat":[12612,12590],"product_tag":[],"class_list":{"0":"post-75336","1":"product","2":"type-product","3":"status-publish","4":"has-post-thumbnail","6":"product_brand-doublealpha","7":"product_cat-futeraly-transportowe","8":"product_cat-sprzet","10":"first","11":"outofstock","12":"taxable","13":"shipping-taxable","14":"purchasable","15":"product-type-simple"},"acf":[],"_links":{"self":[{"href":"https:\/\/staging.nbg.eu\/pl\/wp-json\/wp\/v2\/product\/75336","targetHints":{"allow":["GET"]}}],"collection":[{"href":"https:\/\/staging.nbg.eu\/pl\/wp-json\/wp\/v2\/product"}],"about":[{"href":"https:\/\/staging.nbg.eu\/pl\/wp-json\/wp\/v2\/types\/product"}],"wp:featuredmedia":[{"embeddable":true,"href":"https:\/\/staging.nbg.eu\/pl\/wp-json\/wp\/v2\/media\/74478"}],"wp:attachment":[{"href":"https:\/\/staging.nbg.eu\/pl\/wp-json\/wp\/v2\/media?parent=75336"}],"wp:term":[{"taxonomy":"product_brand","embeddable":true,"href":"https:\/\/staging.nbg.eu\/pl\/wp-json\/wp\/v2\/product_brand?post=75336"},{"taxonomy":"product_cat","embeddable":true,"href":"https:\/\/staging.nbg.eu\/pl\/wp-json\/wp\/v2\/product_cat?post=75336"},{"taxonomy":"product_tag","embeddable":true,"href":"https:\/\/staging.nbg.eu\/pl\/wp-json\/wp\/v2\/product_tag?post=75336"}],"curies":[{"name":"wp","href":"https:\/\/api.w.org\/{rel}","templated":true}]}}