{"id":74931,"date":"2024-10-21T09:31:15","date_gmt":"2024-10-31T11:16:00","guid":{"rendered":"https:\/\/staging.nbg.eu\/product\/grips-kmr-s-dotmatrix-ergo-silver\/"},"modified":"2024-10-31T11:17:32","modified_gmt":"2024-10-31T11:17:32","slug":"rekojesci-kmr-s-dotmatrix-ergo-srebrne","status":"publish","type":"product","link":"https:\/\/staging.nbg.eu\/pl\/produkt\/rekojesci-kmr-s-dotmatrix-ergo-srebrne\/","title":{"rendered":"R\u0118KOJE\u015aCI KMR S DotMatrix &#8211; Ergo Srebrne"},"content":{"rendered":"<h2>GRIPS KMR S DotMatrix &#8211; Ergo Silver<\/h2>\n<p>Chwyty do pistoletu KMR S-02. Wykonane z anodyzowanego duraluminium, te d\u0142ugie chwyty maj\u0105 ergonomiczny kszta\u0142t i wz\u00f3r w kropki dla lepszego trzymania.<\/p>\n<ul>\n<li>Kompatybilne tylko z ram\u0105 KMR S-02 (szeroko\u015b\u0107 26mm)<\/li>\n<li>Konstrukcja z anodyzowanego duraluminium<\/li>\n<li>Ergonomiczny kszta\u0142t<\/li>\n<li>Wz\u00f3r w kropki dla lepszego chwytu<\/li>\n<li>Srebrne wyko\u0144czenie z logo KMR<\/li>\n<li>W zestawie \u015bruby torx do monta\u017cu<\/li>\n<\/ul>\n<p>Chwyty zaprojektowane specjalnie do pistoletu KMR S-02 .22 LR. Niekompatybilne z ramami W-02 lub L-02.<\/p>\n<dl class=\"data-sheet\">\n<dt class=\"name\">Dla broni KMR<\/dt>\n<dd class=\"value\">KMR S-01 LANCE (OR)<br \/>\nKMR S-02 DO 2023<\/dd>\n<dt class=\"name\">Wyb\u00f3r dla broni CZ<\/dt>\n<dd class=\"value\">CZ SHADOW 1<br \/>\nCZ SHADOW 2<br \/>\nCZ SHADOW 2 (OR)<br \/>\nCZ SP-01<\/dd>\n<\/dl>\n","protected":false},"excerpt":{"rendered":"<p>Ergonomiczne srebrne chwyty do pistolet\u00f3w KMR S-02.<br \/>\n0611-03001-0102<\/p>\n","protected":false},"featured_media":73853,"template":"","meta":{"_acf_changed":false},"product_brand":[11510],"product_cat":[12575],"product_tag":[],"class_list":{"0":"post-74931","1":"product","2":"type-product","3":"status-publish","4":"has-post-thumbnail","6":"product_brand-kmr-precision","7":"product_cat-czesci-kmr","9":"first","10":"instock","11":"taxable","12":"shipping-taxable","13":"purchasable","14":"product-type-simple"},"acf":[],"_links":{"self":[{"href":"https:\/\/staging.nbg.eu\/pl\/wp-json\/wp\/v2\/product\/74931","targetHints":{"allow":["GET"]}}],"collection":[{"href":"https:\/\/staging.nbg.eu\/pl\/wp-json\/wp\/v2\/product"}],"about":[{"href":"https:\/\/staging.nbg.eu\/pl\/wp-json\/wp\/v2\/types\/product"}],"wp:featuredmedia":[{"embeddable":true,"href":"https:\/\/staging.nbg.eu\/pl\/wp-json\/wp\/v2\/media\/73853"}],"wp:attachment":[{"href":"https:\/\/staging.nbg.eu\/pl\/wp-json\/wp\/v2\/media?parent=74931"}],"wp:term":[{"taxonomy":"product_brand","embeddable":true,"href":"https:\/\/staging.nbg.eu\/pl\/wp-json\/wp\/v2\/product_brand?post=74931"},{"taxonomy":"product_cat","embeddable":true,"href":"https:\/\/staging.nbg.eu\/pl\/wp-json\/wp\/v2\/product_cat?post=74931"},{"taxonomy":"product_tag","embeddable":true,"href":"https:\/\/staging.nbg.eu\/pl\/wp-json\/wp\/v2\/product_tag?post=74931"}],"curies":[{"name":"wp","href":"https:\/\/api.w.org\/{rel}","templated":true}]}}